{"id":987,"date":"2021-12-02T13:23:30","date_gmt":"2021-12-02T12:23:30","guid":{"rendered":"http:\/\/new.smokingpaper.com\/product\/organic-doble-window\/"},"modified":"2024-03-21T12:42:54","modified_gmt":"2024-03-21T11:42:54","slug":"organic-doble-window","status":"publish","type":"product","link":"https:\/\/www.smokingpaper.com\/es\/producto\/organic-doble-window\/","title":{"rendered":"Papel de liar org\u00e1nico: Doble Window Regular"},"content":{"rendered":"","protected":false},"excerpt":{"rendered":"<p><span style=\"font-weight: 400;\">Librito doble con sistema antideslizante patentado. Nuestro papel m\u00e1s ecol\u00f3gico. El m\u00e1s comprometido y respetuoso con el medio ambiente. Papel elaborado con c\u00e1\u00f1amo 100% CERTIFICADO BIO, cultivado ecol\u00f3gicamente, sin pesticidas, herbicidas o fertilizantes artificiales. Papel sin blanquear (unbleached). Sello TREE FREE, certificando que no se ha talado ning\u00fan \u00e1rbol para su elaboraci\u00f3n, ya que ha sido fabricado \u00edntegramente con pasta de c\u00e1\u00f1amo. Goma de origen vegetal 100% natural, sin colorantes ni otros aditivos. Garantiz\u00e1ndote un mejor pegado con una sola pasada.<\/span><\/p>\n","protected":false},"featured_media":2183,"template":"","meta":{"_acf_changed":false,"inline_featured_image":false},"product_brand":[],"product_cat":[67,68],"product_tag":[],"class_list":{"0":"post-987","1":"product","2":"type-product","3":"status-publish","4":"has-post-thumbnail","6":"product_cat-papeles","7":"product_cat-regular","9":"first","10":"instock","11":"shipping-taxable","12":"product-type-simple"},"acf":[],"yoast_head":"<!-- This site is optimized with the Yoast SEO plugin v26.2 - https:\/\/yoast.com\/wordpress\/plugins\/seo\/ -->\n<title>Papel de liar org\u00e1nico: Doble Window Regular | Smoking Paper<\/title>\n<meta name=\"description\" content=\"Organic Doble Window de Smoking, papel para fumar org\u00e1nico con 120 hojas, este papel combina la claridad y la sostenibilidad. 100% vegetal \u00a1L\u00edate un cigarro ahora!\" \/>\n<meta name=\"robots\" content=\"index, follow, max-snippet:-1, max-image-preview:large, max-video-preview:-1\" \/>\n<link rel=\"canonical\" href=\"https:\/\/www.smokingpaper.com\/es\/producto\/organic-doble-window\/\" \/>\n<meta property=\"og:locale\" content=\"es_ES\" \/>\n<meta property=\"og:type\" content=\"article\" \/>\n<meta property=\"og:title\" content=\"Papel de liar org\u00e1nico: Doble Window Regular | Smoking Paper\" \/>\n<meta property=\"og:description\" content=\"Organic Doble Window de Smoking, papel para fumar org\u00e1nico con 120 hojas, este papel combina la claridad y la sostenibilidad. 100% vegetal \u00a1L\u00edate un cigarro ahora!\" \/>\n<meta property=\"og:url\" content=\"https:\/\/www.smokingpaper.com\/es\/producto\/organic-doble-window\/\" \/>\n<meta property=\"og:site_name\" content=\"Smoking\" \/>\n<meta property=\"article:modified_time\" content=\"2024-03-21T11:42:54+00:00\" \/>\n<meta property=\"og:image\" content=\"https:\/\/www.smokingpaper.com\/wp-content\/uploads\/2021\/12\/Nuevo_proyecto__36_-removebg-preview.png\" \/>\n\t<meta property=\"og:image:width\" content=\"667\" \/>\n\t<meta property=\"og:image:height\" content=\"374\" \/>\n\t<meta property=\"og:image:type\" content=\"image\/png\" \/>\n<meta name=\"twitter:card\" content=\"summary_large_image\" \/>\n<!-- \/ Yoast SEO plugin. -->","yoast_head_json":{"title":"Papel de liar org\u00e1nico: Doble Window Regular | Smoking Paper","description":"Organic Doble Window de Smoking, papel para fumar org\u00e1nico con 120 hojas, este papel combina la claridad y la sostenibilidad. 100% vegetal \u00a1L\u00edate un cigarro ahora!","robots":{"index":"index","follow":"follow","max-snippet":"max-snippet:-1","max-image-preview":"max-image-preview:large","max-video-preview":"max-video-preview:-1"},"canonical":"https:\/\/www.smokingpaper.com\/es\/producto\/organic-doble-window\/","og_locale":"es_ES","og_type":"article","og_title":"Papel de liar org\u00e1nico: Doble Window Regular | Smoking Paper","og_description":"Organic Doble Window de Smoking, papel para fumar org\u00e1nico con 120 hojas, este papel combina la claridad y la sostenibilidad. 100% vegetal \u00a1L\u00edate un cigarro ahora!","og_url":"https:\/\/www.smokingpaper.com\/es\/producto\/organic-doble-window\/","og_site_name":"Smoking","article_modified_time":"2024-03-21T11:42:54+00:00","og_image":[{"width":667,"height":374,"url":"https:\/\/www.smokingpaper.com\/wp-content\/uploads\/2021\/12\/Nuevo_proyecto__36_-removebg-preview.png","type":"image\/png"}],"twitter_card":"summary_large_image","schema":{"@context":"https:\/\/schema.org","@graph":[{"@type":"BreadcrumbList","@id":"https:\/\/www.smokingpaper.com\/es\/producto\/organic-doble-window\/#breadcrumb","itemListElement":[{"@type":"ListItem","position":1,"name":"Home","item":"https:\/\/www.smokingpaper.com\/es\/"},{"@type":"ListItem","position":2,"name":"Productos","item":"https:\/\/www.smokingpaper.com\/es\/shop\/"},{"@type":"ListItem","position":3,"name":"Papel de liar","item":"https:\/\/www.smokingpaper.com\/es\/productos\/papeles\/"},{"@type":"ListItem","position":4,"name":"Papel de liar org\u00e1nico: Doble Window Regular"}]}]}},"_links":{"self":[{"href":"https:\/\/www.smokingpaper.com\/es\/wp-json\/wp\/v2\/product\/987","targetHints":{"allow":["GET"]}}],"collection":[{"href":"https:\/\/www.smokingpaper.com\/es\/wp-json\/wp\/v2\/product"}],"about":[{"href":"https:\/\/www.smokingpaper.com\/es\/wp-json\/wp\/v2\/types\/product"}],"wp:featuredmedia":[{"embeddable":true,"href":"https:\/\/www.smokingpaper.com\/es\/wp-json\/wp\/v2\/media\/2183"}],"wp:attachment":[{"href":"https:\/\/www.smokingpaper.com\/es\/wp-json\/wp\/v2\/media?parent=987"}],"wp:term":[{"taxonomy":"product_brand","embeddable":true,"href":"https:\/\/www.smokingpaper.com\/es\/wp-json\/wp\/v2\/product_brand?post=987"},{"taxonomy":"product_cat","embeddable":true,"href":"https:\/\/www.smokingpaper.com\/es\/wp-json\/wp\/v2\/product_cat?post=987"},{"taxonomy":"product_tag","embeddable":true,"href":"https:\/\/www.smokingpaper.com\/es\/wp-json\/wp\/v2\/product_tag?post=987"}],"curies":[{"name":"wp","href":"https:\/\/api.w.org\/{rel}","templated":true}]}}