{"id":986,"date":"2021-12-02T13:23:29","date_gmt":"2021-12-02T12:23:29","guid":{"rendered":"http:\/\/new.smokingpaper.com\/product\/papel-regular-organic\/"},"modified":"2024-03-21T12:41:16","modified_gmt":"2024-03-21T11:41:16","slug":"organic","status":"publish","type":"product","link":"https:\/\/www.smokingpaper.com\/es\/producto\/organic\/","title":{"rendered":"Papel de liar org\u00e1nico: Regular"},"content":{"rendered":"","protected":false},"excerpt":{"rendered":"<p><b>Smoking Organic dona a TREES FOR THE FUTURE una parte de sus ventas para contribuir a su labor de reforestaci\u00f3n.<\/b><\/p>\n<p><span style=\"font-weight: 400;\">As\u00ed, <\/span><b>con la compra<\/b><span style=\"font-weight: 400;\"> de cualquier producto de la <\/span><b>gama Smoking Organic <\/b><span style=\"font-weight: 400;\">colaboraras en la <\/span><b>plantaci\u00f3n de 50.000\u00a0 \u00e1rboles anuales<\/b><span style=\"font-weight: 400;\">.<\/span><\/p>\n<p><span style=\"font-weight: 400;\">Nuestro papel m\u00e1s ecol\u00f3gico y comprometido con el medio ambiente, con sello TREE FREE que certifica que no se ha talado ning\u00fan \u00e1rbol para su elaboraci\u00f3n ya que se produce 100% de c\u00e1\u00f1amo. Certificado BIO. Papel sin blanquear (unbleached). Goma de origen vegetal 100% natural, sin colorantes ni otros aditivos. Garantiz\u00e1ndote un mejor pegado con una sola pasada. Uno de los primeros en el mercado con <\/span><b>sticky tab<\/b><span style=\"font-weight: 400;\">, adhesivo de gran utilidad para pegar el papel a tu bolsa de tabaco preferida.<\/span><\/p>\n","protected":false},"featured_media":1311,"template":"","meta":{"_acf_changed":false,"inline_featured_image":false},"product_brand":[],"product_cat":[67,68],"product_tag":[],"class_list":{"0":"post-986","1":"product","2":"type-product","3":"status-publish","4":"has-post-thumbnail","6":"product_cat-papeles","7":"product_cat-regular","9":"first","10":"instock","11":"shipping-taxable","12":"product-type-simple"},"acf":[],"yoast_head":"<!-- This site is optimized with the Yoast SEO plugin v26.2 - https:\/\/yoast.com\/wordpress\/plugins\/seo\/ -->\n<title>Papel de liar org\u00e1nico: Regular | Smoking Paper<\/title>\n<meta name=\"description\" content=\"Conoce nuestro papel para liar peque\u00f1o m\u00e1s ecol\u00f3gico y comprometido con el medio ambiente, Regular Organic. Contiene 60 hojas 100% org\u00e1nicas. \u00a1Pru\u00e9balo! \u2705\" \/>\n<meta name=\"robots\" content=\"index, follow, max-snippet:-1, max-image-preview:large, max-video-preview:-1\" \/>\n<link rel=\"canonical\" href=\"https:\/\/www.smokingpaper.com\/es\/producto\/organic\/\" \/>\n<meta property=\"og:locale\" content=\"es_ES\" \/>\n<meta property=\"og:type\" content=\"article\" \/>\n<meta property=\"og:title\" content=\"Papel de liar org\u00e1nico: Regular | Smoking Paper\" \/>\n<meta property=\"og:description\" content=\"Conoce nuestro papel para liar peque\u00f1o m\u00e1s ecol\u00f3gico y comprometido con el medio ambiente, Regular Organic. Contiene 60 hojas 100% org\u00e1nicas. \u00a1Pru\u00e9balo! \u2705\" \/>\n<meta property=\"og:url\" content=\"https:\/\/www.smokingpaper.com\/es\/producto\/organic\/\" \/>\n<meta property=\"og:site_name\" content=\"Smoking\" \/>\n<meta property=\"article:modified_time\" content=\"2024-03-21T11:41:16+00:00\" \/>\n<meta property=\"og:image\" content=\"https:\/\/www.smokingpaper.com\/wp-content\/uploads\/2021\/12\/686x385_924d0-240320171617-removebg-preview.png\" \/>\n\t<meta property=\"og:image:width\" content=\"667\" \/>\n\t<meta property=\"og:image:height\" content=\"374\" \/>\n\t<meta property=\"og:image:type\" content=\"image\/png\" \/>\n<meta name=\"twitter:card\" content=\"summary_large_image\" \/>\n<!-- \/ Yoast SEO plugin. -->","yoast_head_json":{"title":"Papel de liar org\u00e1nico: Regular | Smoking Paper","description":"Conoce nuestro papel para liar peque\u00f1o m\u00e1s ecol\u00f3gico y comprometido con el medio ambiente, Regular Organic. Contiene 60 hojas 100% org\u00e1nicas. \u00a1Pru\u00e9balo! \u2705","robots":{"index":"index","follow":"follow","max-snippet":"max-snippet:-1","max-image-preview":"max-image-preview:large","max-video-preview":"max-video-preview:-1"},"canonical":"https:\/\/www.smokingpaper.com\/es\/producto\/organic\/","og_locale":"es_ES","og_type":"article","og_title":"Papel de liar org\u00e1nico: Regular | Smoking Paper","og_description":"Conoce nuestro papel para liar peque\u00f1o m\u00e1s ecol\u00f3gico y comprometido con el medio ambiente, Regular Organic. Contiene 60 hojas 100% org\u00e1nicas. \u00a1Pru\u00e9balo! \u2705","og_url":"https:\/\/www.smokingpaper.com\/es\/producto\/organic\/","og_site_name":"Smoking","article_modified_time":"2024-03-21T11:41:16+00:00","og_image":[{"width":667,"height":374,"url":"https:\/\/www.smokingpaper.com\/wp-content\/uploads\/2021\/12\/686x385_924d0-240320171617-removebg-preview.png","type":"image\/png"}],"twitter_card":"summary_large_image","schema":{"@context":"https:\/\/schema.org","@graph":[{"@type":"BreadcrumbList","@id":"https:\/\/www.smokingpaper.com\/es\/producto\/organic\/#breadcrumb","itemListElement":[{"@type":"ListItem","position":1,"name":"Home","item":"https:\/\/www.smokingpaper.com\/es\/"},{"@type":"ListItem","position":2,"name":"Productos","item":"https:\/\/www.smokingpaper.com\/es\/shop\/"},{"@type":"ListItem","position":3,"name":"Papel de liar","item":"https:\/\/www.smokingpaper.com\/es\/productos\/papeles\/"},{"@type":"ListItem","position":4,"name":"Papel de liar org\u00e1nico: Regular"}]}]}},"_links":{"self":[{"href":"https:\/\/www.smokingpaper.com\/es\/wp-json\/wp\/v2\/product\/986","targetHints":{"allow":["GET"]}}],"collection":[{"href":"https:\/\/www.smokingpaper.com\/es\/wp-json\/wp\/v2\/product"}],"about":[{"href":"https:\/\/www.smokingpaper.com\/es\/wp-json\/wp\/v2\/types\/product"}],"wp:featuredmedia":[{"embeddable":true,"href":"https:\/\/www.smokingpaper.com\/es\/wp-json\/wp\/v2\/media\/1311"}],"wp:attachment":[{"href":"https:\/\/www.smokingpaper.com\/es\/wp-json\/wp\/v2\/media?parent=986"}],"wp:term":[{"taxonomy":"product_brand","embeddable":true,"href":"https:\/\/www.smokingpaper.com\/es\/wp-json\/wp\/v2\/product_brand?post=986"},{"taxonomy":"product_cat","embeddable":true,"href":"https:\/\/www.smokingpaper.com\/es\/wp-json\/wp\/v2\/product_cat?post=986"},{"taxonomy":"product_tag","embeddable":true,"href":"https:\/\/www.smokingpaper.com\/es\/wp-json\/wp\/v2\/product_tag?post=986"}],"curies":[{"name":"wp","href":"https:\/\/api.w.org\/{rel}","templated":true}]}}