{"id":968,"date":"2021-12-02T13:49:15","date_gmt":"2021-12-02T12:49:15","guid":{"rendered":"http:\/\/new.smokingpaper.com\/product\/regular-brown\/"},"modified":"2024-01-01T16:08:06","modified_gmt":"2024-01-01T15:08:06","slug":"brown-regular","status":"publish","type":"product","link":"https:\/\/www.smokingpaper.com\/es\/producto\/brown-regular\/","title":{"rendered":"Brown Regular"},"content":{"rendered":"","protected":false},"excerpt":{"rendered":"<p>Brown Regular es el librito m\u00e1s sostenible con el medio ambiente. Un papel ultrafino (13 g\/m2) y sin blanquear, pero manteniendo la combusti\u00f3n lenta que quieres en tus cigarrillos. Con una goma de origen vegetal 100% natural, que no tiene colorantes ni otros aditivos. Adem\u00e1s, tiene certificado FSC\u00ae, porque procede de zonas que preservan la Biodiversidad. En este librito tienes 60 hojitas de tama\u00f1o est\u00e1ndar 69 x 37 mm, con adhesivo sticky tab, para pegar el papel a la perfecci\u00f3n<\/p>\n","protected":false},"featured_media":2139,"template":"","meta":{"_acf_changed":false,"inline_featured_image":false},"product_brand":[],"product_cat":[67,68],"product_tag":[],"class_list":{"0":"post-968","1":"product","2":"type-product","3":"status-publish","4":"has-post-thumbnail","6":"product_cat-papeles","7":"product_cat-regular","9":"first","10":"instock","11":"shipping-taxable","12":"product-type-simple"},"acf":[],"yoast_head":"<!-- This site is optimized with the Yoast SEO plugin v26.2 - https:\/\/yoast.com\/wordpress\/plugins\/seo\/ -->\n<title>Papel Regular Brown | Smoking Papel<\/title>\n<meta name=\"description\" content=\"Papel de fumar Regular Brown de Smoking. Con 50 hojas, este papel 100% vegetal. Elige la calidad para fumar. \u00a1Explora ahora y pru\u00e9balo con Smoking! \u2705\" \/>\n<meta name=\"robots\" content=\"index, follow, max-snippet:-1, max-image-preview:large, max-video-preview:-1\" \/>\n<link rel=\"canonical\" href=\"https:\/\/www.smokingpaper.com\/es\/producto\/brown-regular\/\" \/>\n<meta property=\"og:locale\" content=\"es_ES\" \/>\n<meta property=\"og:type\" content=\"article\" \/>\n<meta property=\"og:title\" content=\"Papel Regular Brown | Smoking Papel\" \/>\n<meta property=\"og:description\" content=\"Papel de fumar Regular Brown de Smoking. Con 50 hojas, este papel 100% vegetal. Elige la calidad para fumar. \u00a1Explora ahora y pru\u00e9balo con Smoking! \u2705\" \/>\n<meta property=\"og:url\" content=\"https:\/\/www.smokingpaper.com\/es\/producto\/brown-regular\/\" \/>\n<meta property=\"og:site_name\" content=\"Smoking\" \/>\n<meta property=\"article:modified_time\" content=\"2024-01-01T15:08:06+00:00\" \/>\n<meta property=\"og:image\" content=\"https:\/\/www.smokingpaper.com\/wp-content\/uploads\/2021\/12\/Nuevo_proyecto__24_-removebg-preview.png\" \/>\n\t<meta property=\"og:image:width\" content=\"667\" \/>\n\t<meta property=\"og:image:height\" content=\"374\" \/>\n\t<meta property=\"og:image:type\" content=\"image\/png\" \/>\n<meta name=\"twitter:card\" content=\"summary_large_image\" \/>\n<meta name=\"twitter:label1\" content=\"Tiempo de lectura\" \/>\n\t<meta name=\"twitter:data1\" content=\"1 minuto\" \/>\n<!-- \/ Yoast SEO plugin. -->","yoast_head_json":{"title":"Papel Regular Brown | Smoking Papel","description":"Papel de fumar Regular Brown de Smoking. Con 50 hojas, este papel 100% vegetal. Elige la calidad para fumar. \u00a1Explora ahora y pru\u00e9balo con Smoking! \u2705","robots":{"index":"index","follow":"follow","max-snippet":"max-snippet:-1","max-image-preview":"max-image-preview:large","max-video-preview":"max-video-preview:-1"},"canonical":"https:\/\/www.smokingpaper.com\/es\/producto\/brown-regular\/","og_locale":"es_ES","og_type":"article","og_title":"Papel Regular Brown | Smoking Papel","og_description":"Papel de fumar Regular Brown de Smoking. Con 50 hojas, este papel 100% vegetal. Elige la calidad para fumar. \u00a1Explora ahora y pru\u00e9balo con Smoking! \u2705","og_url":"https:\/\/www.smokingpaper.com\/es\/producto\/brown-regular\/","og_site_name":"Smoking","article_modified_time":"2024-01-01T15:08:06+00:00","og_image":[{"width":667,"height":374,"url":"https:\/\/www.smokingpaper.com\/wp-content\/uploads\/2021\/12\/Nuevo_proyecto__24_-removebg-preview.png","type":"image\/png"}],"twitter_card":"summary_large_image","twitter_misc":{"Tiempo de lectura":"1 minuto"},"schema":{"@context":"https:\/\/schema.org","@graph":[{"@type":"BreadcrumbList","@id":"https:\/\/www.smokingpaper.com\/es\/producto\/brown-regular\/#breadcrumb","itemListElement":[{"@type":"ListItem","position":1,"name":"Home","item":"https:\/\/www.smokingpaper.com\/es\/"},{"@type":"ListItem","position":2,"name":"Productos","item":"https:\/\/www.smokingpaper.com\/es\/shop\/"},{"@type":"ListItem","position":3,"name":"Papel de liar","item":"https:\/\/www.smokingpaper.com\/es\/productos\/papeles\/"},{"@type":"ListItem","position":4,"name":"Brown Regular"}]}]}},"_links":{"self":[{"href":"https:\/\/www.smokingpaper.com\/es\/wp-json\/wp\/v2\/product\/968","targetHints":{"allow":["GET"]}}],"collection":[{"href":"https:\/\/www.smokingpaper.com\/es\/wp-json\/wp\/v2\/product"}],"about":[{"href":"https:\/\/www.smokingpaper.com\/es\/wp-json\/wp\/v2\/types\/product"}],"wp:featuredmedia":[{"embeddable":true,"href":"https:\/\/www.smokingpaper.com\/es\/wp-json\/wp\/v2\/media\/2139"}],"wp:attachment":[{"href":"https:\/\/www.smokingpaper.com\/es\/wp-json\/wp\/v2\/media?parent=968"}],"wp:term":[{"taxonomy":"product_brand","embeddable":true,"href":"https:\/\/www.smokingpaper.com\/es\/wp-json\/wp\/v2\/product_brand?post=968"},{"taxonomy":"product_cat","embeddable":true,"href":"https:\/\/www.smokingpaper.com\/es\/wp-json\/wp\/v2\/product_cat?post=968"},{"taxonomy":"product_tag","embeddable":true,"href":"https:\/\/www.smokingpaper.com\/es\/wp-json\/wp\/v2\/product_tag?post=968"}],"curies":[{"name":"wp","href":"https:\/\/api.w.org\/{rel}","templated":true}]}}