{"id":9462,"date":"2024-03-27T11:08:20","date_gmt":"2024-03-27T10:08:20","guid":{"rendered":"https:\/\/www.smokingpaper.com\/?post_type=product&#038;p=9462"},"modified":"2024-09-26T16:23:39","modified_gmt":"2024-09-26T14:23:39","slug":"bandeja-mystic-monkey","status":"publish","type":"product","link":"https:\/\/www.smokingpaper.com\/es\/producto\/bandeja-mystic-monkey\/","title":{"rendered":"Bandeja Mystic Monkey"},"content":{"rendered":"","protected":false},"excerpt":{"rendered":"<p>Emb\u00e1rcate en un viaje hacia lo desconocido con el poder del Mystic Monkey y transforma la preparaci\u00f3n de tus cigarros en un ritual lleno de magia y sabidur\u00eda. Te presentamos nuestra m\u00e1s reciente obra de arte: la <strong>Bandeja XL Mystic Monkey Rolling Tray<\/strong>, una joya que se une con orgullo a la gama The Creators. Esta bandeja est\u00e1 compuesta de acero, de alta resistencia y presenta colores vivos y \u00fanicos. Evita tirar tabaco, ya que nuestra bandeja XL presenta unos bordes para evitar desperdiciar nada. Descubre todo nuestra gama de bandejas para fumadores en Smoking\u00ae.<\/p>\n","protected":false},"featured_media":9464,"template":"","meta":{"_acf_changed":false,"inline_featured_image":false},"product_brand":[],"product_cat":[775],"product_tag":[],"class_list":{"0":"post-9462","1":"product","2":"type-product","3":"status-publish","4":"has-post-thumbnail","6":"product_cat-bandejas-de-liar","8":"first","9":"instock","10":"shipping-taxable","11":"product-type-simple"},"acf":[],"yoast_head":"<!-- This site is optimized with the Yoast SEO plugin v26.2 - https:\/\/yoast.com\/wordpress\/plugins\/seo\/ -->\n<title>Bandeja XL Mystic Monkey Rolling Tray | Smoking Paper<\/title>\n<meta name=\"description\" content=\"Viaja hacia lo desconocido con el poder de la bandeja Mystic Monkey y transforma la preparaci\u00f3n de tus cigarros en un ritual lleno de magia y sabidur\u00eda\" \/>\n<meta name=\"robots\" content=\"index, follow, max-snippet:-1, max-image-preview:large, max-video-preview:-1\" \/>\n<link rel=\"canonical\" href=\"https:\/\/www.smokingpaper.com\/es\/producto\/bandeja-mystic-monkey\/\" \/>\n<meta property=\"og:locale\" content=\"es_ES\" \/>\n<meta property=\"og:type\" content=\"article\" \/>\n<meta property=\"og:title\" content=\"Bandeja XL Mystic Monkey Rolling Tray | Smoking Paper\" \/>\n<meta property=\"og:description\" content=\"Viaja hacia lo desconocido con el poder de la bandeja Mystic Monkey y transforma la preparaci\u00f3n de tus cigarros en un ritual lleno de magia y sabidur\u00eda\" \/>\n<meta property=\"og:url\" content=\"https:\/\/www.smokingpaper.com\/es\/producto\/bandeja-mystic-monkey\/\" \/>\n<meta property=\"og:site_name\" content=\"Smoking\" \/>\n<meta property=\"article:modified_time\" content=\"2024-09-26T14:23:39+00:00\" \/>\n<meta property=\"og:image\" content=\"https:\/\/www.smokingpaper.com\/wp-content\/uploads\/2024\/03\/Smoking_Bandejas-y-Grindrs-ecommerce_Rolling-tray-XL-Monkey.jpg\" \/>\n\t<meta property=\"og:image:width\" content=\"1277\" \/>\n\t<meta property=\"og:image:height\" content=\"1915\" \/>\n\t<meta property=\"og:image:type\" content=\"image\/jpeg\" \/>\n<meta name=\"twitter:card\" content=\"summary_large_image\" \/>\n<!-- \/ Yoast SEO plugin. -->","yoast_head_json":{"title":"Bandeja XL Mystic Monkey Rolling Tray | Smoking Paper","description":"Viaja hacia lo desconocido con el poder de la bandeja Mystic Monkey y transforma la preparaci\u00f3n de tus cigarros en un ritual lleno de magia y sabidur\u00eda","robots":{"index":"index","follow":"follow","max-snippet":"max-snippet:-1","max-image-preview":"max-image-preview:large","max-video-preview":"max-video-preview:-1"},"canonical":"https:\/\/www.smokingpaper.com\/es\/producto\/bandeja-mystic-monkey\/","og_locale":"es_ES","og_type":"article","og_title":"Bandeja XL Mystic Monkey Rolling Tray | Smoking Paper","og_description":"Viaja hacia lo desconocido con el poder de la bandeja Mystic Monkey y transforma la preparaci\u00f3n de tus cigarros en un ritual lleno de magia y sabidur\u00eda","og_url":"https:\/\/www.smokingpaper.com\/es\/producto\/bandeja-mystic-monkey\/","og_site_name":"Smoking","article_modified_time":"2024-09-26T14:23:39+00:00","og_image":[{"width":1277,"height":1915,"url":"https:\/\/www.smokingpaper.com\/wp-content\/uploads\/2024\/03\/Smoking_Bandejas-y-Grindrs-ecommerce_Rolling-tray-XL-Monkey.jpg","type":"image\/jpeg"}],"twitter_card":"summary_large_image","schema":{"@context":"https:\/\/schema.org","@graph":[{"@type":"BreadcrumbList","@id":"https:\/\/www.smokingpaper.com\/es\/producto\/bandeja-mystic-monkey\/#breadcrumb","itemListElement":[{"@type":"ListItem","position":1,"name":"Home","item":"https:\/\/www.smokingpaper.com\/es\/"},{"@type":"ListItem","position":2,"name":"Productos","item":"https:\/\/www.smokingpaper.com\/es\/shop\/"},{"@type":"ListItem","position":3,"name":"Bandeja de liar","item":"https:\/\/www.smokingpaper.com\/es\/productos\/bandejas-de-liar\/"},{"@type":"ListItem","position":4,"name":"Bandeja Mystic Monkey"}]}]}},"_links":{"self":[{"href":"https:\/\/www.smokingpaper.com\/es\/wp-json\/wp\/v2\/product\/9462","targetHints":{"allow":["GET"]}}],"collection":[{"href":"https:\/\/www.smokingpaper.com\/es\/wp-json\/wp\/v2\/product"}],"about":[{"href":"https:\/\/www.smokingpaper.com\/es\/wp-json\/wp\/v2\/types\/product"}],"wp:featuredmedia":[{"embeddable":true,"href":"https:\/\/www.smokingpaper.com\/es\/wp-json\/wp\/v2\/media\/9464"}],"wp:attachment":[{"href":"https:\/\/www.smokingpaper.com\/es\/wp-json\/wp\/v2\/media?parent=9462"}],"wp:term":[{"taxonomy":"product_brand","embeddable":true,"href":"https:\/\/www.smokingpaper.com\/es\/wp-json\/wp\/v2\/product_brand?post=9462"},{"taxonomy":"product_cat","embeddable":true,"href":"https:\/\/www.smokingpaper.com\/es\/wp-json\/wp\/v2\/product_cat?post=9462"},{"taxonomy":"product_tag","embeddable":true,"href":"https:\/\/www.smokingpaper.com\/es\/wp-json\/wp\/v2\/product_tag?post=9462"}],"curies":[{"name":"wp","href":"https:\/\/api.w.org\/{rel}","templated":true}]}}