{"id":9444,"date":"2024-03-27T10:14:51","date_gmt":"2024-03-27T09:14:51","guid":{"rendered":"https:\/\/www.smokingpaper.com\/?post_type=product&#038;p=9444"},"modified":"2025-05-08T17:33:47","modified_gmt":"2025-05-08T15:33:47","slug":"grinder-euphoria-420","status":"publish","type":"product","link":"https:\/\/www.smokingpaper.com\/es\/producto\/grinder-euphoria-420\/","title":{"rendered":"Grinder Euphoria 420"},"content":{"rendered":"","protected":false},"excerpt":{"rendered":"<p>Celebra el esp\u00edritu libre y natural con nuestro <strong>Grinder Euphoria 420<\/strong>. El acabado en azul profundo, adornado con elementos de la madre naturaleza y la ic\u00f3nica hora del relax, hace que cada uso sea una celebraci\u00f3n de la vida y sus placeres. Este grinder, fiel a la calidad de Smoking\u00ae, es totalmente met\u00e1lico, prometiendo durabilidad y eficacia en la molienda. Consta de cuatro partes funcionales y est\u00e1 listo para convertirse en tu favorito entre nuestra gama de 6 modelos distintos. Sum\u00e9rgete en la vibra tranquila y experta de Euphoria con cada giro.<\/p>\n","protected":false},"featured_media":11554,"template":"","meta":{"_acf_changed":false,"inline_featured_image":false},"product_brand":[],"product_cat":[772],"product_tag":[],"class_list":{"0":"post-9444","1":"product","2":"type-product","3":"status-publish","4":"has-post-thumbnail","6":"product_cat-grinder","8":"first","9":"instock","10":"shipping-taxable","11":"product-type-simple"},"acf":[],"yoast_head":"<!-- This site is optimized with the Yoast SEO plugin v26.2 - https:\/\/yoast.com\/wordpress\/plugins\/seo\/ -->\n<title>Grinder Euphoria 420: Libre y Natural | Smoking Paper<\/title>\n<meta name=\"description\" content=\"Celebra el esp\u00edritu libre y natural con nuestro Grinder Euphoria 420. Azul profundo, con elementos de la madre naturaleza y la ic\u00f3nica hora del relax.\" \/>\n<meta name=\"robots\" content=\"index, follow, max-snippet:-1, max-image-preview:large, max-video-preview:-1\" \/>\n<link rel=\"canonical\" href=\"https:\/\/www.smokingpaper.com\/es\/producto\/grinder-euphoria-420\/\" \/>\n<meta property=\"og:locale\" content=\"es_ES\" \/>\n<meta property=\"og:type\" content=\"article\" \/>\n<meta property=\"og:title\" content=\"Grinder Euphoria 420: Libre y Natural | Smoking Paper\" \/>\n<meta property=\"og:description\" content=\"Celebra el esp\u00edritu libre y natural con nuestro Grinder Euphoria 420. Azul profundo, con elementos de la madre naturaleza y la ic\u00f3nica hora del relax.\" \/>\n<meta property=\"og:url\" content=\"https:\/\/www.smokingpaper.com\/es\/producto\/grinder-euphoria-420\/\" \/>\n<meta property=\"og:site_name\" content=\"Smoking\" \/>\n<meta property=\"article:modified_time\" content=\"2025-05-08T15:33:47+00:00\" \/>\n<meta property=\"og:image\" content=\"https:\/\/www.smokingpaper.com\/wp-content\/uploads\/2024\/03\/Smoking_420-1.png\" \/>\n\t<meta property=\"og:image:width\" content=\"1277\" \/>\n\t<meta property=\"og:image:height\" content=\"1900\" \/>\n\t<meta property=\"og:image:type\" content=\"image\/png\" \/>\n<meta name=\"twitter:card\" content=\"summary_large_image\" \/>\n<!-- \/ Yoast SEO plugin. -->","yoast_head_json":{"title":"Grinder Euphoria 420: Libre y Natural | Smoking Paper","description":"Celebra el esp\u00edritu libre y natural con nuestro Grinder Euphoria 420. Azul profundo, con elementos de la madre naturaleza y la ic\u00f3nica hora del relax.","robots":{"index":"index","follow":"follow","max-snippet":"max-snippet:-1","max-image-preview":"max-image-preview:large","max-video-preview":"max-video-preview:-1"},"canonical":"https:\/\/www.smokingpaper.com\/es\/producto\/grinder-euphoria-420\/","og_locale":"es_ES","og_type":"article","og_title":"Grinder Euphoria 420: Libre y Natural | Smoking Paper","og_description":"Celebra el esp\u00edritu libre y natural con nuestro Grinder Euphoria 420. Azul profundo, con elementos de la madre naturaleza y la ic\u00f3nica hora del relax.","og_url":"https:\/\/www.smokingpaper.com\/es\/producto\/grinder-euphoria-420\/","og_site_name":"Smoking","article_modified_time":"2025-05-08T15:33:47+00:00","og_image":[{"width":1277,"height":1900,"url":"https:\/\/www.smokingpaper.com\/wp-content\/uploads\/2024\/03\/Smoking_420-1.png","type":"image\/png"}],"twitter_card":"summary_large_image","schema":{"@context":"https:\/\/schema.org","@graph":[{"@type":"BreadcrumbList","@id":"https:\/\/www.smokingpaper.com\/es\/producto\/grinder-euphoria-420\/#breadcrumb","itemListElement":[{"@type":"ListItem","position":1,"name":"Home","item":"https:\/\/www.smokingpaper.com\/es\/"},{"@type":"ListItem","position":2,"name":"Productos","item":"https:\/\/www.smokingpaper.com\/es\/shop\/"},{"@type":"ListItem","position":3,"name":"Grinders","item":"https:\/\/www.smokingpaper.com\/es\/productos\/grinder\/"},{"@type":"ListItem","position":4,"name":"Grinder Euphoria 420"}]}]}},"_links":{"self":[{"href":"https:\/\/www.smokingpaper.com\/es\/wp-json\/wp\/v2\/product\/9444","targetHints":{"allow":["GET"]}}],"collection":[{"href":"https:\/\/www.smokingpaper.com\/es\/wp-json\/wp\/v2\/product"}],"about":[{"href":"https:\/\/www.smokingpaper.com\/es\/wp-json\/wp\/v2\/types\/product"}],"wp:featuredmedia":[{"embeddable":true,"href":"https:\/\/www.smokingpaper.com\/es\/wp-json\/wp\/v2\/media\/11554"}],"wp:attachment":[{"href":"https:\/\/www.smokingpaper.com\/es\/wp-json\/wp\/v2\/media?parent=9444"}],"wp:term":[{"taxonomy":"product_brand","embeddable":true,"href":"https:\/\/www.smokingpaper.com\/es\/wp-json\/wp\/v2\/product_brand?post=9444"},{"taxonomy":"product_cat","embeddable":true,"href":"https:\/\/www.smokingpaper.com\/es\/wp-json\/wp\/v2\/product_cat?post=9444"},{"taxonomy":"product_tag","embeddable":true,"href":"https:\/\/www.smokingpaper.com\/es\/wp-json\/wp\/v2\/product_tag?post=9444"}],"curies":[{"name":"wp","href":"https:\/\/api.w.org\/{rel}","templated":true}]}}