{"id":944,"date":"2021-12-03T08:21:44","date_gmt":"2021-12-03T07:21:44","guid":{"rendered":"http:\/\/new.smokingpaper.com\/product\/brown-2\/"},"modified":"2024-01-01T15:34:02","modified_gmt":"2024-01-01T14:34:02","slug":"brown-medium","status":"publish","type":"product","link":"https:\/\/www.smokingpaper.com\/es\/producto\/brown-medium\/","title":{"rendered":"Brown Medium"},"content":{"rendered":"","protected":false},"excerpt":{"rendered":"<div class=\"descripcion\"><span data-sheets-value=\"{&quot;1&quot;:2,&quot;2&quot;:&quot;Con Brown Medium tienes un librito de 50 hojas, ideal para nuestro formato MEDIUM. Adem\u00e1s, es papel sin blanquear, por lo que es m\u00e1s sostenible. En tama\u00f1o 77 x 44 mm y de acabado ultrafino, te ofrece m\u00e1xima transparencia y una combusti\u00f3n lenta. Tambi\u00e9n lleva goma de origen vegetal 100% natural para un pegado m\u00e1s eficaz y r\u00e1pido, adem\u00e1s de certificado FSC\u00ae, porque viene de plantaciones que respetan la Biodiversidad.&quot;}\" data-sheets-userformat=\"{&quot;2&quot;:1319869,&quot;3&quot;:{&quot;1&quot;:0},&quot;5&quot;:{&quot;1&quot;:[{&quot;1&quot;:2,&quot;2&quot;:0,&quot;5&quot;:{&quot;1&quot;:2,&quot;2&quot;:0}},{&quot;1&quot;:0,&quot;2&quot;:0,&quot;3&quot;:3},{&quot;1&quot;:1,&quot;2&quot;:0,&quot;4&quot;:1}]},&quot;6&quot;:{&quot;1&quot;:[{&quot;1&quot;:2,&quot;2&quot;:0,&quot;5&quot;:{&quot;1&quot;:2,&quot;2&quot;:0}},{&quot;1&quot;:0,&quot;2&quot;:0,&quot;3&quot;:3},{&quot;1&quot;:1,&quot;2&quot;:0,&quot;4&quot;:1}]},&quot;7&quot;:{&quot;1&quot;:[{&quot;1&quot;:2,&quot;2&quot;:0,&quot;5&quot;:{&quot;1&quot;:2,&quot;2&quot;:0}},{&quot;1&quot;:0,&quot;2&quot;:0,&quot;3&quot;:3},{&quot;1&quot;:1,&quot;2&quot;:0,&quot;4&quot;:1}]},&quot;8&quot;:{&quot;1&quot;:[{&quot;1&quot;:2,&quot;2&quot;:0,&quot;5&quot;:{&quot;1&quot;:2,&quot;2&quot;:0}},{&quot;1&quot;:0,&quot;2&quot;:0,&quot;3&quot;:3},{&quot;1&quot;:1,&quot;2&quot;:0,&quot;4&quot;:1}]},&quot;10&quot;:1,&quot;11&quot;:4,&quot;12&quot;:0,&quot;16&quot;:10,&quot;21&quot;:0,&quot;23&quot;:2}\">Con Brown Medium tienes un librito de 50 hojas, ideal para nuestro formato MEDIUM. Adem\u00e1s, es papel sin blanquear, por lo que es m\u00e1s sostenible. En tama\u00f1o 77 x 44 mm y de acabado ultrafino, te ofrece m\u00e1xima transparencia y una combusti\u00f3n lenta. Tambi\u00e9n lleva goma de origen vegetal 100% natural para un pegado m\u00e1s eficaz y r\u00e1pido, adem\u00e1s de certificado FSC\u00ae, porque viene de plantaciones que respetan la Biodiversidad.<\/span><\/div>\n","protected":false},"featured_media":1275,"template":"","meta":{"_acf_changed":false,"inline_featured_image":false},"product_brand":[],"product_cat":[67,101],"product_tag":[],"class_list":{"0":"post-944","1":"product","2":"type-product","3":"status-publish","4":"has-post-thumbnail","6":"product_cat-papeles","7":"product_cat-medium","9":"first","10":"instock","11":"shipping-taxable","12":"product-type-simple"},"acf":[],"yoast_head":"<!-- This site is optimized with the Yoast SEO plugin v26.2 - https:\/\/yoast.com\/wordpress\/plugins\/seo\/ -->\n<title>Papel Medium Brown | Smoking Paper<\/title>\n<meta name=\"description\" content=\"Encuentra el libro de papel perfecto con el Papel Brown Medium de Smoking. Con 50 hojas, ofrece finura y durabilidad al fumar.\u00a1Desc\u00fabrelo y pru\u00e9balo ahora!\" \/>\n<meta name=\"robots\" content=\"index, follow, max-snippet:-1, max-image-preview:large, max-video-preview:-1\" \/>\n<link rel=\"canonical\" href=\"https:\/\/www.smokingpaper.com\/es\/producto\/brown-medium\/\" \/>\n<meta property=\"og:locale\" content=\"es_ES\" \/>\n<meta property=\"og:type\" content=\"article\" \/>\n<meta property=\"og:title\" content=\"Papel Medium Brown | Smoking Paper\" \/>\n<meta property=\"og:description\" content=\"Encuentra el libro de papel perfecto con el Papel Brown Medium de Smoking. Con 50 hojas, ofrece finura y durabilidad al fumar.\u00a1Desc\u00fabrelo y pru\u00e9balo ahora!\" \/>\n<meta property=\"og:url\" content=\"https:\/\/www.smokingpaper.com\/es\/producto\/brown-medium\/\" \/>\n<meta property=\"og:site_name\" content=\"Smoking\" \/>\n<meta property=\"article:modified_time\" content=\"2024-01-01T14:34:02+00:00\" \/>\n<meta property=\"og:image\" content=\"https:\/\/www.smokingpaper.com\/wp-content\/uploads\/2021\/12\/686x385_39c0a-240320171219-removebg-preview.png\" \/>\n\t<meta property=\"og:image:width\" content=\"667\" \/>\n\t<meta property=\"og:image:height\" content=\"374\" \/>\n\t<meta property=\"og:image:type\" content=\"image\/png\" \/>\n<meta name=\"twitter:card\" content=\"summary_large_image\" \/>\n<meta name=\"twitter:label1\" content=\"Tiempo de lectura\" \/>\n\t<meta name=\"twitter:data1\" content=\"1 minuto\" \/>\n<!-- \/ Yoast SEO plugin. -->","yoast_head_json":{"title":"Papel Medium Brown | Smoking Paper","description":"Encuentra el libro de papel perfecto con el Papel Brown Medium de Smoking. Con 50 hojas, ofrece finura y durabilidad al fumar.\u00a1Desc\u00fabrelo y pru\u00e9balo ahora!","robots":{"index":"index","follow":"follow","max-snippet":"max-snippet:-1","max-image-preview":"max-image-preview:large","max-video-preview":"max-video-preview:-1"},"canonical":"https:\/\/www.smokingpaper.com\/es\/producto\/brown-medium\/","og_locale":"es_ES","og_type":"article","og_title":"Papel Medium Brown | Smoking Paper","og_description":"Encuentra el libro de papel perfecto con el Papel Brown Medium de Smoking. Con 50 hojas, ofrece finura y durabilidad al fumar.\u00a1Desc\u00fabrelo y pru\u00e9balo ahora!","og_url":"https:\/\/www.smokingpaper.com\/es\/producto\/brown-medium\/","og_site_name":"Smoking","article_modified_time":"2024-01-01T14:34:02+00:00","og_image":[{"width":667,"height":374,"url":"https:\/\/www.smokingpaper.com\/wp-content\/uploads\/2021\/12\/686x385_39c0a-240320171219-removebg-preview.png","type":"image\/png"}],"twitter_card":"summary_large_image","twitter_misc":{"Tiempo de lectura":"1 minuto"},"schema":{"@context":"https:\/\/schema.org","@graph":[{"@type":"BreadcrumbList","@id":"https:\/\/www.smokingpaper.com\/es\/producto\/brown-medium\/#breadcrumb","itemListElement":[{"@type":"ListItem","position":1,"name":"Home","item":"https:\/\/www.smokingpaper.com\/es\/"},{"@type":"ListItem","position":2,"name":"Productos","item":"https:\/\/www.smokingpaper.com\/es\/shop\/"},{"@type":"ListItem","position":3,"name":"Papel de liar","item":"https:\/\/www.smokingpaper.com\/es\/productos\/papeles\/"},{"@type":"ListItem","position":4,"name":"Brown Medium"}]}]}},"_links":{"self":[{"href":"https:\/\/www.smokingpaper.com\/es\/wp-json\/wp\/v2\/product\/944","targetHints":{"allow":["GET"]}}],"collection":[{"href":"https:\/\/www.smokingpaper.com\/es\/wp-json\/wp\/v2\/product"}],"about":[{"href":"https:\/\/www.smokingpaper.com\/es\/wp-json\/wp\/v2\/types\/product"}],"wp:featuredmedia":[{"embeddable":true,"href":"https:\/\/www.smokingpaper.com\/es\/wp-json\/wp\/v2\/media\/1275"}],"wp:attachment":[{"href":"https:\/\/www.smokingpaper.com\/es\/wp-json\/wp\/v2\/media?parent=944"}],"wp:term":[{"taxonomy":"product_brand","embeddable":true,"href":"https:\/\/www.smokingpaper.com\/es\/wp-json\/wp\/v2\/product_brand?post=944"},{"taxonomy":"product_cat","embeddable":true,"href":"https:\/\/www.smokingpaper.com\/es\/wp-json\/wp\/v2\/product_cat?post=944"},{"taxonomy":"product_tag","embeddable":true,"href":"https:\/\/www.smokingpaper.com\/es\/wp-json\/wp\/v2\/product_tag?post=944"}],"curies":[{"name":"wp","href":"https:\/\/api.w.org\/{rel}","templated":true}]}}