{"id":9434,"date":"2024-03-27T09:54:53","date_gmt":"2024-03-27T08:54:53","guid":{"rendered":"https:\/\/www.smokingpaper.com\/grinder-euphoria-planet-copy\/"},"modified":"2024-09-26T16:16:46","modified_gmt":"2024-09-26T14:16:46","slug":"grinder-euphoria-alien","status":"publish","type":"product","link":"https:\/\/www.smokingpaper.com\/es\/producto\/grinder-euphoria-alien\/","title":{"rendered":"Grinder Euphoria Alien"},"content":{"rendered":"","protected":false},"excerpt":{"rendered":"<p>Abducci\u00f3n de calidad asegurada con el <strong>Grinder Euphoria Alien<\/strong>. El acabado en rojo cereza de este grinder no es lo \u00fanico que captura la atenci\u00f3n; el dise\u00f1o de un visitante c\u00f3smico te garantiza una experiencia fuera de este mundo. Completo con un duradero armaz\u00f3n met\u00e1lico y un sistema que divide la trituraci\u00f3n, almacenamiento y recolecci\u00f3n de polen, este grinder es el compa\u00f1ero perfecto para una sesi\u00f3n espacial. No te pierdas la oportunidad de explorar los 6 modelos de la colecci\u00f3n Euphoria.<\/p>\n","protected":false},"featured_media":9439,"template":"","meta":{"_acf_changed":false,"inline_featured_image":false},"product_brand":[],"product_cat":[772],"product_tag":[],"class_list":{"0":"post-9434","1":"product","2":"type-product","3":"status-publish","4":"has-post-thumbnail","6":"product_cat-grinder","8":"first","9":"instock","10":"shipping-taxable","11":"product-type-simple"},"acf":[],"yoast_head":"<!-- This site is optimized with the Yoast SEO plugin v26.2 - https:\/\/yoast.com\/wordpress\/plugins\/seo\/ -->\n<title>Grinder Euphoria Alien: Experiencia Alien\u00edgena | Smoking Paper<\/title>\n<meta name=\"description\" content=\"Abducci\u00f3n de calidad asegurada con el Grinder Euphoria Alien. El dise\u00f1o de un visitante c\u00f3smico te garantiza una experiencia fuera de este mundo.\" \/>\n<meta name=\"robots\" content=\"index, follow, max-snippet:-1, max-image-preview:large, max-video-preview:-1\" \/>\n<link rel=\"canonical\" href=\"https:\/\/www.smokingpaper.com\/es\/producto\/grinder-euphoria-alien\/\" \/>\n<meta property=\"og:locale\" content=\"es_ES\" \/>\n<meta property=\"og:type\" content=\"article\" \/>\n<meta property=\"og:title\" content=\"Grinder Euphoria Alien: Experiencia Alien\u00edgena | Smoking Paper\" \/>\n<meta property=\"og:description\" content=\"Abducci\u00f3n de calidad asegurada con el Grinder Euphoria Alien. El dise\u00f1o de un visitante c\u00f3smico te garantiza una experiencia fuera de este mundo.\" \/>\n<meta property=\"og:url\" content=\"https:\/\/www.smokingpaper.com\/es\/producto\/grinder-euphoria-alien\/\" \/>\n<meta property=\"og:site_name\" content=\"Smoking\" \/>\n<meta property=\"article:modified_time\" content=\"2024-09-26T14:16:46+00:00\" \/>\n<meta property=\"og:image\" content=\"https:\/\/www.smokingpaper.com\/wp-content\/uploads\/2024\/03\/Smoking_Bandejas-y-Grindrs-ecommerce_Euphoria-2.jpg\" \/>\n\t<meta property=\"og:image:width\" content=\"1277\" \/>\n\t<meta property=\"og:image:height\" content=\"1915\" \/>\n\t<meta property=\"og:image:type\" content=\"image\/jpeg\" \/>\n<meta name=\"twitter:card\" content=\"summary_large_image\" \/>\n<!-- \/ Yoast SEO plugin. -->","yoast_head_json":{"title":"Grinder Euphoria Alien: Experiencia Alien\u00edgena | Smoking Paper","description":"Abducci\u00f3n de calidad asegurada con el Grinder Euphoria Alien. El dise\u00f1o de un visitante c\u00f3smico te garantiza una experiencia fuera de este mundo.","robots":{"index":"index","follow":"follow","max-snippet":"max-snippet:-1","max-image-preview":"max-image-preview:large","max-video-preview":"max-video-preview:-1"},"canonical":"https:\/\/www.smokingpaper.com\/es\/producto\/grinder-euphoria-alien\/","og_locale":"es_ES","og_type":"article","og_title":"Grinder Euphoria Alien: Experiencia Alien\u00edgena | Smoking Paper","og_description":"Abducci\u00f3n de calidad asegurada con el Grinder Euphoria Alien. El dise\u00f1o de un visitante c\u00f3smico te garantiza una experiencia fuera de este mundo.","og_url":"https:\/\/www.smokingpaper.com\/es\/producto\/grinder-euphoria-alien\/","og_site_name":"Smoking","article_modified_time":"2024-09-26T14:16:46+00:00","og_image":[{"width":1277,"height":1915,"url":"https:\/\/www.smokingpaper.com\/wp-content\/uploads\/2024\/03\/Smoking_Bandejas-y-Grindrs-ecommerce_Euphoria-2.jpg","type":"image\/jpeg"}],"twitter_card":"summary_large_image","schema":{"@context":"https:\/\/schema.org","@graph":[{"@type":"BreadcrumbList","@id":"https:\/\/www.smokingpaper.com\/es\/producto\/grinder-euphoria-alien\/#breadcrumb","itemListElement":[{"@type":"ListItem","position":1,"name":"Home","item":"https:\/\/www.smokingpaper.com\/es\/"},{"@type":"ListItem","position":2,"name":"Productos","item":"https:\/\/www.smokingpaper.com\/es\/shop\/"},{"@type":"ListItem","position":3,"name":"Grinders","item":"https:\/\/www.smokingpaper.com\/es\/productos\/grinder\/"},{"@type":"ListItem","position":4,"name":"Grinder Euphoria Alien"}]}]}},"_links":{"self":[{"href":"https:\/\/www.smokingpaper.com\/es\/wp-json\/wp\/v2\/product\/9434","targetHints":{"allow":["GET"]}}],"collection":[{"href":"https:\/\/www.smokingpaper.com\/es\/wp-json\/wp\/v2\/product"}],"about":[{"href":"https:\/\/www.smokingpaper.com\/es\/wp-json\/wp\/v2\/types\/product"}],"wp:featuredmedia":[{"embeddable":true,"href":"https:\/\/www.smokingpaper.com\/es\/wp-json\/wp\/v2\/media\/9439"}],"wp:attachment":[{"href":"https:\/\/www.smokingpaper.com\/es\/wp-json\/wp\/v2\/media?parent=9434"}],"wp:term":[{"taxonomy":"product_brand","embeddable":true,"href":"https:\/\/www.smokingpaper.com\/es\/wp-json\/wp\/v2\/product_brand?post=9434"},{"taxonomy":"product_cat","embeddable":true,"href":"https:\/\/www.smokingpaper.com\/es\/wp-json\/wp\/v2\/product_cat?post=9434"},{"taxonomy":"product_tag","embeddable":true,"href":"https:\/\/www.smokingpaper.com\/es\/wp-json\/wp\/v2\/product_tag?post=9434"}],"curies":[{"name":"wp","href":"https:\/\/api.w.org\/{rel}","templated":true}]}}