{"id":943,"date":"2021-12-03T08:21:45","date_gmt":"2021-12-03T07:21:45","guid":{"rendered":"http:\/\/new.smokingpaper.com\/product\/medium-brown-bloc-300\/"},"modified":"2024-01-02T00:55:29","modified_gmt":"2024-01-01T23:55:29","slug":"medium-brown-bloc-300","status":"publish","type":"product","link":"https:\/\/www.smokingpaper.com\/es\/producto\/medium-brown-bloc-300\/","title":{"rendered":"Brown Bloc 300 Medium"},"content":{"rendered":"","protected":false},"excerpt":{"rendered":"<div class=\"descripcion\">\n<div class=\"descripcion\"><span data-sheets-value=\"{&quot;1&quot;:2,&quot;2&quot;:&quot;Un librito de hojas de fumar para los que saben qu\u00e9 les gusta. El Brown Bloc 300 Medium tiene el formato cl\u00e1sico de hojas planas sin entrelazar, pero sin blanquear, es decir que es m\u00e1s sostenible con el medio ambiente. Adem\u00e1s, las 300 hojas que incluye son de un papel ultrafino de 13 g\/m2, para m\u00e1xima transparencia y total resistencia. De combusti\u00f3n lenta y certificado FSC\u00ae, as\u00ed como goma 100% natural vegetal, que no lleva colorantes ni aditivos para un mejor pegado a la primera pasada.&quot;}\" data-sheets-userformat=\"{&quot;2&quot;:1319869,&quot;3&quot;:{&quot;1&quot;:0},&quot;5&quot;:{&quot;1&quot;:[{&quot;1&quot;:2,&quot;2&quot;:0,&quot;5&quot;:{&quot;1&quot;:2,&quot;2&quot;:0}},{&quot;1&quot;:0,&quot;2&quot;:0,&quot;3&quot;:3},{&quot;1&quot;:1,&quot;2&quot;:0,&quot;4&quot;:1}]},&quot;6&quot;:{&quot;1&quot;:[{&quot;1&quot;:2,&quot;2&quot;:0,&quot;5&quot;:{&quot;1&quot;:2,&quot;2&quot;:0}},{&quot;1&quot;:0,&quot;2&quot;:0,&quot;3&quot;:3},{&quot;1&quot;:1,&quot;2&quot;:0,&quot;4&quot;:1}]},&quot;7&quot;:{&quot;1&quot;:[{&quot;1&quot;:2,&quot;2&quot;:0,&quot;5&quot;:{&quot;1&quot;:2,&quot;2&quot;:0}},{&quot;1&quot;:0,&quot;2&quot;:0,&quot;3&quot;:3},{&quot;1&quot;:1,&quot;2&quot;:0,&quot;4&quot;:1}]},&quot;8&quot;:{&quot;1&quot;:[{&quot;1&quot;:2,&quot;2&quot;:0,&quot;5&quot;:{&quot;1&quot;:2,&quot;2&quot;:0}},{&quot;1&quot;:0,&quot;2&quot;:0,&quot;3&quot;:3},{&quot;1&quot;:1,&quot;2&quot;:0,&quot;4&quot;:1}]},&quot;10&quot;:1,&quot;11&quot;:4,&quot;12&quot;:0,&quot;16&quot;:10,&quot;21&quot;:0,&quot;23&quot;:2}\">Un librito de hojas de fumar para los que saben qu\u00e9 les gusta. El Brown Bloc 300 Medium tiene el formato cl\u00e1sico de hojas planas sin entrelazar, pero sin blanquear, es decir que es m\u00e1s sostenible con el medio ambiente. Adem\u00e1s, las 300 hojas que incluye son de un papel ultrafino de 13 g\/m2, para m\u00e1xima transparencia y total resistencia. De combusti\u00f3n lenta y certificado FSC\u00ae, as\u00ed como goma 100% natural vegetal, que no lleva colorantes ni aditivos para un mejor pegado a la primera pasada.<\/span><\/div>\n<\/div>\n","protected":false},"featured_media":4509,"template":"","meta":{"_acf_changed":false,"inline_featured_image":false},"product_brand":[],"product_cat":[67,101],"product_tag":[],"class_list":{"0":"post-943","1":"product","2":"type-product","3":"status-publish","4":"has-post-thumbnail","6":"product_cat-papeles","7":"product_cat-medium","9":"first","10":"instock","11":"shipping-taxable","12":"product-type-simple"},"acf":[],"yoast_head":"<!-- This site is optimized with the Yoast SEO plugin v26.2 - https:\/\/yoast.com\/wordpress\/plugins\/seo\/ -->\n<title>Papel Medium Brown Bloc 300 | Smoking Paper<\/title>\n<meta name=\"description\" content=\"Papel de liar Medium Brown Bloc 300 de Smoking. Con 300 hojas de calidad, este bloc es aut\u00e9ntico sabor de la calle. \u00a1Smoking, donde cada fumada cuenta! \u2705\" \/>\n<meta name=\"robots\" content=\"index, follow, max-snippet:-1, max-image-preview:large, max-video-preview:-1\" \/>\n<link rel=\"canonical\" href=\"https:\/\/www.smokingpaper.com\/es\/producto\/medium-brown-bloc-300\/\" \/>\n<meta property=\"og:locale\" content=\"es_ES\" \/>\n<meta property=\"og:type\" content=\"article\" \/>\n<meta property=\"og:title\" content=\"Papel Medium Brown Bloc 300 | Smoking Paper\" \/>\n<meta property=\"og:description\" content=\"Papel de liar Medium Brown Bloc 300 de Smoking. Con 300 hojas de calidad, este bloc es aut\u00e9ntico sabor de la calle. \u00a1Smoking, donde cada fumada cuenta! \u2705\" \/>\n<meta property=\"og:url\" content=\"https:\/\/www.smokingpaper.com\/es\/producto\/medium-brown-bloc-300\/\" \/>\n<meta property=\"og:site_name\" content=\"Smoking\" \/>\n<meta property=\"article:modified_time\" content=\"2024-01-01T23:55:29+00:00\" \/>\n<meta property=\"og:image\" content=\"https:\/\/www.smokingpaper.com\/wp-content\/uploads\/2021\/12\/Brown_bloc.png\" \/>\n\t<meta property=\"og:image:width\" content=\"667\" \/>\n\t<meta property=\"og:image:height\" content=\"374\" \/>\n\t<meta property=\"og:image:type\" content=\"image\/png\" \/>\n<meta name=\"twitter:card\" content=\"summary_large_image\" \/>\n<meta name=\"twitter:label1\" content=\"Tiempo de lectura\" \/>\n\t<meta name=\"twitter:data1\" content=\"1 minuto\" \/>\n<!-- \/ Yoast SEO plugin. -->","yoast_head_json":{"title":"Papel Medium Brown Bloc 300 | Smoking Paper","description":"Papel de liar Medium Brown Bloc 300 de Smoking. Con 300 hojas de calidad, este bloc es aut\u00e9ntico sabor de la calle. \u00a1Smoking, donde cada fumada cuenta! \u2705","robots":{"index":"index","follow":"follow","max-snippet":"max-snippet:-1","max-image-preview":"max-image-preview:large","max-video-preview":"max-video-preview:-1"},"canonical":"https:\/\/www.smokingpaper.com\/es\/producto\/medium-brown-bloc-300\/","og_locale":"es_ES","og_type":"article","og_title":"Papel Medium Brown Bloc 300 | Smoking Paper","og_description":"Papel de liar Medium Brown Bloc 300 de Smoking. Con 300 hojas de calidad, este bloc es aut\u00e9ntico sabor de la calle. \u00a1Smoking, donde cada fumada cuenta! \u2705","og_url":"https:\/\/www.smokingpaper.com\/es\/producto\/medium-brown-bloc-300\/","og_site_name":"Smoking","article_modified_time":"2024-01-01T23:55:29+00:00","og_image":[{"width":667,"height":374,"url":"https:\/\/www.smokingpaper.com\/wp-content\/uploads\/2021\/12\/Brown_bloc.png","type":"image\/png"}],"twitter_card":"summary_large_image","twitter_misc":{"Tiempo de lectura":"1 minuto"},"schema":{"@context":"https:\/\/schema.org","@graph":[{"@type":"BreadcrumbList","@id":"https:\/\/www.smokingpaper.com\/es\/producto\/medium-brown-bloc-300\/#breadcrumb","itemListElement":[{"@type":"ListItem","position":1,"name":"Home","item":"https:\/\/www.smokingpaper.com\/es\/"},{"@type":"ListItem","position":2,"name":"Productos","item":"https:\/\/www.smokingpaper.com\/es\/shop\/"},{"@type":"ListItem","position":3,"name":"Papel de liar","item":"https:\/\/www.smokingpaper.com\/es\/productos\/papeles\/"},{"@type":"ListItem","position":4,"name":"Brown Bloc 300 Medium"}]}]}},"_links":{"self":[{"href":"https:\/\/www.smokingpaper.com\/es\/wp-json\/wp\/v2\/product\/943","targetHints":{"allow":["GET"]}}],"collection":[{"href":"https:\/\/www.smokingpaper.com\/es\/wp-json\/wp\/v2\/product"}],"about":[{"href":"https:\/\/www.smokingpaper.com\/es\/wp-json\/wp\/v2\/types\/product"}],"wp:featuredmedia":[{"embeddable":true,"href":"https:\/\/www.smokingpaper.com\/es\/wp-json\/wp\/v2\/media\/4509"}],"wp:attachment":[{"href":"https:\/\/www.smokingpaper.com\/es\/wp-json\/wp\/v2\/media?parent=943"}],"wp:term":[{"taxonomy":"product_brand","embeddable":true,"href":"https:\/\/www.smokingpaper.com\/es\/wp-json\/wp\/v2\/product_brand?post=943"},{"taxonomy":"product_cat","embeddable":true,"href":"https:\/\/www.smokingpaper.com\/es\/wp-json\/wp\/v2\/product_cat?post=943"},{"taxonomy":"product_tag","embeddable":true,"href":"https:\/\/www.smokingpaper.com\/es\/wp-json\/wp\/v2\/product_tag?post=943"}],"curies":[{"name":"wp","href":"https:\/\/api.w.org\/{rel}","templated":true}]}}