{"id":9429,"date":"2024-03-26T13:19:41","date_gmt":"2024-03-27T08:32:10","guid":{"rendered":"https:\/\/www.smokingpaper.com\/?post_type=product&#038;p=9429"},"modified":"2024-09-26T16:16:53","modified_gmt":"2024-09-26T14:16:53","slug":"grinder-euphoria-hand","status":"publish","type":"product","link":"https:\/\/www.smokingpaper.com\/es\/producto\/grinder-euphoria-hand\/","title":{"rendered":"Grinder Euphoria Hand"},"content":{"rendered":"","protected":false},"excerpt":{"rendered":"<p>Haz que cada molida sea una obra de arte con nuestro <strong>Grinder Euphoria Hand<\/strong> en un vibrante rosa magenta. Inspirado en la creatividad sin l\u00edmites, este grinder met\u00e1lico no solo promete una vida \u00fatil prolongada, sino tambi\u00e9n un toque de color y dise\u00f1o a tus momentos de relajaci\u00f3n. Con una estructura de cuatro partes para triturar, almacenar y capturar polen, tus preparaciones ser\u00e1n perfectas y sin residuos. Siente la inspiraci\u00f3n de elegir entre nuestros 6 modelos distintivos y disfruta de la precisi\u00f3n y el placer que brindan.<\/p>\n","protected":false},"featured_media":9406,"template":"","meta":{"_acf_changed":false,"inline_featured_image":false},"product_brand":[],"product_cat":[772],"product_tag":[],"class_list":{"0":"post-9429","1":"product","2":"type-product","3":"status-publish","4":"has-post-thumbnail","6":"product_cat-grinder","8":"first","9":"instock","10":"shipping-taxable","11":"product-type-simple"},"acf":[],"yoast_head":"<!-- This site is optimized with the Yoast SEO plugin v26.2 - https:\/\/yoast.com\/wordpress\/plugins\/seo\/ -->\n<title>Grinder Euphoria Hand | Smoking<\/title>\n<meta name=\"robots\" content=\"index, follow, max-snippet:-1, max-image-preview:large, max-video-preview:-1\" \/>\n<link rel=\"canonical\" href=\"https:\/\/www.smokingpaper.com\/es\/producto\/grinder-euphoria-hand\/\" \/>\n<meta property=\"og:locale\" content=\"es_ES\" \/>\n<meta property=\"og:type\" content=\"article\" \/>\n<meta property=\"og:title\" content=\"Grinder Euphoria Hand | Smoking\" \/>\n<meta property=\"og:description\" content=\"Haz que cada molida sea una obra de arte con nuestro Grinder Euphoria Hand en un vibrante rosa magenta. Inspirado en la creatividad sin l\u00edmites, este grinder met\u00e1lico no solo promete una vida \u00fatil prolongada, sino tambi\u00e9n un toque de color y dise\u00f1o a tus momentos de relajaci\u00f3n. Con una estructura de cuatro partes para triturar, almacenar y capturar polen, tus preparaciones ser\u00e1n perfectas y sin residuos. Siente la inspiraci\u00f3n de elegir entre nuestros 6 modelos distintivos y disfruta de la precisi\u00f3n y el placer que brindan.\" \/>\n<meta property=\"og:url\" content=\"https:\/\/www.smokingpaper.com\/es\/producto\/grinder-euphoria-hand\/\" \/>\n<meta property=\"og:site_name\" content=\"Smoking\" \/>\n<meta property=\"article:modified_time\" content=\"2024-09-26T14:16:53+00:00\" \/>\n<meta property=\"og:image\" content=\"https:\/\/www.smokingpaper.com\/wp-content\/uploads\/2024\/03\/Smoking_Bandejas-y-Grindrs-ecommerce_Euphoria-4.jpg\" \/>\n\t<meta property=\"og:image:width\" content=\"1277\" \/>\n\t<meta property=\"og:image:height\" content=\"1915\" \/>\n\t<meta property=\"og:image:type\" content=\"image\/jpeg\" \/>\n<meta name=\"twitter:card\" content=\"summary_large_image\" \/>\n<!-- \/ Yoast SEO plugin. -->","yoast_head_json":{"title":"Grinder Euphoria Hand | Smoking","robots":{"index":"index","follow":"follow","max-snippet":"max-snippet:-1","max-image-preview":"max-image-preview:large","max-video-preview":"max-video-preview:-1"},"canonical":"https:\/\/www.smokingpaper.com\/es\/producto\/grinder-euphoria-hand\/","og_locale":"es_ES","og_type":"article","og_title":"Grinder Euphoria Hand | Smoking","og_description":"Haz que cada molida sea una obra de arte con nuestro Grinder Euphoria Hand en un vibrante rosa magenta. Inspirado en la creatividad sin l\u00edmites, este grinder met\u00e1lico no solo promete una vida \u00fatil prolongada, sino tambi\u00e9n un toque de color y dise\u00f1o a tus momentos de relajaci\u00f3n. Con una estructura de cuatro partes para triturar, almacenar y capturar polen, tus preparaciones ser\u00e1n perfectas y sin residuos. Siente la inspiraci\u00f3n de elegir entre nuestros 6 modelos distintivos y disfruta de la precisi\u00f3n y el placer que brindan.","og_url":"https:\/\/www.smokingpaper.com\/es\/producto\/grinder-euphoria-hand\/","og_site_name":"Smoking","article_modified_time":"2024-09-26T14:16:53+00:00","og_image":[{"width":1277,"height":1915,"url":"https:\/\/www.smokingpaper.com\/wp-content\/uploads\/2024\/03\/Smoking_Bandejas-y-Grindrs-ecommerce_Euphoria-4.jpg","type":"image\/jpeg"}],"twitter_card":"summary_large_image","schema":{"@context":"https:\/\/schema.org","@graph":[{"@type":"BreadcrumbList","@id":"https:\/\/www.smokingpaper.com\/es\/producto\/grinder-euphoria-hand\/#breadcrumb","itemListElement":[{"@type":"ListItem","position":1,"name":"Home","item":"https:\/\/www.smokingpaper.com\/es\/"},{"@type":"ListItem","position":2,"name":"Productos","item":"https:\/\/www.smokingpaper.com\/es\/shop\/"},{"@type":"ListItem","position":3,"name":"Grinders","item":"https:\/\/www.smokingpaper.com\/es\/productos\/grinder\/"},{"@type":"ListItem","position":4,"name":"Grinder Euphoria Hand"}]}]}},"_links":{"self":[{"href":"https:\/\/www.smokingpaper.com\/es\/wp-json\/wp\/v2\/product\/9429","targetHints":{"allow":["GET"]}}],"collection":[{"href":"https:\/\/www.smokingpaper.com\/es\/wp-json\/wp\/v2\/product"}],"about":[{"href":"https:\/\/www.smokingpaper.com\/es\/wp-json\/wp\/v2\/types\/product"}],"wp:featuredmedia":[{"embeddable":true,"href":"https:\/\/www.smokingpaper.com\/es\/wp-json\/wp\/v2\/media\/9406"}],"wp:attachment":[{"href":"https:\/\/www.smokingpaper.com\/es\/wp-json\/wp\/v2\/media?parent=9429"}],"wp:term":[{"taxonomy":"product_brand","embeddable":true,"href":"https:\/\/www.smokingpaper.com\/es\/wp-json\/wp\/v2\/product_brand?post=9429"},{"taxonomy":"product_cat","embeddable":true,"href":"https:\/\/www.smokingpaper.com\/es\/wp-json\/wp\/v2\/product_cat?post=9429"},{"taxonomy":"product_tag","embeddable":true,"href":"https:\/\/www.smokingpaper.com\/es\/wp-json\/wp\/v2\/product_tag?post=9429"}],"curies":[{"name":"wp","href":"https:\/\/api.w.org\/{rel}","templated":true}]}}