{"id":9418,"date":"2024-03-26T13:51:32","date_gmt":"2024-03-26T12:51:32","guid":{"rendered":"https:\/\/www.smokingpaper.com\/?post_type=product&#038;p=9418"},"modified":"2025-05-14T12:12:01","modified_gmt":"2025-05-14T10:12:01","slug":"grinder-euphoria-eye","status":"publish","type":"product","link":"https:\/\/www.smokingpaper.com\/es\/producto\/grinder-euphoria-eye\/","title":{"rendered":"Grinder Euphoria Eye"},"content":{"rendered":"","protected":false},"excerpt":{"rendered":"<p>El <strong>Grinder Euphoria Eye<\/strong> es una ventana a un mundo m\u00e1s verde y natural. Presentado en un verde intenso, este grinder combina funcionalidad y misticismo con su dise\u00f1o \u00fanico que incluye un ojo vigilante en la noche estrellada. Su construcci\u00f3n de metal s\u00f3lido est\u00e1 lista para soportar el uso diario y su sistema de m\u00faltiples c\u00e1maras asegura una molienda eficaz y pura. Con seis versiones para elegir, no hay duda de que encontrar\u00e1s el que mejor se adapte a tu visi\u00f3n del para\u00edso de la trituraci\u00f3n.<\/p>\n","protected":false},"featured_media":11566,"template":"","meta":{"_acf_changed":false,"inline_featured_image":false},"product_brand":[],"product_cat":[772],"product_tag":[],"class_list":{"0":"post-9418","1":"product","2":"type-product","3":"status-publish","4":"has-post-thumbnail","6":"product_cat-grinder","8":"first","9":"instock","10":"shipping-taxable","11":"product-type-simple"},"acf":[],"yoast_head":"<!-- This site is optimized with the Yoast SEO plugin v26.2 - https:\/\/yoast.com\/wordpress\/plugins\/seo\/ -->\n<title>Grinder Euphoria Eye: Funcionalidad y Misticismo | Smoking Paper<\/title>\n<meta name=\"description\" content=\"El Grinder Euphoria Eye es una ventana a un mundo m\u00e1s verde y natural. Presentado en un verde intenso, este grinder combina funcionalidad y misticismo.\" \/>\n<meta name=\"robots\" content=\"index, follow, max-snippet:-1, max-image-preview:large, max-video-preview:-1\" \/>\n<link rel=\"canonical\" href=\"https:\/\/www.smokingpaper.com\/es\/producto\/grinder-euphoria-eye\/\" \/>\n<meta property=\"og:locale\" content=\"es_ES\" \/>\n<meta property=\"og:type\" content=\"article\" \/>\n<meta property=\"og:title\" content=\"Grinder Euphoria Eye: Funcionalidad y Misticismo | Smoking Paper\" \/>\n<meta property=\"og:description\" content=\"El Grinder Euphoria Eye es una ventana a un mundo m\u00e1s verde y natural. Presentado en un verde intenso, este grinder combina funcionalidad y misticismo.\" \/>\n<meta property=\"og:url\" content=\"https:\/\/www.smokingpaper.com\/es\/producto\/grinder-euphoria-eye\/\" \/>\n<meta property=\"og:site_name\" content=\"Smoking\" \/>\n<meta property=\"article:modified_time\" content=\"2025-05-14T10:12:01+00:00\" \/>\n<meta property=\"og:image\" content=\"https:\/\/www.smokingpaper.com\/wp-content\/uploads\/2024\/03\/Euphoria-Eye-Grinder-1.png\" \/>\n\t<meta property=\"og:image:width\" content=\"1277\" \/>\n\t<meta property=\"og:image:height\" content=\"1915\" \/>\n\t<meta property=\"og:image:type\" content=\"image\/png\" \/>\n<meta name=\"twitter:card\" content=\"summary_large_image\" \/>\n<!-- \/ Yoast SEO plugin. -->","yoast_head_json":{"title":"Grinder Euphoria Eye: Funcionalidad y Misticismo | Smoking Paper","description":"El Grinder Euphoria Eye es una ventana a un mundo m\u00e1s verde y natural. Presentado en un verde intenso, este grinder combina funcionalidad y misticismo.","robots":{"index":"index","follow":"follow","max-snippet":"max-snippet:-1","max-image-preview":"max-image-preview:large","max-video-preview":"max-video-preview:-1"},"canonical":"https:\/\/www.smokingpaper.com\/es\/producto\/grinder-euphoria-eye\/","og_locale":"es_ES","og_type":"article","og_title":"Grinder Euphoria Eye: Funcionalidad y Misticismo | Smoking Paper","og_description":"El Grinder Euphoria Eye es una ventana a un mundo m\u00e1s verde y natural. Presentado en un verde intenso, este grinder combina funcionalidad y misticismo.","og_url":"https:\/\/www.smokingpaper.com\/es\/producto\/grinder-euphoria-eye\/","og_site_name":"Smoking","article_modified_time":"2025-05-14T10:12:01+00:00","og_image":[{"width":1277,"height":1915,"url":"https:\/\/www.smokingpaper.com\/wp-content\/uploads\/2024\/03\/Euphoria-Eye-Grinder-1.png","type":"image\/png"}],"twitter_card":"summary_large_image","schema":{"@context":"https:\/\/schema.org","@graph":[{"@type":"BreadcrumbList","@id":"https:\/\/www.smokingpaper.com\/es\/producto\/grinder-euphoria-eye\/#breadcrumb","itemListElement":[{"@type":"ListItem","position":1,"name":"Home","item":"https:\/\/www.smokingpaper.com\/es\/"},{"@type":"ListItem","position":2,"name":"Productos","item":"https:\/\/www.smokingpaper.com\/es\/shop\/"},{"@type":"ListItem","position":3,"name":"Grinders","item":"https:\/\/www.smokingpaper.com\/es\/productos\/grinder\/"},{"@type":"ListItem","position":4,"name":"Grinder Euphoria Eye"}]}]}},"_links":{"self":[{"href":"https:\/\/www.smokingpaper.com\/es\/wp-json\/wp\/v2\/product\/9418","targetHints":{"allow":["GET"]}}],"collection":[{"href":"https:\/\/www.smokingpaper.com\/es\/wp-json\/wp\/v2\/product"}],"about":[{"href":"https:\/\/www.smokingpaper.com\/es\/wp-json\/wp\/v2\/types\/product"}],"wp:featuredmedia":[{"embeddable":true,"href":"https:\/\/www.smokingpaper.com\/es\/wp-json\/wp\/v2\/media\/11566"}],"wp:attachment":[{"href":"https:\/\/www.smokingpaper.com\/es\/wp-json\/wp\/v2\/media?parent=9418"}],"wp:term":[{"taxonomy":"product_brand","embeddable":true,"href":"https:\/\/www.smokingpaper.com\/es\/wp-json\/wp\/v2\/product_brand?post=9418"},{"taxonomy":"product_cat","embeddable":true,"href":"https:\/\/www.smokingpaper.com\/es\/wp-json\/wp\/v2\/product_cat?post=9418"},{"taxonomy":"product_tag","embeddable":true,"href":"https:\/\/www.smokingpaper.com\/es\/wp-json\/wp\/v2\/product_tag?post=9418"}],"curies":[{"name":"wp","href":"https:\/\/api.w.org\/{rel}","templated":true}]}}