{"id":9395,"date":"2024-03-26T13:04:46","date_gmt":"2024-03-26T12:04:46","guid":{"rendered":"https:\/\/www.smokingpaper.com\/?post_type=product&#038;p=9395"},"modified":"2024-09-26T16:16:55","modified_gmt":"2024-09-26T14:16:55","slug":"grinder-euphoria-planet","status":"publish","type":"product","link":"https:\/\/www.smokingpaper.com\/es\/producto\/grinder-euphoria-planet\/","title":{"rendered":"Grinder Euphoria Planet"},"content":{"rendered":"","protected":false},"excerpt":{"rendered":"<p>\u00a1Emb\u00e1rcate en un viaje intergal\u00e1ctico con nuestro <strong>Grinder Euphoria Planet<\/strong>! Su dise\u00f1o estelar en color negro ofrece una experiencia celestial mientras trituras tus hierbas con facilidad. Este accesorio, construido con un 100% de metal resistente, garantiza durabilidad y una est\u00e9tica c\u00f3smica que no pasa desapercibida. Equipado con un compartimento de triturado, dep\u00f3sito y polinizador, hace de la preparaci\u00f3n una tarea sencilla y eficiente. Colecciona los 6 modelos exclusivos de la serie Euphoria y eleva tu ritual a las estrellas.<\/p>\n","protected":false},"featured_media":9396,"template":"","meta":{"_acf_changed":false,"inline_featured_image":false},"product_brand":[],"product_cat":[772],"product_tag":[],"class_list":{"0":"post-9395","1":"product","2":"type-product","3":"status-publish","4":"has-post-thumbnail","6":"product_cat-grinder","8":"first","9":"instock","10":"shipping-taxable","11":"product-type-simple"},"acf":[],"yoast_head":"<!-- This site is optimized with the Yoast SEO plugin v26.2 - https:\/\/yoast.com\/wordpress\/plugins\/seo\/ -->\n<title>Grinder Euphoria Planet: Experiencia Gal\u00e1ctica | Smoking Paper<\/title>\n<meta name=\"description\" content=\"\u00a1Emb\u00e1rcate en un viaje intergal\u00e1ctico con nuestro Grinder Euphoria Planet! Su dise\u00f1o estelar en color negro ofrece una experiencia celestial.\" \/>\n<meta name=\"robots\" content=\"index, follow, max-snippet:-1, max-image-preview:large, max-video-preview:-1\" \/>\n<link rel=\"canonical\" href=\"https:\/\/www.smokingpaper.com\/es\/producto\/grinder-euphoria-planet\/\" \/>\n<meta property=\"og:locale\" content=\"es_ES\" \/>\n<meta property=\"og:type\" content=\"article\" \/>\n<meta property=\"og:title\" content=\"Grinder Euphoria Planet: Experiencia Gal\u00e1ctica | Smoking Paper\" \/>\n<meta property=\"og:description\" content=\"\u00a1Emb\u00e1rcate en un viaje intergal\u00e1ctico con nuestro Grinder Euphoria Planet! Su dise\u00f1o estelar en color negro ofrece una experiencia celestial.\" \/>\n<meta property=\"og:url\" content=\"https:\/\/www.smokingpaper.com\/es\/producto\/grinder-euphoria-planet\/\" \/>\n<meta property=\"og:site_name\" content=\"Smoking\" \/>\n<meta property=\"article:modified_time\" content=\"2024-09-26T14:16:55+00:00\" \/>\n<meta property=\"og:image\" content=\"https:\/\/www.smokingpaper.com\/wp-content\/uploads\/2024\/03\/Smoking_Bandejas-y-Grindrs-ecommerce_Euphoria-4-v2.jpg\" \/>\n\t<meta property=\"og:image:width\" content=\"1277\" \/>\n\t<meta property=\"og:image:height\" content=\"1915\" \/>\n\t<meta property=\"og:image:type\" content=\"image\/jpeg\" \/>\n<meta name=\"twitter:card\" content=\"summary_large_image\" \/>\n<!-- \/ Yoast SEO plugin. -->","yoast_head_json":{"title":"Grinder Euphoria Planet: Experiencia Gal\u00e1ctica | Smoking Paper","description":"\u00a1Emb\u00e1rcate en un viaje intergal\u00e1ctico con nuestro Grinder Euphoria Planet! Su dise\u00f1o estelar en color negro ofrece una experiencia celestial.","robots":{"index":"index","follow":"follow","max-snippet":"max-snippet:-1","max-image-preview":"max-image-preview:large","max-video-preview":"max-video-preview:-1"},"canonical":"https:\/\/www.smokingpaper.com\/es\/producto\/grinder-euphoria-planet\/","og_locale":"es_ES","og_type":"article","og_title":"Grinder Euphoria Planet: Experiencia Gal\u00e1ctica | Smoking Paper","og_description":"\u00a1Emb\u00e1rcate en un viaje intergal\u00e1ctico con nuestro Grinder Euphoria Planet! Su dise\u00f1o estelar en color negro ofrece una experiencia celestial.","og_url":"https:\/\/www.smokingpaper.com\/es\/producto\/grinder-euphoria-planet\/","og_site_name":"Smoking","article_modified_time":"2024-09-26T14:16:55+00:00","og_image":[{"width":1277,"height":1915,"url":"https:\/\/www.smokingpaper.com\/wp-content\/uploads\/2024\/03\/Smoking_Bandejas-y-Grindrs-ecommerce_Euphoria-4-v2.jpg","type":"image\/jpeg"}],"twitter_card":"summary_large_image","schema":{"@context":"https:\/\/schema.org","@graph":[{"@type":"BreadcrumbList","@id":"https:\/\/www.smokingpaper.com\/es\/producto\/grinder-euphoria-planet\/#breadcrumb","itemListElement":[{"@type":"ListItem","position":1,"name":"Home","item":"https:\/\/www.smokingpaper.com\/es\/"},{"@type":"ListItem","position":2,"name":"Productos","item":"https:\/\/www.smokingpaper.com\/es\/shop\/"},{"@type":"ListItem","position":3,"name":"Grinders","item":"https:\/\/www.smokingpaper.com\/es\/productos\/grinder\/"},{"@type":"ListItem","position":4,"name":"Grinder Euphoria Planet"}]}]}},"_links":{"self":[{"href":"https:\/\/www.smokingpaper.com\/es\/wp-json\/wp\/v2\/product\/9395","targetHints":{"allow":["GET"]}}],"collection":[{"href":"https:\/\/www.smokingpaper.com\/es\/wp-json\/wp\/v2\/product"}],"about":[{"href":"https:\/\/www.smokingpaper.com\/es\/wp-json\/wp\/v2\/types\/product"}],"wp:featuredmedia":[{"embeddable":true,"href":"https:\/\/www.smokingpaper.com\/es\/wp-json\/wp\/v2\/media\/9396"}],"wp:attachment":[{"href":"https:\/\/www.smokingpaper.com\/es\/wp-json\/wp\/v2\/media?parent=9395"}],"wp:term":[{"taxonomy":"product_brand","embeddable":true,"href":"https:\/\/www.smokingpaper.com\/es\/wp-json\/wp\/v2\/product_brand?post=9395"},{"taxonomy":"product_cat","embeddable":true,"href":"https:\/\/www.smokingpaper.com\/es\/wp-json\/wp\/v2\/product_cat?post=9395"},{"taxonomy":"product_tag","embeddable":true,"href":"https:\/\/www.smokingpaper.com\/es\/wp-json\/wp\/v2\/product_tag?post=9395"}],"curies":[{"name":"wp","href":"https:\/\/api.w.org\/{rel}","templated":true}]}}