{"id":9394,"date":"2024-03-27T10:53:16","date_gmt":"2024-03-27T09:53:16","guid":{"rendered":"https:\/\/www.smokingpaper.com\/?post_type=product&#038;p=9394"},"modified":"2024-09-26T16:22:00","modified_gmt":"2024-09-26T14:22:00","slug":"bandeja-rampage","status":"publish","type":"product","link":"https:\/\/www.smokingpaper.com\/es\/producto\/bandeja-rampage\/","title":{"rendered":"Bandeja Rampage"},"content":{"rendered":"","protected":false},"excerpt":{"rendered":"<p>Descubre un nuevo horizonte en el arte de disfrutar tus momentos de placer con la <strong>Bandeja para Fumar Rampage XL<\/strong>, una joya de nuestra exclusiva Colecci\u00f3n de Creadores. Esta no es simplemente una bandeja; es una puerta a un mundo donde el caos se encuentra con el estilo urbano, convirtiendo cada cigarrillo que preparas en una obra maestra de autenticidad y distinci\u00f3n. Esta nueva bandeja presenta un tama\u00f1o m\u00e1s grande que las bandejas habituales. Est\u00e1 dise\u00f1ada de esta\u00f1o, es de alta resistencia y su decoraci\u00f3n es \u00fanica. Con esta bandeja no desperdiciar\u00e1s nada, ya que su forma cuenta con unos bordes espec\u00edficamente dise\u00f1ados para que no se caigan restos. Puedes descubrir el resto de nuestras bandejas para liar Smoking\u00ae en nuestra web y sobre todo las Nueva Colecci\u00f3n the Creators.<\/p>\n","protected":false},"featured_media":9453,"template":"","meta":{"_acf_changed":false,"inline_featured_image":false},"product_brand":[],"product_cat":[775],"product_tag":[],"class_list":{"0":"post-9394","1":"product","2":"type-product","3":"status-publish","4":"has-post-thumbnail","6":"product_cat-bandejas-de-liar","8":"first","9":"instock","10":"shipping-taxable","11":"product-type-simple"},"acf":[],"yoast_head":"<!-- This site is optimized with the Yoast SEO plugin v26.2 - https:\/\/yoast.com\/wordpress\/plugins\/seo\/ -->\n<title>Bandeja para Fumar Rampage XL | Smoking Paper<\/title>\n<meta name=\"description\" content=\"Descubre un nuevo horizonte en el arte de disfrutar tus momentos de placer con la Bandeja para Fumar Rampage XL, una joya de nuestra exclusiva Colecci\u00f3n.\" \/>\n<meta name=\"robots\" content=\"index, follow, max-snippet:-1, max-image-preview:large, max-video-preview:-1\" \/>\n<link rel=\"canonical\" href=\"https:\/\/www.smokingpaper.com\/es\/producto\/bandeja-rampage\/\" \/>\n<meta property=\"og:locale\" content=\"es_ES\" \/>\n<meta property=\"og:type\" content=\"article\" \/>\n<meta property=\"og:title\" content=\"Bandeja para Fumar Rampage XL | Smoking Paper\" \/>\n<meta property=\"og:description\" content=\"Descubre un nuevo horizonte en el arte de disfrutar tus momentos de placer con la Bandeja para Fumar Rampage XL, una joya de nuestra exclusiva Colecci\u00f3n.\" \/>\n<meta property=\"og:url\" content=\"https:\/\/www.smokingpaper.com\/es\/producto\/bandeja-rampage\/\" \/>\n<meta property=\"og:site_name\" content=\"Smoking\" \/>\n<meta property=\"article:modified_time\" content=\"2024-09-26T14:22:00+00:00\" \/>\n<meta property=\"og:image\" content=\"https:\/\/www.smokingpaper.com\/wp-content\/uploads\/2024\/03\/Smoking_Bandejas-y-Grindrs-ecommerce_Rolling-tray-XL-Rampage.jpg\" \/>\n\t<meta property=\"og:image:width\" content=\"1277\" \/>\n\t<meta property=\"og:image:height\" content=\"1915\" \/>\n\t<meta property=\"og:image:type\" content=\"image\/jpeg\" \/>\n<meta name=\"twitter:card\" content=\"summary_large_image\" \/>\n<!-- \/ Yoast SEO plugin. -->","yoast_head_json":{"title":"Bandeja para Fumar Rampage XL | Smoking Paper","description":"Descubre un nuevo horizonte en el arte de disfrutar tus momentos de placer con la Bandeja para Fumar Rampage XL, una joya de nuestra exclusiva Colecci\u00f3n.","robots":{"index":"index","follow":"follow","max-snippet":"max-snippet:-1","max-image-preview":"max-image-preview:large","max-video-preview":"max-video-preview:-1"},"canonical":"https:\/\/www.smokingpaper.com\/es\/producto\/bandeja-rampage\/","og_locale":"es_ES","og_type":"article","og_title":"Bandeja para Fumar Rampage XL | Smoking Paper","og_description":"Descubre un nuevo horizonte en el arte de disfrutar tus momentos de placer con la Bandeja para Fumar Rampage XL, una joya de nuestra exclusiva Colecci\u00f3n.","og_url":"https:\/\/www.smokingpaper.com\/es\/producto\/bandeja-rampage\/","og_site_name":"Smoking","article_modified_time":"2024-09-26T14:22:00+00:00","og_image":[{"width":1277,"height":1915,"url":"https:\/\/www.smokingpaper.com\/wp-content\/uploads\/2024\/03\/Smoking_Bandejas-y-Grindrs-ecommerce_Rolling-tray-XL-Rampage.jpg","type":"image\/jpeg"}],"twitter_card":"summary_large_image","schema":{"@context":"https:\/\/schema.org","@graph":[{"@type":"BreadcrumbList","@id":"https:\/\/www.smokingpaper.com\/es\/producto\/bandeja-rampage\/#breadcrumb","itemListElement":[{"@type":"ListItem","position":1,"name":"Home","item":"https:\/\/www.smokingpaper.com\/es\/"},{"@type":"ListItem","position":2,"name":"Productos","item":"https:\/\/www.smokingpaper.com\/es\/shop\/"},{"@type":"ListItem","position":3,"name":"Bandeja de liar","item":"https:\/\/www.smokingpaper.com\/es\/productos\/bandejas-de-liar\/"},{"@type":"ListItem","position":4,"name":"Bandeja Rampage"}]}]}},"_links":{"self":[{"href":"https:\/\/www.smokingpaper.com\/es\/wp-json\/wp\/v2\/product\/9394","targetHints":{"allow":["GET"]}}],"collection":[{"href":"https:\/\/www.smokingpaper.com\/es\/wp-json\/wp\/v2\/product"}],"about":[{"href":"https:\/\/www.smokingpaper.com\/es\/wp-json\/wp\/v2\/types\/product"}],"wp:featuredmedia":[{"embeddable":true,"href":"https:\/\/www.smokingpaper.com\/es\/wp-json\/wp\/v2\/media\/9453"}],"wp:attachment":[{"href":"https:\/\/www.smokingpaper.com\/es\/wp-json\/wp\/v2\/media?parent=9394"}],"wp:term":[{"taxonomy":"product_brand","embeddable":true,"href":"https:\/\/www.smokingpaper.com\/es\/wp-json\/wp\/v2\/product_brand?post=9394"},{"taxonomy":"product_cat","embeddable":true,"href":"https:\/\/www.smokingpaper.com\/es\/wp-json\/wp\/v2\/product_cat?post=9394"},{"taxonomy":"product_tag","embeddable":true,"href":"https:\/\/www.smokingpaper.com\/es\/wp-json\/wp\/v2\/product_tag?post=9394"}],"curies":[{"name":"wp","href":"https:\/\/api.w.org\/{rel}","templated":true}]}}