{"id":936,"date":"2021-12-03T08:21:47","date_gmt":"2021-12-03T07:21:47","guid":{"rendered":"http:\/\/new.smokingpaper.com\/product\/maiz\/"},"modified":"2024-03-21T12:29:07","modified_gmt":"2024-03-21T11:29:07","slug":"maiz","status":"publish","type":"product","link":"https:\/\/www.smokingpaper.com\/es\/producto\/maiz\/","title":{"rendered":"Papel de Ma\u00edz para fumar Medium"},"content":{"rendered":"","protected":false},"excerpt":{"rendered":"<p><span data-sheets-value=\"{&quot;1&quot;:2,&quot;2&quot;:&quot;\u00a1Uno de los papeles m\u00e1s originales que encontrar\u00e1s en nuestro cat\u00e1logo! El modelo Ma\u00edz Medium recibe su nombre por el caracter\u00edstico color amarillo que impregna toda su superficie. Un papel que adem\u00e1s est\u00e1 dise\u00f1ado para aquellos que quieren disfrutar de una combusti\u00f3n lenta. 49 hojas por librito de goma vegetal 100% natural, sin colorantes ni aditivos. Esto asegura que obtengas el pegado \u00f3ptimo con solo una pasada.&quot;}\" data-sheets-userformat=\"{&quot;2&quot;:9149,&quot;3&quot;:{&quot;1&quot;:0},&quot;5&quot;:{&quot;1&quot;:[{&quot;1&quot;:2,&quot;2&quot;:0,&quot;5&quot;:{&quot;1&quot;:2,&quot;2&quot;:0}},{&quot;1&quot;:0,&quot;2&quot;:0,&quot;3&quot;:3},{&quot;1&quot;:1,&quot;2&quot;:0,&quot;4&quot;:1}]},&quot;6&quot;:{&quot;1&quot;:[{&quot;1&quot;:2,&quot;2&quot;:0,&quot;5&quot;:{&quot;1&quot;:2,&quot;2&quot;:0}},{&quot;1&quot;:0,&quot;2&quot;:0,&quot;3&quot;:3},{&quot;1&quot;:1,&quot;2&quot;:0,&quot;4&quot;:1}]},&quot;7&quot;:{&quot;1&quot;:[{&quot;1&quot;:2,&quot;2&quot;:0,&quot;5&quot;:{&quot;1&quot;:2,&quot;2&quot;:0}},{&quot;1&quot;:0,&quot;2&quot;:0,&quot;3&quot;:3},{&quot;1&quot;:1,&quot;2&quot;:0,&quot;4&quot;:1}]},&quot;8&quot;:{&quot;1&quot;:[{&quot;1&quot;:2,&quot;2&quot;:0,&quot;5&quot;:{&quot;1&quot;:2,&quot;2&quot;:0}},{&quot;1&quot;:0,&quot;2&quot;:0,&quot;3&quot;:3},{&quot;1&quot;:1,&quot;2&quot;:0,&quot;4&quot;:1}]},&quot;10&quot;:1,&quot;11&quot;:4,&quot;12&quot;:0,&quot;16&quot;:10}\">\u00a1Uno de los papeles m\u00e1s originales que encontrar\u00e1s en nuestro cat\u00e1logo! El modelo Ma\u00edz Medium recibe su nombre por el caracter\u00edstico color amarillo que impregna toda su superficie. Un papel que adem\u00e1s est\u00e1 dise\u00f1ado para aquellos que quieren disfrutar de una combusti\u00f3n lenta. 49 hojas por librito de goma vegetal 100% natural, sin colorantes ni aditivos. Esto asegura que obtengas el pegado \u00f3ptimo con solo una pasada.<\/span><\/p>\n","protected":false},"featured_media":2207,"template":"","meta":{"_acf_changed":false,"inline_featured_image":false},"product_brand":[],"product_cat":[67,101],"product_tag":[],"class_list":{"0":"post-936","1":"product","2":"type-product","3":"status-publish","4":"has-post-thumbnail","6":"product_cat-papeles","7":"product_cat-medium","9":"first","10":"instock","11":"shipping-taxable","12":"product-type-simple"},"acf":[],"yoast_head":"<!-- This site is optimized with the Yoast SEO plugin v26.2 - https:\/\/yoast.com\/wordpress\/plugins\/seo\/ -->\n<title>Papel de Ma\u00edz para fumar Medium | Smoking Paper<\/title>\n<meta name=\"description\" content=\"Descubre la naturalidad en cada fumada con 50 hojas de papel de fumar Medium Ma\u00edz. Hechos con ma\u00edz, estos papeles te ofrecen una experiencia suave y aut\u00e9ntica.\" \/>\n<meta name=\"robots\" content=\"index, follow, max-snippet:-1, max-image-preview:large, max-video-preview:-1\" \/>\n<link rel=\"canonical\" href=\"https:\/\/www.smokingpaper.com\/es\/producto\/maiz\/\" \/>\n<meta property=\"og:locale\" content=\"es_ES\" \/>\n<meta property=\"og:type\" content=\"article\" \/>\n<meta property=\"og:title\" content=\"Papel de Ma\u00edz para fumar Medium | Smoking Paper\" \/>\n<meta property=\"og:description\" content=\"Descubre la naturalidad en cada fumada con 50 hojas de papel de fumar Medium Ma\u00edz. Hechos con ma\u00edz, estos papeles te ofrecen una experiencia suave y aut\u00e9ntica.\" \/>\n<meta property=\"og:url\" content=\"https:\/\/www.smokingpaper.com\/es\/producto\/maiz\/\" \/>\n<meta property=\"og:site_name\" content=\"Smoking\" \/>\n<meta property=\"article:modified_time\" content=\"2024-03-21T11:29:07+00:00\" \/>\n<meta property=\"og:image\" content=\"https:\/\/www.smokingpaper.com\/wp-content\/uploads\/2021\/12\/Nuevo_proyecto__40_-removebg-preview.png\" \/>\n\t<meta property=\"og:image:width\" content=\"667\" \/>\n\t<meta property=\"og:image:height\" content=\"374\" \/>\n\t<meta property=\"og:image:type\" content=\"image\/png\" \/>\n<meta name=\"twitter:card\" content=\"summary_large_image\" \/>\n<!-- \/ Yoast SEO plugin. -->","yoast_head_json":{"title":"Papel de Ma\u00edz para fumar Medium | Smoking Paper","description":"Descubre la naturalidad en cada fumada con 50 hojas de papel de fumar Medium Ma\u00edz. Hechos con ma\u00edz, estos papeles te ofrecen una experiencia suave y aut\u00e9ntica.","robots":{"index":"index","follow":"follow","max-snippet":"max-snippet:-1","max-image-preview":"max-image-preview:large","max-video-preview":"max-video-preview:-1"},"canonical":"https:\/\/www.smokingpaper.com\/es\/producto\/maiz\/","og_locale":"es_ES","og_type":"article","og_title":"Papel de Ma\u00edz para fumar Medium | Smoking Paper","og_description":"Descubre la naturalidad en cada fumada con 50 hojas de papel de fumar Medium Ma\u00edz. Hechos con ma\u00edz, estos papeles te ofrecen una experiencia suave y aut\u00e9ntica.","og_url":"https:\/\/www.smokingpaper.com\/es\/producto\/maiz\/","og_site_name":"Smoking","article_modified_time":"2024-03-21T11:29:07+00:00","og_image":[{"width":667,"height":374,"url":"https:\/\/www.smokingpaper.com\/wp-content\/uploads\/2021\/12\/Nuevo_proyecto__40_-removebg-preview.png","type":"image\/png"}],"twitter_card":"summary_large_image","schema":{"@context":"https:\/\/schema.org","@graph":[{"@type":"BreadcrumbList","@id":"https:\/\/www.smokingpaper.com\/es\/producto\/maiz\/#breadcrumb","itemListElement":[{"@type":"ListItem","position":1,"name":"Home","item":"https:\/\/www.smokingpaper.com\/es\/"},{"@type":"ListItem","position":2,"name":"Productos","item":"https:\/\/www.smokingpaper.com\/es\/shop\/"},{"@type":"ListItem","position":3,"name":"Papel de liar","item":"https:\/\/www.smokingpaper.com\/es\/productos\/papeles\/"},{"@type":"ListItem","position":4,"name":"Papel de Ma\u00edz para fumar Medium"}]}]}},"_links":{"self":[{"href":"https:\/\/www.smokingpaper.com\/es\/wp-json\/wp\/v2\/product\/936","targetHints":{"allow":["GET"]}}],"collection":[{"href":"https:\/\/www.smokingpaper.com\/es\/wp-json\/wp\/v2\/product"}],"about":[{"href":"https:\/\/www.smokingpaper.com\/es\/wp-json\/wp\/v2\/types\/product"}],"wp:featuredmedia":[{"embeddable":true,"href":"https:\/\/www.smokingpaper.com\/es\/wp-json\/wp\/v2\/media\/2207"}],"wp:attachment":[{"href":"https:\/\/www.smokingpaper.com\/es\/wp-json\/wp\/v2\/media?parent=936"}],"wp:term":[{"taxonomy":"product_brand","embeddable":true,"href":"https:\/\/www.smokingpaper.com\/es\/wp-json\/wp\/v2\/product_brand?post=936"},{"taxonomy":"product_cat","embeddable":true,"href":"https:\/\/www.smokingpaper.com\/es\/wp-json\/wp\/v2\/product_cat?post=936"},{"taxonomy":"product_tag","embeddable":true,"href":"https:\/\/www.smokingpaper.com\/es\/wp-json\/wp\/v2\/product_tag?post=936"}],"curies":[{"name":"wp","href":"https:\/\/api.w.org\/{rel}","templated":true}]}}