{"id":934,"date":"2021-12-03T08:21:48","date_gmt":"2021-12-03T07:21:48","guid":{"rendered":"http:\/\/new.smokingpaper.com\/product\/master-bloc\/"},"modified":"2025-07-03T12:23:24","modified_gmt":"2025-07-03T10:23:24","slug":"master-bloc","status":"publish","type":"product","link":"https:\/\/www.smokingpaper.com\/es\/producto\/master-bloc\/","title":{"rendered":"Master Bloc Medium"},"content":{"rendered":"","protected":false},"excerpt":{"rendered":"<p>\u00a1Todo un cl\u00e1sico! El librito Master Bloc Medium ofrece hojas planas sin entrelazar, pensadas para quienes ya tienen experiencia en el arte del liado. Su formato m\u00e1s estrecho que el tama\u00f1o est\u00e1ndar (77 x 37 mm) lo hace ideal para un liado m\u00e1s preciso y ajustado. Cada librito incluye 200 hojas de papel ultrafino (13 g\/m\u00b2) con goma 100% natural vegetal, sin colorantes ni aditivos, para un pegado perfecto a la primera. Adem\u00e1s, cuenta con certificado FSC\u00ae, lo que garantiza que procede de bosques y plantaciones gestionados de forma responsable y respetuosa con la biodiversidad.<\/p>\n","protected":false},"featured_media":4494,"template":"","meta":{"_acf_changed":false,"inline_featured_image":false},"product_brand":[],"product_cat":[67,101],"product_tag":[],"class_list":{"0":"post-934","1":"product","2":"type-product","3":"status-publish","4":"has-post-thumbnail","6":"product_cat-papeles","7":"product_cat-medium","9":"first","10":"instock","11":"shipping-taxable","12":"product-type-simple"},"acf":[],"yoast_head":"<!-- This site is optimized with the Yoast SEO plugin v26.2 - https:\/\/yoast.com\/wordpress\/plugins\/seo\/ -->\n<title>Papel Medium Master Bloc | Smoking Paper<\/title>\n<meta name=\"description\" content=\"Papel de fumar Master Bloc, contiene 50 hojas finas, ofrece una experiencia de fumar excepcional. Disfruta de la comodidad y la calidad \u00a1Pru\u00e9balo ahora! \u2705\" \/>\n<meta name=\"robots\" content=\"index, follow, max-snippet:-1, max-image-preview:large, max-video-preview:-1\" \/>\n<link rel=\"canonical\" href=\"https:\/\/www.smokingpaper.com\/es\/producto\/master-bloc\/\" \/>\n<meta property=\"og:locale\" content=\"es_ES\" \/>\n<meta property=\"og:type\" content=\"article\" \/>\n<meta property=\"og:title\" content=\"Papel Medium Master Bloc | Smoking Paper\" \/>\n<meta property=\"og:description\" content=\"Papel de fumar Master Bloc, contiene 50 hojas finas, ofrece una experiencia de fumar excepcional. Disfruta de la comodidad y la calidad \u00a1Pru\u00e9balo ahora! \u2705\" \/>\n<meta property=\"og:url\" content=\"https:\/\/www.smokingpaper.com\/es\/producto\/master-bloc\/\" \/>\n<meta property=\"og:site_name\" content=\"Smoking\" \/>\n<meta property=\"article:modified_time\" content=\"2025-07-03T10:23:24+00:00\" \/>\n<meta property=\"og:image\" content=\"https:\/\/www.smokingpaper.com\/wp-content\/uploads\/2021\/12\/Masterbloc.png\" \/>\n\t<meta property=\"og:image:width\" content=\"667\" \/>\n\t<meta property=\"og:image:height\" content=\"374\" \/>\n\t<meta property=\"og:image:type\" content=\"image\/png\" \/>\n<meta name=\"twitter:card\" content=\"summary_large_image\" \/>\n<meta name=\"twitter:label1\" content=\"Tiempo de lectura\" \/>\n\t<meta name=\"twitter:data1\" content=\"1 minuto\" \/>\n<!-- \/ Yoast SEO plugin. -->","yoast_head_json":{"title":"Papel Medium Master Bloc | Smoking Paper","description":"Papel de fumar Master Bloc, contiene 50 hojas finas, ofrece una experiencia de fumar excepcional. Disfruta de la comodidad y la calidad \u00a1Pru\u00e9balo ahora! \u2705","robots":{"index":"index","follow":"follow","max-snippet":"max-snippet:-1","max-image-preview":"max-image-preview:large","max-video-preview":"max-video-preview:-1"},"canonical":"https:\/\/www.smokingpaper.com\/es\/producto\/master-bloc\/","og_locale":"es_ES","og_type":"article","og_title":"Papel Medium Master Bloc | Smoking Paper","og_description":"Papel de fumar Master Bloc, contiene 50 hojas finas, ofrece una experiencia de fumar excepcional. Disfruta de la comodidad y la calidad \u00a1Pru\u00e9balo ahora! \u2705","og_url":"https:\/\/www.smokingpaper.com\/es\/producto\/master-bloc\/","og_site_name":"Smoking","article_modified_time":"2025-07-03T10:23:24+00:00","og_image":[{"width":667,"height":374,"url":"https:\/\/www.smokingpaper.com\/wp-content\/uploads\/2021\/12\/Masterbloc.png","type":"image\/png"}],"twitter_card":"summary_large_image","twitter_misc":{"Tiempo de lectura":"1 minuto"},"schema":{"@context":"https:\/\/schema.org","@graph":[{"@type":"BreadcrumbList","@id":"https:\/\/www.smokingpaper.com\/es\/producto\/master-bloc\/#breadcrumb","itemListElement":[{"@type":"ListItem","position":1,"name":"Home","item":"https:\/\/www.smokingpaper.com\/es\/"},{"@type":"ListItem","position":2,"name":"Productos","item":"https:\/\/www.smokingpaper.com\/es\/shop\/"},{"@type":"ListItem","position":3,"name":"Papel de liar","item":"https:\/\/www.smokingpaper.com\/es\/productos\/papeles\/"},{"@type":"ListItem","position":4,"name":"Master Bloc Medium"}]}]}},"_links":{"self":[{"href":"https:\/\/www.smokingpaper.com\/es\/wp-json\/wp\/v2\/product\/934","targetHints":{"allow":["GET"]}}],"collection":[{"href":"https:\/\/www.smokingpaper.com\/es\/wp-json\/wp\/v2\/product"}],"about":[{"href":"https:\/\/www.smokingpaper.com\/es\/wp-json\/wp\/v2\/types\/product"}],"wp:featuredmedia":[{"embeddable":true,"href":"https:\/\/www.smokingpaper.com\/es\/wp-json\/wp\/v2\/media\/4494"}],"wp:attachment":[{"href":"https:\/\/www.smokingpaper.com\/es\/wp-json\/wp\/v2\/media?parent=934"}],"wp:term":[{"taxonomy":"product_brand","embeddable":true,"href":"https:\/\/www.smokingpaper.com\/es\/wp-json\/wp\/v2\/product_brand?post=934"},{"taxonomy":"product_cat","embeddable":true,"href":"https:\/\/www.smokingpaper.com\/es\/wp-json\/wp\/v2\/product_cat?post=934"},{"taxonomy":"product_tag","embeddable":true,"href":"https:\/\/www.smokingpaper.com\/es\/wp-json\/wp\/v2\/product_tag?post=934"}],"curies":[{"name":"wp","href":"https:\/\/api.w.org\/{rel}","templated":true}]}}