{"id":931,"date":"2021-12-03T08:21:49","date_gmt":"2021-12-03T07:21:49","guid":{"rendered":"http:\/\/new.smokingpaper.com\/product\/medium-organic\/"},"modified":"2024-03-21T12:42:52","modified_gmt":"2024-03-21T11:42:52","slug":"organic-medium","status":"publish","type":"product","link":"https:\/\/www.smokingpaper.com\/es\/producto\/organic-medium\/","title":{"rendered":"Papel de fumar org\u00e1nico: Medium"},"content":{"rendered":"","protected":false},"excerpt":{"rendered":"<p><strong>Smoking Organic dona a\u00a0TREES FOR THE FUTURE\u00a0una parte de sus ventas para contribuir a su labor de reforestaci\u00f3n.\u00a0<\/strong><br \/>\nAs\u00ed,\u00a0<strong>con la compra<\/strong>\u00a0de cualquier producto de la\u00a0<strong>gama Smoking Organic\u00a0<\/strong>colaboraras en la\u00a0<strong>plantaci\u00f3n de 50.000 \u00a0\u00e1rboles anuales<\/strong>.<\/p>\n<p>Nuestro papel m\u00e1s ecol\u00f3gico. El m\u00e1s comprometido y respetuoso con la sostenibilidad del medio ambiente. Papel elaborado con c\u00e1\u00f1amo 100% Certificado BIO, cultivado ecol\u00f3gicamente, sin pesticidas, herbicidas o fertilizantes artificiales. Presentaci\u00f3n de 50 hojas por librito. Papel sin blanquear (unbleached). Sello TREE FREE, certificando que no se ha talado ning\u00fan \u00e1rbol para su elaboraci\u00f3n, ya que ha sido fabricado \u00edntegramente con pasta de c\u00e1\u00f1amo. Goma 100% natural vegetal, sin colorantes ni otros aditivos. Garantiz\u00e1ndote un mejor pegado con una sola pasada.<\/p>\n","protected":false},"featured_media":2210,"template":"","meta":{"_acf_changed":false,"inline_featured_image":false},"product_brand":[],"product_cat":[67,101],"product_tag":[],"class_list":{"0":"post-931","1":"product","2":"type-product","3":"status-publish","4":"has-post-thumbnail","6":"product_cat-papeles","7":"product_cat-medium","9":"first","10":"instock","11":"shipping-taxable","12":"product-type-simple"},"acf":[],"yoast_head":"<!-- This site is optimized with the Yoast SEO plugin v26.2 - https:\/\/yoast.com\/wordpress\/plugins\/seo\/ -->\n<title>Papel de fumar org\u00e1nico: Medium | Smoking Paper<\/title>\n<meta name=\"description\" content=\"Frescura con Organic Medium de Smoking, contiene 50 hojas org\u00e1nicas para fumar de tama\u00f1o perfecto, este papel org\u00e1nico te ofrece una fumada suave. \u00a1Pru\u00e9balo ya!\" \/>\n<meta name=\"robots\" content=\"index, follow, max-snippet:-1, max-image-preview:large, max-video-preview:-1\" \/>\n<link rel=\"canonical\" href=\"https:\/\/www.smokingpaper.com\/es\/producto\/organic-medium\/\" \/>\n<meta property=\"og:locale\" content=\"es_ES\" \/>\n<meta property=\"og:type\" content=\"article\" \/>\n<meta property=\"og:title\" content=\"Papel de fumar org\u00e1nico: Medium | Smoking Paper\" \/>\n<meta property=\"og:description\" content=\"Frescura con Organic Medium de Smoking, contiene 50 hojas org\u00e1nicas para fumar de tama\u00f1o perfecto, este papel org\u00e1nico te ofrece una fumada suave. \u00a1Pru\u00e9balo ya!\" \/>\n<meta property=\"og:url\" content=\"https:\/\/www.smokingpaper.com\/es\/producto\/organic-medium\/\" \/>\n<meta property=\"og:site_name\" content=\"Smoking\" \/>\n<meta property=\"article:modified_time\" content=\"2024-03-21T11:42:52+00:00\" \/>\n<meta property=\"og:image\" content=\"https:\/\/www.smokingpaper.com\/wp-content\/uploads\/2021\/12\/Nuevo_proyecto__39_-removebg-preview.png\" \/>\n\t<meta property=\"og:image:width\" content=\"667\" \/>\n\t<meta property=\"og:image:height\" content=\"374\" \/>\n\t<meta property=\"og:image:type\" content=\"image\/png\" \/>\n<meta name=\"twitter:card\" content=\"summary_large_image\" \/>\n<!-- \/ Yoast SEO plugin. -->","yoast_head_json":{"title":"Papel de fumar org\u00e1nico: Medium | Smoking Paper","description":"Frescura con Organic Medium de Smoking, contiene 50 hojas org\u00e1nicas para fumar de tama\u00f1o perfecto, este papel org\u00e1nico te ofrece una fumada suave. \u00a1Pru\u00e9balo ya!","robots":{"index":"index","follow":"follow","max-snippet":"max-snippet:-1","max-image-preview":"max-image-preview:large","max-video-preview":"max-video-preview:-1"},"canonical":"https:\/\/www.smokingpaper.com\/es\/producto\/organic-medium\/","og_locale":"es_ES","og_type":"article","og_title":"Papel de fumar org\u00e1nico: Medium | Smoking Paper","og_description":"Frescura con Organic Medium de Smoking, contiene 50 hojas org\u00e1nicas para fumar de tama\u00f1o perfecto, este papel org\u00e1nico te ofrece una fumada suave. \u00a1Pru\u00e9balo ya!","og_url":"https:\/\/www.smokingpaper.com\/es\/producto\/organic-medium\/","og_site_name":"Smoking","article_modified_time":"2024-03-21T11:42:52+00:00","og_image":[{"width":667,"height":374,"url":"https:\/\/www.smokingpaper.com\/wp-content\/uploads\/2021\/12\/Nuevo_proyecto__39_-removebg-preview.png","type":"image\/png"}],"twitter_card":"summary_large_image","schema":{"@context":"https:\/\/schema.org","@graph":[{"@type":"BreadcrumbList","@id":"https:\/\/www.smokingpaper.com\/es\/producto\/organic-medium\/#breadcrumb","itemListElement":[{"@type":"ListItem","position":1,"name":"Home","item":"https:\/\/www.smokingpaper.com\/es\/"},{"@type":"ListItem","position":2,"name":"Productos","item":"https:\/\/www.smokingpaper.com\/es\/shop\/"},{"@type":"ListItem","position":3,"name":"Papel de liar","item":"https:\/\/www.smokingpaper.com\/es\/productos\/papeles\/"},{"@type":"ListItem","position":4,"name":"Papel de fumar org\u00e1nico: Medium"}]}]}},"_links":{"self":[{"href":"https:\/\/www.smokingpaper.com\/es\/wp-json\/wp\/v2\/product\/931","targetHints":{"allow":["GET"]}}],"collection":[{"href":"https:\/\/www.smokingpaper.com\/es\/wp-json\/wp\/v2\/product"}],"about":[{"href":"https:\/\/www.smokingpaper.com\/es\/wp-json\/wp\/v2\/types\/product"}],"wp:featuredmedia":[{"embeddable":true,"href":"https:\/\/www.smokingpaper.com\/es\/wp-json\/wp\/v2\/media\/2210"}],"wp:attachment":[{"href":"https:\/\/www.smokingpaper.com\/es\/wp-json\/wp\/v2\/media?parent=931"}],"wp:term":[{"taxonomy":"product_brand","embeddable":true,"href":"https:\/\/www.smokingpaper.com\/es\/wp-json\/wp\/v2\/product_brand?post=931"},{"taxonomy":"product_cat","embeddable":true,"href":"https:\/\/www.smokingpaper.com\/es\/wp-json\/wp\/v2\/product_cat?post=931"},{"taxonomy":"product_tag","embeddable":true,"href":"https:\/\/www.smokingpaper.com\/es\/wp-json\/wp\/v2\/product_tag?post=931"}],"curies":[{"name":"wp","href":"https:\/\/api.w.org\/{rel}","templated":true}]}}