{"id":929,"date":"2021-12-03T08:49:27","date_gmt":"2021-12-03T07:49:27","guid":{"rendered":"http:\/\/new.smokingpaper.com\/product\/thinnest\/"},"modified":"2024-12-12T13:47:53","modified_gmt":"2024-12-12T12:47:53","slug":"thinnest","status":"publish","type":"product","link":"https:\/\/www.smokingpaper.com\/es\/producto\/thinnest\/","title":{"rendered":"Thinnest Medium"},"content":{"rendered":"","protected":false},"excerpt":{"rendered":"<div class=\"descripcion\">El papel m\u00e1s fino para cigarrillos tama\u00f1o MEDIUM. Con nuestro Thinnest Medium tienes 50 hojas un 20% m\u00e1s ligeras que cualquier papel est\u00e1ndar del mercado. Solamente pesan 12 g\/m2. Con una medida de 77 x 44 mm para liar los cigarros al tama\u00f1o que te gusta. Un producto con certificado FSC\u00ae por venir de bosques que preservan la Biodiversidad. Y con la goma 100% natural vegetal que quieres para una adherencia perfecta, sin colorantes ni otro tipo de aditivos.<\/div>\n","protected":false},"featured_media":7521,"template":"","meta":{"_acf_changed":false,"inline_featured_image":false},"product_brand":[],"product_cat":[67,101],"product_tag":[],"class_list":{"0":"post-929","1":"product","2":"type-product","3":"status-publish","4":"has-post-thumbnail","6":"product_cat-papeles","7":"product_cat-medium","9":"first","10":"instock","11":"shipping-taxable","12":"product-type-simple"},"acf":[],"yoast_head":"<!-- This site is optimized with the Yoast SEO plugin v26.2 - https:\/\/yoast.com\/wordpress\/plugins\/seo\/ -->\n<title>Papel Medium Thinnest | Smoking Paper<\/title>\n<meta name=\"description\" content=\"La revoluci\u00f3n de la delgadez con Thinnest Papers de Smoking. Con 50 hojas ultradelgadas con combusti\u00f3n lenta, este papel redefine tu experiencia de fumar.\" \/>\n<meta name=\"robots\" content=\"index, follow, max-snippet:-1, max-image-preview:large, max-video-preview:-1\" \/>\n<link rel=\"canonical\" href=\"https:\/\/www.smokingpaper.com\/es\/producto\/thinnest\/\" \/>\n<meta property=\"og:locale\" content=\"es_ES\" \/>\n<meta property=\"og:type\" content=\"article\" \/>\n<meta property=\"og:title\" content=\"Papel Medium Thinnest | Smoking Paper\" \/>\n<meta property=\"og:description\" content=\"La revoluci\u00f3n de la delgadez con Thinnest Papers de Smoking. Con 50 hojas ultradelgadas con combusti\u00f3n lenta, este papel redefine tu experiencia de fumar.\" \/>\n<meta property=\"og:url\" content=\"https:\/\/www.smokingpaper.com\/es\/producto\/thinnest\/\" \/>\n<meta property=\"og:site_name\" content=\"Smoking\" \/>\n<meta property=\"article:modified_time\" content=\"2024-12-12T12:47:53+00:00\" \/>\n<meta property=\"og:image\" content=\"https:\/\/www.smokingpaper.com\/wp-content\/uploads\/2022\/01\/3d-librito-smokiing-thinnest-medium-1.png\" \/>\n\t<meta property=\"og:image:width\" content=\"1280\" \/>\n\t<meta property=\"og:image:height\" content=\"717\" \/>\n\t<meta property=\"og:image:type\" content=\"image\/png\" \/>\n<meta name=\"twitter:card\" content=\"summary_large_image\" \/>\n<meta name=\"twitter:label1\" content=\"Tiempo de lectura\" \/>\n\t<meta name=\"twitter:data1\" content=\"1 minuto\" \/>\n<!-- \/ Yoast SEO plugin. -->","yoast_head_json":{"title":"Papel Medium Thinnest | Smoking Paper","description":"La revoluci\u00f3n de la delgadez con Thinnest Papers de Smoking. Con 50 hojas ultradelgadas con combusti\u00f3n lenta, este papel redefine tu experiencia de fumar.","robots":{"index":"index","follow":"follow","max-snippet":"max-snippet:-1","max-image-preview":"max-image-preview:large","max-video-preview":"max-video-preview:-1"},"canonical":"https:\/\/www.smokingpaper.com\/es\/producto\/thinnest\/","og_locale":"es_ES","og_type":"article","og_title":"Papel Medium Thinnest | Smoking Paper","og_description":"La revoluci\u00f3n de la delgadez con Thinnest Papers de Smoking. Con 50 hojas ultradelgadas con combusti\u00f3n lenta, este papel redefine tu experiencia de fumar.","og_url":"https:\/\/www.smokingpaper.com\/es\/producto\/thinnest\/","og_site_name":"Smoking","article_modified_time":"2024-12-12T12:47:53+00:00","og_image":[{"width":1280,"height":717,"url":"https:\/\/www.smokingpaper.com\/wp-content\/uploads\/2022\/01\/3d-librito-smokiing-thinnest-medium-1.png","type":"image\/png"}],"twitter_card":"summary_large_image","twitter_misc":{"Tiempo de lectura":"1 minuto"},"schema":{"@context":"https:\/\/schema.org","@graph":[{"@type":"BreadcrumbList","@id":"https:\/\/www.smokingpaper.com\/es\/producto\/thinnest\/#breadcrumb","itemListElement":[{"@type":"ListItem","position":1,"name":"Home","item":"https:\/\/www.smokingpaper.com\/es\/"},{"@type":"ListItem","position":2,"name":"Productos","item":"https:\/\/www.smokingpaper.com\/es\/shop\/"},{"@type":"ListItem","position":3,"name":"Papel de liar","item":"https:\/\/www.smokingpaper.com\/es\/productos\/papeles\/"},{"@type":"ListItem","position":4,"name":"Thinnest Medium"}]}]}},"_links":{"self":[{"href":"https:\/\/www.smokingpaper.com\/es\/wp-json\/wp\/v2\/product\/929","targetHints":{"allow":["GET"]}}],"collection":[{"href":"https:\/\/www.smokingpaper.com\/es\/wp-json\/wp\/v2\/product"}],"about":[{"href":"https:\/\/www.smokingpaper.com\/es\/wp-json\/wp\/v2\/types\/product"}],"wp:featuredmedia":[{"embeddable":true,"href":"https:\/\/www.smokingpaper.com\/es\/wp-json\/wp\/v2\/media\/7521"}],"wp:attachment":[{"href":"https:\/\/www.smokingpaper.com\/es\/wp-json\/wp\/v2\/media?parent=929"}],"wp:term":[{"taxonomy":"product_brand","embeddable":true,"href":"https:\/\/www.smokingpaper.com\/es\/wp-json\/wp\/v2\/product_brand?post=929"},{"taxonomy":"product_cat","embeddable":true,"href":"https:\/\/www.smokingpaper.com\/es\/wp-json\/wp\/v2\/product_cat?post=929"},{"taxonomy":"product_tag","embeddable":true,"href":"https:\/\/www.smokingpaper.com\/es\/wp-json\/wp\/v2\/product_tag?post=929"}],"curies":[{"name":"wp","href":"https:\/\/api.w.org\/{rel}","templated":true}]}}