{"id":913,"date":"2021-12-02T21:49:50","date_gmt":"2021-12-02T20:49:50","guid":{"rendered":"http:\/\/new.smokingpaper.com\/?post_type=product&#038;p=913"},"modified":"2024-01-01T15:56:29","modified_gmt":"2024-01-01T14:56:29","slug":"brown-papers-medium-tips","status":"publish","type":"product","link":"https:\/\/www.smokingpaper.com\/es\/producto\/brown-papers-medium-tips\/","title":{"rendered":"Papeles Brown Medium + Tips"},"content":{"rendered":"","protected":false},"excerpt":{"rendered":"<div class=\"descripcion\">\n<div class=\"descripcion\">\n<div class=\"descripcion\">\n<div class=\"descripcion\">\n<div class=\"descripcion\">\n<div class=\"descripcion\">\n<div class=\"descripcion\">\n<div class=\"descripcion\">\n<div class=\"descripcion\">\n<div class=\"descripcion\">\n<div class=\"descripcion\">\n<div class=\"descripcion\">\n<div class=\"descripcion\">\n<p><span data-sheets-value=\"{&quot;1&quot;:2,&quot;2&quot;:&quot;\u00a1El pack sostenible y c\u00f3modo que estabas buscando! El t\u00e1ndem de papeles Brown Medium + Tips tiene todo lo que necesitas para liar tus cigarrillos, ahora con papel y cart\u00f3n sin blanquear, por lo que tambi\u00e9n son m\u00e1s sostenibles con el medio ambiente. Cuentas con 50 hojas Brown ideales para nuestro formato MEDIUM y ultrafino, para disfrutar de m\u00e1xima transparencia y buena resistencia. Se complementan con otros 50 tips de cart\u00f3n en tama\u00f1o 60 x 20 mm.&quot;}\" data-sheets-userformat=\"{&quot;2&quot;:1319869,&quot;3&quot;:{&quot;1&quot;:0},&quot;5&quot;:{&quot;1&quot;:[{&quot;1&quot;:2,&quot;2&quot;:0,&quot;5&quot;:{&quot;1&quot;:2,&quot;2&quot;:0}},{&quot;1&quot;:0,&quot;2&quot;:0,&quot;3&quot;:3},{&quot;1&quot;:1,&quot;2&quot;:0,&quot;4&quot;:1}]},&quot;6&quot;:{&quot;1&quot;:[{&quot;1&quot;:2,&quot;2&quot;:0,&quot;5&quot;:{&quot;1&quot;:2,&quot;2&quot;:0}},{&quot;1&quot;:0,&quot;2&quot;:0,&quot;3&quot;:3},{&quot;1&quot;:1,&quot;2&quot;:0,&quot;4&quot;:1}]},&quot;7&quot;:{&quot;1&quot;:[{&quot;1&quot;:2,&quot;2&quot;:0,&quot;5&quot;:{&quot;1&quot;:2,&quot;2&quot;:0}},{&quot;1&quot;:0,&quot;2&quot;:0,&quot;3&quot;:3},{&quot;1&quot;:1,&quot;2&quot;:0,&quot;4&quot;:1}]},&quot;8&quot;:{&quot;1&quot;:[{&quot;1&quot;:2,&quot;2&quot;:0,&quot;5&quot;:{&quot;1&quot;:2,&quot;2&quot;:0}},{&quot;1&quot;:0,&quot;2&quot;:0,&quot;3&quot;:3},{&quot;1&quot;:1,&quot;2&quot;:0,&quot;4&quot;:1}]},&quot;10&quot;:1,&quot;11&quot;:4,&quot;12&quot;:0,&quot;16&quot;:10,&quot;21&quot;:0,&quot;23&quot;:2}\">\u00a1El pack sostenible y c\u00f3modo que estabas buscando! El t\u00e1ndem de papeles Brown Medium + Tips tiene todo lo que necesitas para liar tus cigarrillos, ahora con papel y cart\u00f3n sin blanquear, por lo que tambi\u00e9n son m\u00e1s sostenibles con el medio ambiente. Cuentas con 50 hojas Brown ideales para nuestro formato MEDIUM y ultrafino, para disfrutar de m\u00e1xima transparencia y buena resistencia. Se complementan con otros 50 tips de cart\u00f3n en tama\u00f1o 77 x 24 mm.<\/span><\/p>\n<\/div>\n<\/div>\n<\/div>\n<\/div>\n<\/div>\n<\/div>\n<\/div>\n<\/div>\n<\/div>\n<\/div>\n<\/div>\n<\/div>\n<\/div>\n","protected":false},"featured_media":4374,"template":"","meta":{"_acf_changed":false,"inline_featured_image":false},"product_brand":[],"product_cat":[67,101],"product_tag":[],"class_list":{"0":"post-913","1":"product","2":"type-product","3":"status-publish","4":"has-post-thumbnail","6":"product_cat-papeles","7":"product_cat-medium","9":"first","10":"instock","11":"shipping-taxable","12":"product-type-simple"},"acf":[],"yoast_head":"<!-- This site is optimized with the Yoast SEO plugin v26.2 - https:\/\/yoast.com\/wordpress\/plugins\/seo\/ -->\n<title>Papeles Brown Medium + Tips | Smoking Papel<\/title>\n<meta name=\"description\" content=\"Brown Paper Medium + Tips, incluyendo 50 hojas de papel ultrafino y 50 tips de cart\u00f3n. Un producto sostenible y de combusti\u00f3n lenta \u00a1Elige papeles Smoking!\" \/>\n<meta name=\"robots\" content=\"index, follow, max-snippet:-1, max-image-preview:large, max-video-preview:-1\" \/>\n<link rel=\"canonical\" href=\"https:\/\/www.smokingpaper.com\/es\/producto\/brown-papers-medium-tips\/\" \/>\n<meta property=\"og:locale\" content=\"es_ES\" \/>\n<meta property=\"og:type\" content=\"article\" \/>\n<meta property=\"og:title\" content=\"Papeles Brown Medium + Tips | Smoking Papel\" \/>\n<meta property=\"og:description\" content=\"Brown Paper Medium + Tips, incluyendo 50 hojas de papel ultrafino y 50 tips de cart\u00f3n. Un producto sostenible y de combusti\u00f3n lenta \u00a1Elige papeles Smoking!\" \/>\n<meta property=\"og:url\" content=\"https:\/\/www.smokingpaper.com\/es\/producto\/brown-papers-medium-tips\/\" \/>\n<meta property=\"og:site_name\" content=\"Smoking\" \/>\n<meta property=\"article:modified_time\" content=\"2024-01-01T14:56:29+00:00\" \/>\n<meta property=\"og:image\" content=\"https:\/\/www.smokingpaper.com\/wp-content\/uploads\/2021\/12\/3D-Smoking-Brown-Med-TIPS-LIBRITO.png\" \/>\n\t<meta property=\"og:image:width\" content=\"1000\" \/>\n\t<meta property=\"og:image:height\" content=\"647\" \/>\n\t<meta property=\"og:image:type\" content=\"image\/png\" \/>\n<meta name=\"twitter:card\" content=\"summary_large_image\" \/>\n<!-- \/ Yoast SEO plugin. -->","yoast_head_json":{"title":"Papeles Brown Medium + Tips | Smoking Papel","description":"Brown Paper Medium + Tips, incluyendo 50 hojas de papel ultrafino y 50 tips de cart\u00f3n. Un producto sostenible y de combusti\u00f3n lenta \u00a1Elige papeles Smoking!","robots":{"index":"index","follow":"follow","max-snippet":"max-snippet:-1","max-image-preview":"max-image-preview:large","max-video-preview":"max-video-preview:-1"},"canonical":"https:\/\/www.smokingpaper.com\/es\/producto\/brown-papers-medium-tips\/","og_locale":"es_ES","og_type":"article","og_title":"Papeles Brown Medium + Tips | Smoking Papel","og_description":"Brown Paper Medium + Tips, incluyendo 50 hojas de papel ultrafino y 50 tips de cart\u00f3n. Un producto sostenible y de combusti\u00f3n lenta \u00a1Elige papeles Smoking!","og_url":"https:\/\/www.smokingpaper.com\/es\/producto\/brown-papers-medium-tips\/","og_site_name":"Smoking","article_modified_time":"2024-01-01T14:56:29+00:00","og_image":[{"width":1000,"height":647,"url":"https:\/\/www.smokingpaper.com\/wp-content\/uploads\/2021\/12\/3D-Smoking-Brown-Med-TIPS-LIBRITO.png","type":"image\/png"}],"twitter_card":"summary_large_image","schema":{"@context":"https:\/\/schema.org","@graph":[{"@type":"BreadcrumbList","@id":"https:\/\/www.smokingpaper.com\/es\/producto\/brown-papers-medium-tips\/#breadcrumb","itemListElement":[{"@type":"ListItem","position":1,"name":"Home","item":"https:\/\/www.smokingpaper.com\/es\/"},{"@type":"ListItem","position":2,"name":"Productos","item":"https:\/\/www.smokingpaper.com\/es\/shop\/"},{"@type":"ListItem","position":3,"name":"Papel de liar","item":"https:\/\/www.smokingpaper.com\/es\/productos\/papeles\/"},{"@type":"ListItem","position":4,"name":"Papeles Brown Medium + Tips"}]}]}},"_links":{"self":[{"href":"https:\/\/www.smokingpaper.com\/es\/wp-json\/wp\/v2\/product\/913","targetHints":{"allow":["GET"]}}],"collection":[{"href":"https:\/\/www.smokingpaper.com\/es\/wp-json\/wp\/v2\/product"}],"about":[{"href":"https:\/\/www.smokingpaper.com\/es\/wp-json\/wp\/v2\/types\/product"}],"wp:featuredmedia":[{"embeddable":true,"href":"https:\/\/www.smokingpaper.com\/es\/wp-json\/wp\/v2\/media\/4374"}],"wp:attachment":[{"href":"https:\/\/www.smokingpaper.com\/es\/wp-json\/wp\/v2\/media?parent=913"}],"wp:term":[{"taxonomy":"product_brand","embeddable":true,"href":"https:\/\/www.smokingpaper.com\/es\/wp-json\/wp\/v2\/product_brand?post=913"},{"taxonomy":"product_cat","embeddable":true,"href":"https:\/\/www.smokingpaper.com\/es\/wp-json\/wp\/v2\/product_cat?post=913"},{"taxonomy":"product_tag","embeddable":true,"href":"https:\/\/www.smokingpaper.com\/es\/wp-json\/wp\/v2\/product_tag?post=913"}],"curies":[{"name":"wp","href":"https:\/\/api.w.org\/{rel}","templated":true}]}}