{"id":886,"date":"2021-12-02T20:42:07","date_gmt":"2021-12-02T19:42:07","guid":{"rendered":"http:\/\/new.smokingpaper.com\/?post_type=product&#038;p=886"},"modified":"2023-10-08T23:56:13","modified_gmt":"2023-10-08T21:56:13","slug":"ultra-slim-filters","status":"publish","type":"product","link":"https:\/\/www.smokingpaper.com\/es\/producto\/ultra-slim-filters\/","title":{"rendered":"Filtros Ultra Slim"},"content":{"rendered":"","protected":false},"excerpt":{"rendered":"<div class=\"descripcion\">\n<div class=\"descripcion\">\n<div class=\"descripcion\">\n<div class=\"descripcion\">\n<div class=\"descripcion\">\n<div class=\"descripcion\">\n<div class=\"descripcion\">\n<div class=\"descripcion\">\n<div class=\"descripcion\">Nuestros filtros Ultra Slim son los m\u00e1s finos que puedes aprovechar a la hora de liar. Con una longitud de 15 mm y un di\u00e1metro de 5,3 mm, podr\u00e1s conseguir un cigarrillo muy delgado tal y como est\u00e1s buscando. En este pack cuentas con 150 filtros Ultra Slim recubiertos de papel, para liar tus cigarrillos con el di\u00e1metro m\u00e1s estrecho posible.<\/div>\n<\/div>\n<\/div>\n<\/div>\n<\/div>\n<\/div>\n<\/div>\n<\/div>\n<\/div>\n","protected":false},"featured_media":2230,"template":"","meta":{"_acf_changed":false,"inline_featured_image":false},"product_brand":[],"product_cat":[213],"product_tag":[],"class_list":{"0":"post-886","1":"product","2":"type-product","3":"status-publish","4":"has-post-thumbnail","6":"product_cat-filtros","8":"first","9":"instock","10":"shipping-taxable","11":"product-type-simple"},"acf":[],"yoast_head":"<!-- This site is optimized with the Yoast SEO plugin v26.2 - https:\/\/yoast.com\/wordpress\/plugins\/seo\/ -->\n<title>Ultra Slim Filters | Smoking Papel<\/title>\n<meta name=\"description\" content=\"Filtros Classic Ultra Slim, productos para fumadores de la mejor calidad en Smoking Paper \u2705 A los mejores precios.\" \/>\n<meta name=\"robots\" content=\"index, follow, max-snippet:-1, max-image-preview:large, max-video-preview:-1\" \/>\n<link rel=\"canonical\" href=\"https:\/\/www.smokingpaper.com\/es\/producto\/ultra-slim-filters\/\" \/>\n<meta property=\"og:locale\" content=\"es_ES\" \/>\n<meta property=\"og:type\" content=\"article\" \/>\n<meta property=\"og:title\" content=\"Ultra Slim Filters | Smoking Papel\" \/>\n<meta property=\"og:description\" content=\"Filtros Classic Ultra Slim, productos para fumadores de la mejor calidad en Smoking Paper \u2705 A los mejores precios.\" \/>\n<meta property=\"og:url\" content=\"https:\/\/www.smokingpaper.com\/es\/producto\/ultra-slim-filters\/\" \/>\n<meta property=\"og:site_name\" content=\"Smoking\" \/>\n<meta property=\"article:modified_time\" content=\"2023-10-08T21:56:13+00:00\" \/>\n<meta property=\"og:image\" content=\"https:\/\/www.smokingpaper.com\/wp-content\/uploads\/2021\/12\/Nuevo_proyecto__43_-removebg-preview.png\" \/>\n\t<meta property=\"og:image:width\" content=\"667\" \/>\n\t<meta property=\"og:image:height\" content=\"374\" \/>\n\t<meta property=\"og:image:type\" content=\"image\/png\" \/>\n<meta name=\"twitter:card\" content=\"summary_large_image\" \/>\n<!-- \/ Yoast SEO plugin. -->","yoast_head_json":{"title":"Ultra Slim Filters | Smoking Papel","description":"Filtros Classic Ultra Slim, productos para fumadores de la mejor calidad en Smoking Paper \u2705 A los mejores precios.","robots":{"index":"index","follow":"follow","max-snippet":"max-snippet:-1","max-image-preview":"max-image-preview:large","max-video-preview":"max-video-preview:-1"},"canonical":"https:\/\/www.smokingpaper.com\/es\/producto\/ultra-slim-filters\/","og_locale":"es_ES","og_type":"article","og_title":"Ultra Slim Filters | Smoking Papel","og_description":"Filtros Classic Ultra Slim, productos para fumadores de la mejor calidad en Smoking Paper \u2705 A los mejores precios.","og_url":"https:\/\/www.smokingpaper.com\/es\/producto\/ultra-slim-filters\/","og_site_name":"Smoking","article_modified_time":"2023-10-08T21:56:13+00:00","og_image":[{"width":667,"height":374,"url":"https:\/\/www.smokingpaper.com\/wp-content\/uploads\/2021\/12\/Nuevo_proyecto__43_-removebg-preview.png","type":"image\/png"}],"twitter_card":"summary_large_image","schema":{"@context":"https:\/\/schema.org","@graph":[{"@type":"BreadcrumbList","@id":"https:\/\/www.smokingpaper.com\/es\/producto\/ultra-slim-filters\/#breadcrumb","itemListElement":[{"@type":"ListItem","position":1,"name":"Home","item":"https:\/\/www.smokingpaper.com\/es\/"},{"@type":"ListItem","position":2,"name":"Productos","item":"https:\/\/www.smokingpaper.com\/es\/shop\/"},{"@type":"ListItem","position":3,"name":"Filtros","item":"https:\/\/www.smokingpaper.com\/es\/productos\/filtros\/"},{"@type":"ListItem","position":4,"name":"Filtros Ultra Slim"}]}]}},"_links":{"self":[{"href":"https:\/\/www.smokingpaper.com\/es\/wp-json\/wp\/v2\/product\/886","targetHints":{"allow":["GET"]}}],"collection":[{"href":"https:\/\/www.smokingpaper.com\/es\/wp-json\/wp\/v2\/product"}],"about":[{"href":"https:\/\/www.smokingpaper.com\/es\/wp-json\/wp\/v2\/types\/product"}],"wp:featuredmedia":[{"embeddable":true,"href":"https:\/\/www.smokingpaper.com\/es\/wp-json\/wp\/v2\/media\/2230"}],"wp:attachment":[{"href":"https:\/\/www.smokingpaper.com\/es\/wp-json\/wp\/v2\/media?parent=886"}],"wp:term":[{"taxonomy":"product_brand","embeddable":true,"href":"https:\/\/www.smokingpaper.com\/es\/wp-json\/wp\/v2\/product_brand?post=886"},{"taxonomy":"product_cat","embeddable":true,"href":"https:\/\/www.smokingpaper.com\/es\/wp-json\/wp\/v2\/product_cat?post=886"},{"taxonomy":"product_tag","embeddable":true,"href":"https:\/\/www.smokingpaper.com\/es\/wp-json\/wp\/v2\/product_tag?post=886"}],"curies":[{"name":"wp","href":"https:\/\/api.w.org\/{rel}","templated":true}]}}