{"id":883,"date":"2021-12-02T20:40:19","date_gmt":"2021-12-02T19:40:19","guid":{"rendered":"http:\/\/new.smokingpaper.com\/?post_type=product&#038;p=883"},"modified":"2023-10-05T09:43:34","modified_gmt":"2023-10-05T07:43:34","slug":"conical-black","status":"publish","type":"product","link":"https:\/\/www.smokingpaper.com\/es\/producto\/conical-black\/","title":{"rendered":"Filtros Conical Black"},"content":{"rendered":"","protected":false},"excerpt":{"rendered":"<p><span data-sheets-value=\"{&quot;1&quot;:2,&quot;2&quot;:&quot;\u00a1Es la \u00faltima revoluci\u00f3n en filtros! Los conical black filters cuentan con 33 puntas c\u00f3nicas de cart\u00f3n precortadas extragrandes (tama\u00f1o King Size) para conseguir un cigarro m\u00e1s uniforme y c\u00f3modo al ser m\u00e1s ancho y largo que el formato est\u00e1ndar. Adem\u00e1s, la forma c\u00f3nica le permite rodar una punta de cono de forma perfecta para conseguir una base buena para tu propio rollo c\u00f3nico.&quot;}\" data-sheets-userformat=\"{&quot;2&quot;:7037,&quot;3&quot;:{&quot;1&quot;:0},&quot;5&quot;:{&quot;1&quot;:[{&quot;1&quot;:2,&quot;2&quot;:0,&quot;5&quot;:{&quot;1&quot;:2,&quot;2&quot;:0}},{&quot;1&quot;:0,&quot;2&quot;:0,&quot;3&quot;:3},{&quot;1&quot;:1,&quot;2&quot;:0,&quot;4&quot;:1}]},&quot;6&quot;:{&quot;1&quot;:[{&quot;1&quot;:2,&quot;2&quot;:0,&quot;5&quot;:{&quot;1&quot;:2,&quot;2&quot;:0}},{&quot;1&quot;:0,&quot;2&quot;:0,&quot;3&quot;:3},{&quot;1&quot;:1,&quot;2&quot;:0,&quot;4&quot;:1}]},&quot;7&quot;:{&quot;1&quot;:[{&quot;1&quot;:2,&quot;2&quot;:0,&quot;5&quot;:{&quot;1&quot;:2,&quot;2&quot;:0}},{&quot;1&quot;:0,&quot;2&quot;:0,&quot;3&quot;:3},{&quot;1&quot;:1,&quot;2&quot;:0,&quot;4&quot;:1}]},&quot;8&quot;:{&quot;1&quot;:[{&quot;1&quot;:2,&quot;2&quot;:0,&quot;5&quot;:{&quot;1&quot;:2,&quot;2&quot;:0}},{&quot;1&quot;:0,&quot;2&quot;:0,&quot;3&quot;:3},{&quot;1&quot;:1,&quot;2&quot;:0,&quot;4&quot;:1}]},&quot;9&quot;:0,&quot;11&quot;:4,&quot;12&quot;:0,&quot;14&quot;:{&quot;1&quot;:2,&quot;2&quot;:0},&quot;15&quot;:&quot;Arial&quot;}\">\u00a1Es la \u00faltima revoluci\u00f3n en filtros! Los conical black filters cuentan con 33 puntas c\u00f3nicas de cart\u00f3n precortadas extragrandes (tama\u00f1o King Size) para conseguir un cigarro m\u00e1s uniforme y c\u00f3modo al ser m\u00e1s ancho y largo que el formato est\u00e1ndar. Adem\u00e1s, la forma c\u00f3nica le permite rodar una punta de cono de forma perfecta para conseguir una base buena para tu propio rollo c\u00f3nico.<\/span><\/p>\n","protected":false},"featured_media":813,"template":"","meta":{"_acf_changed":false,"inline_featured_image":false},"product_brand":[],"product_cat":[213],"product_tag":[],"class_list":{"0":"post-883","1":"product","2":"type-product","3":"status-publish","4":"has-post-thumbnail","6":"product_cat-filtros","8":"first","9":"instock","10":"shipping-taxable","11":"product-type-simple"},"acf":[],"yoast_head":"<!-- This site is optimized with the Yoast SEO plugin v26.2 - https:\/\/yoast.com\/wordpress\/plugins\/seo\/ -->\n<title>Filtros Conical Black | Smoking Papel<\/title>\n<meta name=\"description\" content=\"Filtros Conical Black, productos para fumadores de la mejor calidad en Smoking Paper \u2705 A los mejores precios.\" \/>\n<meta name=\"robots\" content=\"index, follow, max-snippet:-1, max-image-preview:large, max-video-preview:-1\" \/>\n<link rel=\"canonical\" href=\"https:\/\/www.smokingpaper.com\/es\/producto\/conical-black\/\" \/>\n<meta property=\"og:locale\" content=\"es_ES\" \/>\n<meta property=\"og:type\" content=\"article\" \/>\n<meta property=\"og:title\" content=\"Filtros Conical Black | Smoking Papel\" \/>\n<meta property=\"og:description\" content=\"Filtros Conical Black, productos para fumadores de la mejor calidad en Smoking Paper \u2705 A los mejores precios.\" \/>\n<meta property=\"og:url\" content=\"https:\/\/www.smokingpaper.com\/es\/producto\/conical-black\/\" \/>\n<meta property=\"og:site_name\" content=\"Smoking\" \/>\n<meta property=\"article:modified_time\" content=\"2023-10-05T07:43:34+00:00\" \/>\n<meta property=\"og:image\" content=\"https:\/\/www.smokingpaper.com\/wp-content\/uploads\/2021\/12\/filtros_conical_black-removebg-preview_optimized.png\" \/>\n\t<meta property=\"og:image:width\" content=\"667\" \/>\n\t<meta property=\"og:image:height\" content=\"374\" \/>\n\t<meta property=\"og:image:type\" content=\"image\/png\" \/>\n<meta name=\"twitter:card\" content=\"summary_large_image\" \/>\n<!-- \/ Yoast SEO plugin. -->","yoast_head_json":{"title":"Filtros Conical Black | Smoking Papel","description":"Filtros Conical Black, productos para fumadores de la mejor calidad en Smoking Paper \u2705 A los mejores precios.","robots":{"index":"index","follow":"follow","max-snippet":"max-snippet:-1","max-image-preview":"max-image-preview:large","max-video-preview":"max-video-preview:-1"},"canonical":"https:\/\/www.smokingpaper.com\/es\/producto\/conical-black\/","og_locale":"es_ES","og_type":"article","og_title":"Filtros Conical Black | Smoking Papel","og_description":"Filtros Conical Black, productos para fumadores de la mejor calidad en Smoking Paper \u2705 A los mejores precios.","og_url":"https:\/\/www.smokingpaper.com\/es\/producto\/conical-black\/","og_site_name":"Smoking","article_modified_time":"2023-10-05T07:43:34+00:00","og_image":[{"width":667,"height":374,"url":"https:\/\/www.smokingpaper.com\/wp-content\/uploads\/2021\/12\/filtros_conical_black-removebg-preview_optimized.png","type":"image\/png"}],"twitter_card":"summary_large_image","schema":{"@context":"https:\/\/schema.org","@graph":[{"@type":"BreadcrumbList","@id":"https:\/\/www.smokingpaper.com\/es\/producto\/conical-black\/#breadcrumb","itemListElement":[{"@type":"ListItem","position":1,"name":"Home","item":"https:\/\/www.smokingpaper.com\/es\/"},{"@type":"ListItem","position":2,"name":"Productos","item":"https:\/\/www.smokingpaper.com\/es\/shop\/"},{"@type":"ListItem","position":3,"name":"Filtros","item":"https:\/\/www.smokingpaper.com\/es\/productos\/filtros\/"},{"@type":"ListItem","position":4,"name":"Filtros Conical Black"}]}]}},"_links":{"self":[{"href":"https:\/\/www.smokingpaper.com\/es\/wp-json\/wp\/v2\/product\/883","targetHints":{"allow":["GET"]}}],"collection":[{"href":"https:\/\/www.smokingpaper.com\/es\/wp-json\/wp\/v2\/product"}],"about":[{"href":"https:\/\/www.smokingpaper.com\/es\/wp-json\/wp\/v2\/types\/product"}],"wp:featuredmedia":[{"embeddable":true,"href":"https:\/\/www.smokingpaper.com\/es\/wp-json\/wp\/v2\/media\/813"}],"wp:attachment":[{"href":"https:\/\/www.smokingpaper.com\/es\/wp-json\/wp\/v2\/media?parent=883"}],"wp:term":[{"taxonomy":"product_brand","embeddable":true,"href":"https:\/\/www.smokingpaper.com\/es\/wp-json\/wp\/v2\/product_brand?post=883"},{"taxonomy":"product_cat","embeddable":true,"href":"https:\/\/www.smokingpaper.com\/es\/wp-json\/wp\/v2\/product_cat?post=883"},{"taxonomy":"product_tag","embeddable":true,"href":"https:\/\/www.smokingpaper.com\/es\/wp-json\/wp\/v2\/product_tag?post=883"}],"curies":[{"name":"wp","href":"https:\/\/api.w.org\/{rel}","templated":true}]}}