{"id":873,"date":"2021-12-02T20:29:44","date_gmt":"2021-12-02T19:29:44","guid":{"rendered":"http:\/\/new.smokingpaper.com\/?post_type=product&#038;p=873"},"modified":"2026-01-08T12:45:35","modified_gmt":"2026-01-08T11:45:35","slug":"deluxe-tips-king-size-filters","status":"publish","type":"product","link":"https:\/\/www.smokingpaper.com\/es\/producto\/deluxe-tips-king-size-filters\/","title":{"rendered":"Filtros Deluxe King Size Tips"},"content":{"rendered":"","protected":false},"excerpt":{"rendered":"<p><span data-sheets-value=\"{&quot;1&quot;:2,&quot;2&quot;:&quot;Aprovecha los filtros Deluxe Tips King Size y consigue liar los cigarrillos al tama\u00f1o que te gusta, de una forma c\u00f3moda y r\u00e1pida. Estos filtros de fumar de Smoking\u00ae est\u00e1n hechos de cart\u00f3n y cuentan con un tama\u00f1o perfecto para cualquier ocasi\u00f3n, con 60 x 20 mm. En cada pack tienes 33 tips, que se han fabricado con precortes ya hechos, para que as\u00ed puedas conseguir un enrollado perfecto y disfrutar de un filtrado superior.&quot;}\" data-sheets-userformat=\"{&quot;2&quot;:1319869,&quot;3&quot;:{&quot;1&quot;:0},&quot;5&quot;:{&quot;1&quot;:[{&quot;1&quot;:2,&quot;2&quot;:0,&quot;5&quot;:{&quot;1&quot;:2,&quot;2&quot;:0}},{&quot;1&quot;:0,&quot;2&quot;:0,&quot;3&quot;:3},{&quot;1&quot;:1,&quot;2&quot;:0,&quot;4&quot;:1}]},&quot;6&quot;:{&quot;1&quot;:[{&quot;1&quot;:2,&quot;2&quot;:0,&quot;5&quot;:{&quot;1&quot;:2,&quot;2&quot;:0}},{&quot;1&quot;:0,&quot;2&quot;:0,&quot;3&quot;:3},{&quot;1&quot;:1,&quot;2&quot;:0,&quot;4&quot;:1}]},&quot;7&quot;:{&quot;1&quot;:[{&quot;1&quot;:2,&quot;2&quot;:0,&quot;5&quot;:{&quot;1&quot;:2,&quot;2&quot;:0}},{&quot;1&quot;:0,&quot;2&quot;:0,&quot;3&quot;:3},{&quot;1&quot;:1,&quot;2&quot;:0,&quot;4&quot;:1}]},&quot;8&quot;:{&quot;1&quot;:[{&quot;1&quot;:2,&quot;2&quot;:0,&quot;5&quot;:{&quot;1&quot;:2,&quot;2&quot;:0}},{&quot;1&quot;:0,&quot;2&quot;:0,&quot;3&quot;:3},{&quot;1&quot;:1,&quot;2&quot;:0,&quot;4&quot;:1}]},&quot;10&quot;:1,&quot;11&quot;:4,&quot;12&quot;:0,&quot;16&quot;:10,&quot;21&quot;:0,&quot;23&quot;:2}\">Aprovecha los filtros Deluxe Tips King Size y consigue liar los cigarrillos al tama\u00f1o que te gusta, de una forma c\u00f3moda y r\u00e1pida. Estos filtros de fumar de Smoking\u00ae est\u00e1n hechos de cart\u00f3n y cuentan con un tama\u00f1o perfecto para cualquier ocasi\u00f3n, con 60 x 25 mm. En cada pack tienes 33 tips, que se han fabricado con precortes ya hechos, para que as\u00ed puedas conseguir un enrollado perfecto y disfrutar de un filtrado superior.<\/span><\/p>\n","protected":false},"featured_media":822,"template":"","meta":{"_acf_changed":false,"inline_featured_image":false},"product_brand":[],"product_cat":[376,213],"product_tag":[],"class_list":{"0":"post-873","1":"product","2":"type-product","3":"status-publish","4":"has-post-thumbnail","6":"product_cat-conos","7":"product_cat-filtros","9":"first","10":"instock","11":"shipping-taxable","12":"product-type-simple"},"acf":[],"yoast_head":"<!-- This site is optimized with the Yoast SEO plugin v26.2 - https:\/\/yoast.com\/wordpress\/plugins\/seo\/ -->\n<title>Filtros Deluxe Tips King Size | Smoking Papel<\/title>\n<meta name=\"description\" content=\"Filtros Deluxe Tips King Size, productos para fumadores de la mejor calidad en Smoking Paper \u2705 A los mejores precios.\" \/>\n<meta name=\"robots\" content=\"index, follow, max-snippet:-1, max-image-preview:large, max-video-preview:-1\" \/>\n<link rel=\"canonical\" href=\"https:\/\/www.smokingpaper.com\/es\/producto\/deluxe-tips-king-size-filters\/\" \/>\n<meta property=\"og:locale\" content=\"es_ES\" \/>\n<meta property=\"og:type\" content=\"article\" \/>\n<meta property=\"og:title\" content=\"Filtros Deluxe Tips King Size | Smoking Papel\" \/>\n<meta property=\"og:description\" content=\"Filtros Deluxe Tips King Size, productos para fumadores de la mejor calidad en Smoking Paper \u2705 A los mejores precios.\" \/>\n<meta property=\"og:url\" content=\"https:\/\/www.smokingpaper.com\/es\/producto\/deluxe-tips-king-size-filters\/\" \/>\n<meta property=\"og:site_name\" content=\"Smoking\" \/>\n<meta property=\"article:modified_time\" content=\"2026-01-08T11:45:35+00:00\" \/>\n<meta property=\"og:image\" content=\"https:\/\/www.smokingpaper.com\/wp-content\/uploads\/2021\/12\/filtros_deluxe_tips_king_size-removebg-preview_optimized.png\" \/>\n\t<meta property=\"og:image:width\" content=\"667\" \/>\n\t<meta property=\"og:image:height\" content=\"374\" \/>\n\t<meta property=\"og:image:type\" content=\"image\/png\" \/>\n<meta name=\"twitter:card\" content=\"summary_large_image\" \/>\n<meta name=\"twitter:label1\" content=\"Tiempo de lectura\" \/>\n\t<meta name=\"twitter:data1\" content=\"1 minuto\" \/>\n<!-- \/ Yoast SEO plugin. -->","yoast_head_json":{"title":"Filtros Deluxe Tips King Size | Smoking Papel","description":"Filtros Deluxe Tips King Size, productos para fumadores de la mejor calidad en Smoking Paper \u2705 A los mejores precios.","robots":{"index":"index","follow":"follow","max-snippet":"max-snippet:-1","max-image-preview":"max-image-preview:large","max-video-preview":"max-video-preview:-1"},"canonical":"https:\/\/www.smokingpaper.com\/es\/producto\/deluxe-tips-king-size-filters\/","og_locale":"es_ES","og_type":"article","og_title":"Filtros Deluxe Tips King Size | Smoking Papel","og_description":"Filtros Deluxe Tips King Size, productos para fumadores de la mejor calidad en Smoking Paper \u2705 A los mejores precios.","og_url":"https:\/\/www.smokingpaper.com\/es\/producto\/deluxe-tips-king-size-filters\/","og_site_name":"Smoking","article_modified_time":"2026-01-08T11:45:35+00:00","og_image":[{"width":667,"height":374,"url":"https:\/\/www.smokingpaper.com\/wp-content\/uploads\/2021\/12\/filtros_deluxe_tips_king_size-removebg-preview_optimized.png","type":"image\/png"}],"twitter_card":"summary_large_image","twitter_misc":{"Tiempo de lectura":"1 minuto"},"schema":{"@context":"https:\/\/schema.org","@graph":[{"@type":"BreadcrumbList","@id":"https:\/\/www.smokingpaper.com\/es\/producto\/deluxe-tips-king-size-filters\/#breadcrumb","itemListElement":[{"@type":"ListItem","position":1,"name":"Home","item":"https:\/\/www.smokingpaper.com\/es\/"},{"@type":"ListItem","position":2,"name":"Productos","item":"https:\/\/www.smokingpaper.com\/es\/shop\/"},{"@type":"ListItem","position":3,"name":"Filtros","item":"https:\/\/www.smokingpaper.com\/es\/productos\/filtros\/"},{"@type":"ListItem","position":4,"name":"Filtros Deluxe King Size Tips"}]}]}},"_links":{"self":[{"href":"https:\/\/www.smokingpaper.com\/es\/wp-json\/wp\/v2\/product\/873","targetHints":{"allow":["GET"]}}],"collection":[{"href":"https:\/\/www.smokingpaper.com\/es\/wp-json\/wp\/v2\/product"}],"about":[{"href":"https:\/\/www.smokingpaper.com\/es\/wp-json\/wp\/v2\/types\/product"}],"wp:featuredmedia":[{"embeddable":true,"href":"https:\/\/www.smokingpaper.com\/es\/wp-json\/wp\/v2\/media\/822"}],"wp:attachment":[{"href":"https:\/\/www.smokingpaper.com\/es\/wp-json\/wp\/v2\/media?parent=873"}],"wp:term":[{"taxonomy":"product_brand","embeddable":true,"href":"https:\/\/www.smokingpaper.com\/es\/wp-json\/wp\/v2\/product_brand?post=873"},{"taxonomy":"product_cat","embeddable":true,"href":"https:\/\/www.smokingpaper.com\/es\/wp-json\/wp\/v2\/product_cat?post=873"},{"taxonomy":"product_tag","embeddable":true,"href":"https:\/\/www.smokingpaper.com\/es\/wp-json\/wp\/v2\/product_tag?post=873"}],"curies":[{"name":"wp","href":"https:\/\/api.w.org\/{rel}","templated":true}]}}