{"id":8635,"date":"2023-12-05T09:11:42","date_gmt":"2023-12-05T08:11:42","guid":{"rendered":"https:\/\/www.smokingpaper.com\/?post_type=product&#038;p=8635"},"modified":"2024-12-17T10:53:57","modified_gmt":"2024-12-17T09:53:57","slug":"supreme-king-size-tips","status":"publish","type":"product","link":"https:\/\/www.smokingpaper.com\/es\/producto\/supreme-king-size-tips\/","title":{"rendered":"Papel Supreme King Size + Tips"},"content":{"rendered":"","protected":false},"excerpt":{"rendered":"<p><span style=\"font-weight: 400;\">Si te inclinas por papeles ultrafinos y de tacto ultra suave,nuestro pack <strong>Supreme+Tips<\/strong> es la mejor opci\u00f3n. Contiene papel blanqueado, sin colorantes ni conservantes y con un dise\u00f1o moderno que cautiva al primer vistazo. Y tambi\u00e9n con certificado FSC, porque est\u00e1 hecho con papel procedente de bosques en los que la preservaci\u00f3n de la Biodiversidad es una prioridad.<\/span><\/p>\n","protected":false},"featured_media":9837,"template":"","meta":{"_acf_changed":false,"inline_featured_image":false},"product_brand":[],"product_cat":[67,92],"product_tag":[],"class_list":{"0":"post-8635","1":"product","2":"type-product","3":"status-publish","4":"has-post-thumbnail","6":"product_cat-papeles","7":"product_cat-kingsize","9":"first","10":"instock","11":"shipping-taxable","12":"product-type-simple"},"acf":[],"yoast_head":"<!-- This site is optimized with the Yoast SEO plugin v26.2 - https:\/\/yoast.com\/wordpress\/plugins\/seo\/ -->\n<title>Papel Supreme King Size + Tips | Smoking Paper<\/title>\n<meta name=\"description\" content=\"\u00bfEs posible tener papel con un tacto ultra suave y cartones para fumar en un mismo paquete? Pues S\u00cd King size supreme + Tips contiene 33 papeles y 33 cartones para fumar.\" \/>\n<meta name=\"robots\" content=\"index, follow, max-snippet:-1, max-image-preview:large, max-video-preview:-1\" \/>\n<link rel=\"canonical\" href=\"https:\/\/www.smokingpaper.com\/es\/producto\/supreme-king-size-tips\/\" \/>\n<meta property=\"og:locale\" content=\"es_ES\" \/>\n<meta property=\"og:type\" content=\"article\" \/>\n<meta property=\"og:title\" content=\"Papel Supreme King Size + Tips | Smoking Paper\" \/>\n<meta property=\"og:description\" content=\"\u00bfEs posible tener papel con un tacto ultra suave y cartones para fumar en un mismo paquete? Pues S\u00cd King size supreme + Tips contiene 33 papeles y 33 cartones para fumar.\" \/>\n<meta property=\"og:url\" content=\"https:\/\/www.smokingpaper.com\/es\/producto\/supreme-king-size-tips\/\" \/>\n<meta property=\"og:site_name\" content=\"Smoking\" \/>\n<meta property=\"article:modified_time\" content=\"2024-12-17T09:53:57+00:00\" \/>\n<meta property=\"og:image\" content=\"https:\/\/www.smokingpaper.com\/wp-content\/uploads\/2023\/12\/3D-Smoking-SUPREM-KS-Tips-03.png\" \/>\n\t<meta property=\"og:image:width\" content=\"2993\" \/>\n\t<meta property=\"og:image:height\" content=\"1935\" \/>\n\t<meta property=\"og:image:type\" content=\"image\/png\" \/>\n<meta name=\"twitter:card\" content=\"summary_large_image\" \/>\n<!-- \/ Yoast SEO plugin. -->","yoast_head_json":{"title":"Papel Supreme King Size + Tips | Smoking Paper","description":"\u00bfEs posible tener papel con un tacto ultra suave y cartones para fumar en un mismo paquete? Pues S\u00cd King size supreme + Tips contiene 33 papeles y 33 cartones para fumar.","robots":{"index":"index","follow":"follow","max-snippet":"max-snippet:-1","max-image-preview":"max-image-preview:large","max-video-preview":"max-video-preview:-1"},"canonical":"https:\/\/www.smokingpaper.com\/es\/producto\/supreme-king-size-tips\/","og_locale":"es_ES","og_type":"article","og_title":"Papel Supreme King Size + Tips | Smoking Paper","og_description":"\u00bfEs posible tener papel con un tacto ultra suave y cartones para fumar en un mismo paquete? Pues S\u00cd King size supreme + Tips contiene 33 papeles y 33 cartones para fumar.","og_url":"https:\/\/www.smokingpaper.com\/es\/producto\/supreme-king-size-tips\/","og_site_name":"Smoking","article_modified_time":"2024-12-17T09:53:57+00:00","og_image":[{"width":2993,"height":1935,"url":"https:\/\/www.smokingpaper.com\/wp-content\/uploads\/2023\/12\/3D-Smoking-SUPREM-KS-Tips-03.png","type":"image\/png"}],"twitter_card":"summary_large_image","schema":{"@context":"https:\/\/schema.org","@graph":[{"@type":"BreadcrumbList","@id":"https:\/\/www.smokingpaper.com\/es\/producto\/supreme-king-size-tips\/#breadcrumb","itemListElement":[{"@type":"ListItem","position":1,"name":"Home","item":"https:\/\/www.smokingpaper.com\/es\/"},{"@type":"ListItem","position":2,"name":"Productos","item":"https:\/\/www.smokingpaper.com\/es\/shop\/"},{"@type":"ListItem","position":3,"name":"Papel de liar","item":"https:\/\/www.smokingpaper.com\/es\/productos\/papeles\/"},{"@type":"ListItem","position":4,"name":"King Size","item":"https:\/\/www.smokingpaper.com\/es\/productos\/papeles\/kingsize\/"},{"@type":"ListItem","position":5,"name":"Papel Supreme King Size + Tips"}]}]}},"_links":{"self":[{"href":"https:\/\/www.smokingpaper.com\/es\/wp-json\/wp\/v2\/product\/8635","targetHints":{"allow":["GET"]}}],"collection":[{"href":"https:\/\/www.smokingpaper.com\/es\/wp-json\/wp\/v2\/product"}],"about":[{"href":"https:\/\/www.smokingpaper.com\/es\/wp-json\/wp\/v2\/types\/product"}],"wp:featuredmedia":[{"embeddable":true,"href":"https:\/\/www.smokingpaper.com\/es\/wp-json\/wp\/v2\/media\/9837"}],"wp:attachment":[{"href":"https:\/\/www.smokingpaper.com\/es\/wp-json\/wp\/v2\/media?parent=8635"}],"wp:term":[{"taxonomy":"product_brand","embeddable":true,"href":"https:\/\/www.smokingpaper.com\/es\/wp-json\/wp\/v2\/product_brand?post=8635"},{"taxonomy":"product_cat","embeddable":true,"href":"https:\/\/www.smokingpaper.com\/es\/wp-json\/wp\/v2\/product_cat?post=8635"},{"taxonomy":"product_tag","embeddable":true,"href":"https:\/\/www.smokingpaper.com\/es\/wp-json\/wp\/v2\/product_tag?post=8635"}],"curies":[{"name":"wp","href":"https:\/\/api.w.org\/{rel}","templated":true}]}}