{"id":8623,"date":"2023-12-05T08:34:50","date_gmt":"2023-12-05T07:34:50","guid":{"rendered":"https:\/\/www.smokingpaper.com\/?post_type=product&#038;p=8623"},"modified":"2024-06-11T09:50:21","modified_gmt":"2024-06-11T07:50:21","slug":"supreme-king-size","status":"publish","type":"product","link":"https:\/\/www.smokingpaper.com\/es\/producto\/supreme-king-size\/","title":{"rendered":"Papel Supreme King Size"},"content":{"rendered":"","protected":false},"excerpt":{"rendered":"<p><span style=\"font-weight: 400;\">Abre la puerta a infinitas posibilidades con el nuevo papel de liar Supreme King Size de Smoking Paper. Descubre la \u00faltima innovaci\u00f3n del mercado con su tacto ultra suave, que te va a sorprender al primer instante y que vas a disfrutar hasta el \u00faltimo momento. Una nueva f\u00f3rmula de papel \u00a1para una experiencia suprema! Sobre todo gracias al formato de tama\u00f1o superior King Size, para quienes lo quer\u00e9is todo a lo grande. Un libro de papel de liar con 50 hojas de ultra fin\u00edsimo papel, con combusti\u00f3n lenta y goma natural 100% que no contiene colorantes ni aditivos. Con un dise\u00f1o moderno que cautiva al primer vistazo. Y tambi\u00e9n con certificado FSC, porque est\u00e1 hecho con papel procedente de bosques en los que la preservaci\u00f3n de la Biodiversidad es una prioridad. \u00a1Descubre la nueva gama Supreme de Smoking a lo grande!<\/span><\/p>\n","protected":false},"featured_media":9939,"template":"","meta":{"_acf_changed":false,"inline_featured_image":false},"product_brand":[],"product_cat":[67,92],"product_tag":[],"class_list":{"0":"post-8623","1":"product","2":"type-product","3":"status-publish","4":"has-post-thumbnail","6":"product_cat-papeles","7":"product_cat-kingsize","9":"first","10":"instock","11":"shipping-taxable","12":"product-type-simple"},"acf":[],"yoast_head":"<!-- This site is optimized with the Yoast SEO plugin v26.2 - https:\/\/yoast.com\/wordpress\/plugins\/seo\/ -->\n<title>Papel Supreme King Size | Smoking<\/title>\n<meta name=\"description\" content=\"\u00bfEres un autentico fum\u00f3n? No te pierdes este nuevo papel para fumar con un tacto ultra suave. A que esperas para disfruta la nueva f\u00f3rmula de papel. \u00a1Experiencia suprema!\" \/>\n<meta name=\"robots\" content=\"index, follow, max-snippet:-1, max-image-preview:large, max-video-preview:-1\" \/>\n<link rel=\"canonical\" href=\"https:\/\/www.smokingpaper.com\/es\/producto\/supreme-king-size\/\" \/>\n<meta property=\"og:locale\" content=\"es_ES\" \/>\n<meta property=\"og:type\" content=\"article\" \/>\n<meta property=\"og:title\" content=\"Papel Supreme King Size | Smoking\" \/>\n<meta property=\"og:description\" content=\"\u00bfEres un autentico fum\u00f3n? No te pierdes este nuevo papel para fumar con un tacto ultra suave. A que esperas para disfruta la nueva f\u00f3rmula de papel. \u00a1Experiencia suprema!\" \/>\n<meta property=\"og:url\" content=\"https:\/\/www.smokingpaper.com\/es\/producto\/supreme-king-size\/\" \/>\n<meta property=\"og:site_name\" content=\"Smoking\" \/>\n<meta property=\"article:modified_time\" content=\"2024-06-11T07:50:21+00:00\" \/>\n<meta property=\"og:image\" content=\"https:\/\/www.smokingpaper.com\/wp-content\/uploads\/2023\/12\/3D-LIBRITO-KS-SUPREME-01-1.png\" \/>\n\t<meta property=\"og:image:width\" content=\"1080\" \/>\n\t<meta property=\"og:image:height\" content=\"562\" \/>\n\t<meta property=\"og:image:type\" content=\"image\/png\" \/>\n<meta name=\"twitter:card\" content=\"summary_large_image\" \/>\n<!-- \/ Yoast SEO plugin. -->","yoast_head_json":{"title":"Papel Supreme King Size | Smoking","description":"\u00bfEres un autentico fum\u00f3n? No te pierdes este nuevo papel para fumar con un tacto ultra suave. A que esperas para disfruta la nueva f\u00f3rmula de papel. \u00a1Experiencia suprema!","robots":{"index":"index","follow":"follow","max-snippet":"max-snippet:-1","max-image-preview":"max-image-preview:large","max-video-preview":"max-video-preview:-1"},"canonical":"https:\/\/www.smokingpaper.com\/es\/producto\/supreme-king-size\/","og_locale":"es_ES","og_type":"article","og_title":"Papel Supreme King Size | Smoking","og_description":"\u00bfEres un autentico fum\u00f3n? No te pierdes este nuevo papel para fumar con un tacto ultra suave. A que esperas para disfruta la nueva f\u00f3rmula de papel. \u00a1Experiencia suprema!","og_url":"https:\/\/www.smokingpaper.com\/es\/producto\/supreme-king-size\/","og_site_name":"Smoking","article_modified_time":"2024-06-11T07:50:21+00:00","og_image":[{"width":1080,"height":562,"url":"https:\/\/www.smokingpaper.com\/wp-content\/uploads\/2023\/12\/3D-LIBRITO-KS-SUPREME-01-1.png","type":"image\/png"}],"twitter_card":"summary_large_image","schema":{"@context":"https:\/\/schema.org","@graph":[{"@type":"BreadcrumbList","@id":"https:\/\/www.smokingpaper.com\/es\/producto\/supreme-king-size\/#breadcrumb","itemListElement":[{"@type":"ListItem","position":1,"name":"Home","item":"https:\/\/www.smokingpaper.com\/es\/"},{"@type":"ListItem","position":2,"name":"Productos","item":"https:\/\/www.smokingpaper.com\/es\/shop\/"},{"@type":"ListItem","position":3,"name":"Papel de liar","item":"https:\/\/www.smokingpaper.com\/es\/productos\/papeles\/"},{"@type":"ListItem","position":4,"name":"Papel Supreme King Size"}]}]}},"_links":{"self":[{"href":"https:\/\/www.smokingpaper.com\/es\/wp-json\/wp\/v2\/product\/8623","targetHints":{"allow":["GET"]}}],"collection":[{"href":"https:\/\/www.smokingpaper.com\/es\/wp-json\/wp\/v2\/product"}],"about":[{"href":"https:\/\/www.smokingpaper.com\/es\/wp-json\/wp\/v2\/types\/product"}],"wp:featuredmedia":[{"embeddable":true,"href":"https:\/\/www.smokingpaper.com\/es\/wp-json\/wp\/v2\/media\/9939"}],"wp:attachment":[{"href":"https:\/\/www.smokingpaper.com\/es\/wp-json\/wp\/v2\/media?parent=8623"}],"wp:term":[{"taxonomy":"product_brand","embeddable":true,"href":"https:\/\/www.smokingpaper.com\/es\/wp-json\/wp\/v2\/product_brand?post=8623"},{"taxonomy":"product_cat","embeddable":true,"href":"https:\/\/www.smokingpaper.com\/es\/wp-json\/wp\/v2\/product_cat?post=8623"},{"taxonomy":"product_tag","embeddable":true,"href":"https:\/\/www.smokingpaper.com\/es\/wp-json\/wp\/v2\/product_tag?post=8623"}],"curies":[{"name":"wp","href":"https:\/\/api.w.org\/{rel}","templated":true}]}}