{"id":8010,"date":"2023-10-04T13:06:28","date_gmt":"2023-10-04T11:06:28","guid":{"rendered":"https:\/\/www.smokingpaper.com\/filtros-active-copy\/"},"modified":"2026-01-08T12:50:13","modified_gmt":"2026-01-08T11:50:13","slug":"brown-filters-active","status":"publish","type":"product","link":"https:\/\/www.smokingpaper.com\/es\/producto\/brown-filters-active\/","title":{"rendered":"Filtros Active Brown"},"content":{"rendered":"","protected":false},"excerpt":{"rendered":"<div class=\"descripcion\">\n<p>Nuestros Brown Active Filters son una opci\u00f3n sostenible con el medio ambiente. En este paquete, encontrar\u00e1s 30 filtros reutilizables de 27 mm x 6 mm, ideales para cigarros m\u00e1s delgados. Est\u00e1n hechos completamente de materiales vegetales y cuentan con un n\u00facleo de coco natural que retiene toxinas. Disfruta de un sabor suave en tus cigarrillos con una alternativa m\u00e1s amigable con el medio ambiente. \u00a1Reutilizables!<\/p>\n<\/div>\n","protected":false},"featured_media":8012,"template":"","meta":{"_acf_changed":false,"inline_featured_image":false},"product_brand":[],"product_cat":[213],"product_tag":[],"class_list":{"0":"post-8010","1":"product","2":"type-product","3":"status-publish","4":"has-post-thumbnail","6":"product_cat-filtros","8":"first","9":"instock","10":"shipping-taxable","11":"product-type-simple"},"acf":[],"yoast_head":"<!-- This site is optimized with the Yoast SEO plugin v26.2 - https:\/\/yoast.com\/wordpress\/plugins\/seo\/ -->\n<title>Filtros de Carb\u00f3n Active Brown | Smoking Papel<\/title>\n<meta name=\"description\" content=\"Filtros de carb\u00f3n Active Brown, este paquete contiene 30 boquillas de 27 mm. Compuesto de capas de cer\u00e1mica y es reutilizable. \u00a1No te lo pierdas!\" \/>\n<meta name=\"robots\" content=\"index, follow, max-snippet:-1, max-image-preview:large, max-video-preview:-1\" \/>\n<link rel=\"canonical\" href=\"https:\/\/www.smokingpaper.com\/es\/producto\/brown-filters-active\/\" \/>\n<meta property=\"og:locale\" content=\"es_ES\" \/>\n<meta property=\"og:type\" content=\"article\" \/>\n<meta property=\"og:title\" content=\"Filtros de Carb\u00f3n Active Brown | Smoking Papel\" \/>\n<meta property=\"og:description\" content=\"Filtros de carb\u00f3n Active Brown, este paquete contiene 30 boquillas de 27 mm. Compuesto de capas de cer\u00e1mica y es reutilizable. \u00a1No te lo pierdas!\" \/>\n<meta property=\"og:url\" content=\"https:\/\/www.smokingpaper.com\/es\/producto\/brown-filters-active\/\" \/>\n<meta property=\"og:site_name\" content=\"Smoking\" \/>\n<meta property=\"article:modified_time\" content=\"2026-01-08T11:50:13+00:00\" \/>\n<meta property=\"og:image\" content=\"https:\/\/www.smokingpaper.com\/wp-content\/uploads\/2023\/10\/BROWN-ACTIVE-FILTERS.png\" \/>\n\t<meta property=\"og:image:width\" content=\"667\" \/>\n\t<meta property=\"og:image:height\" content=\"374\" \/>\n\t<meta property=\"og:image:type\" content=\"image\/png\" \/>\n<meta name=\"twitter:card\" content=\"summary_large_image\" \/>\n<!-- \/ Yoast SEO plugin. -->","yoast_head_json":{"title":"Filtros de Carb\u00f3n Active Brown | Smoking Papel","description":"Filtros de carb\u00f3n Active Brown, este paquete contiene 30 boquillas de 27 mm. Compuesto de capas de cer\u00e1mica y es reutilizable. \u00a1No te lo pierdas!","robots":{"index":"index","follow":"follow","max-snippet":"max-snippet:-1","max-image-preview":"max-image-preview:large","max-video-preview":"max-video-preview:-1"},"canonical":"https:\/\/www.smokingpaper.com\/es\/producto\/brown-filters-active\/","og_locale":"es_ES","og_type":"article","og_title":"Filtros de Carb\u00f3n Active Brown | Smoking Papel","og_description":"Filtros de carb\u00f3n Active Brown, este paquete contiene 30 boquillas de 27 mm. Compuesto de capas de cer\u00e1mica y es reutilizable. \u00a1No te lo pierdas!","og_url":"https:\/\/www.smokingpaper.com\/es\/producto\/brown-filters-active\/","og_site_name":"Smoking","article_modified_time":"2026-01-08T11:50:13+00:00","og_image":[{"width":667,"height":374,"url":"https:\/\/www.smokingpaper.com\/wp-content\/uploads\/2023\/10\/BROWN-ACTIVE-FILTERS.png","type":"image\/png"}],"twitter_card":"summary_large_image","schema":{"@context":"https:\/\/schema.org","@graph":[{"@type":"BreadcrumbList","@id":"https:\/\/www.smokingpaper.com\/es\/producto\/brown-filters-active\/#breadcrumb","itemListElement":[{"@type":"ListItem","position":1,"name":"Home","item":"https:\/\/www.smokingpaper.com\/es\/"},{"@type":"ListItem","position":2,"name":"Productos","item":"https:\/\/www.smokingpaper.com\/es\/shop\/"},{"@type":"ListItem","position":3,"name":"Filtros","item":"https:\/\/www.smokingpaper.com\/es\/productos\/filtros\/"},{"@type":"ListItem","position":4,"name":"Filtros Active Brown"}]}]}},"_links":{"self":[{"href":"https:\/\/www.smokingpaper.com\/es\/wp-json\/wp\/v2\/product\/8010","targetHints":{"allow":["GET"]}}],"collection":[{"href":"https:\/\/www.smokingpaper.com\/es\/wp-json\/wp\/v2\/product"}],"about":[{"href":"https:\/\/www.smokingpaper.com\/es\/wp-json\/wp\/v2\/types\/product"}],"wp:featuredmedia":[{"embeddable":true,"href":"https:\/\/www.smokingpaper.com\/es\/wp-json\/wp\/v2\/media\/8012"}],"wp:attachment":[{"href":"https:\/\/www.smokingpaper.com\/es\/wp-json\/wp\/v2\/media?parent=8010"}],"wp:term":[{"taxonomy":"product_brand","embeddable":true,"href":"https:\/\/www.smokingpaper.com\/es\/wp-json\/wp\/v2\/product_brand?post=8010"},{"taxonomy":"product_cat","embeddable":true,"href":"https:\/\/www.smokingpaper.com\/es\/wp-json\/wp\/v2\/product_cat?post=8010"},{"taxonomy":"product_tag","embeddable":true,"href":"https:\/\/www.smokingpaper.com\/es\/wp-json\/wp\/v2\/product_tag?post=8010"}],"curies":[{"name":"wp","href":"https:\/\/api.w.org\/{rel}","templated":true}]}}