{"id":7909,"date":"2023-09-29T08:49:07","date_gmt":"2023-09-29T06:49:07","guid":{"rendered":"https:\/\/www.smokingpaper.com\/?post_type=product&#038;p=7909"},"modified":"2026-01-08T12:28:38","modified_gmt":"2026-01-08T11:28:38","slug":"slim-long-paper-filters-120","status":"publish","type":"product","link":"https:\/\/www.smokingpaper.com\/es\/producto\/slim-long-paper-filters-120\/","title":{"rendered":"Filtros Biodegradables Slim Long Paper Filters 120"},"content":{"rendered":"","protected":false},"excerpt":{"rendered":"<p>\u00bfPrefieres los filtros de papel ultrafinos y super largos? \u00a1No busques m\u00e1s, este es tu producto! El paquete de Slim Long Paper Filters de Smoking Paper te ofrece 120 unidades de filtros ultrafinos y con unas medidas de hasta 22 mm de largo con 6 mm de ancho. La opci\u00f3n ideal para disfrutar de tus cigarrillos completamente a tu estilo. Y, adem\u00e1s, respetando el medio ambiente. Son 100% biodegradables y est\u00e1n libres de pl\u00e1sticos, porque se elaboran exclusivamente con celulosa, que se descompone de manera natural.<\/p>\n","protected":false},"featured_media":7997,"template":"","meta":{"_acf_changed":false,"inline_featured_image":false},"product_brand":[],"product_cat":[213],"product_tag":[],"class_list":{"0":"post-7909","1":"product","2":"type-product","3":"status-publish","4":"has-post-thumbnail","6":"product_cat-filtros","8":"first","9":"instock","10":"shipping-taxable","11":"product-type-simple"},"acf":[],"yoast_head":"<!-- This site is optimized with the Yoast SEO plugin v26.2 - https:\/\/yoast.com\/wordpress\/plugins\/seo\/ -->\n<title>Filtros Biodegradables Slim Long Paper Filters 120 | Smoking Paper<\/title>\n<meta name=\"description\" content=\"Slim Long Paper Filters de Smoking Paper te ofrece 120 unidades de filtros ultrafinos y con unas medidas de hasta 22 mm de largo con 6 mm de ancho. !100% Biodegradables!\" \/>\n<meta name=\"robots\" content=\"index, follow, max-snippet:-1, max-image-preview:large, max-video-preview:-1\" \/>\n<link rel=\"canonical\" href=\"https:\/\/www.smokingpaper.com\/es\/producto\/slim-long-paper-filters-120\/\" \/>\n<meta property=\"og:locale\" content=\"es_ES\" \/>\n<meta property=\"og:type\" content=\"article\" \/>\n<meta property=\"og:title\" content=\"Filtros Biodegradables Slim Long Paper Filters 120 | Smoking Paper\" \/>\n<meta property=\"og:description\" content=\"Slim Long Paper Filters de Smoking Paper te ofrece 120 unidades de filtros ultrafinos y con unas medidas de hasta 22 mm de largo con 6 mm de ancho. !100% Biodegradables!\" \/>\n<meta property=\"og:url\" content=\"https:\/\/www.smokingpaper.com\/es\/producto\/slim-long-paper-filters-120\/\" \/>\n<meta property=\"og:site_name\" content=\"Smoking\" \/>\n<meta property=\"article:modified_time\" content=\"2026-01-08T11:28:38+00:00\" \/>\n<meta property=\"og:image\" content=\"https:\/\/www.smokingpaper.com\/wp-content\/uploads\/2023\/09\/Smoking_-Imagen-de-Producto.png\" \/>\n\t<meta property=\"og:image:width\" content=\"667\" \/>\n\t<meta property=\"og:image:height\" content=\"374\" \/>\n\t<meta property=\"og:image:type\" content=\"image\/png\" \/>\n<meta name=\"twitter:card\" content=\"summary_large_image\" \/>\n<!-- \/ Yoast SEO plugin. -->","yoast_head_json":{"title":"Filtros Biodegradables Slim Long Paper Filters 120 | Smoking Paper","description":"Slim Long Paper Filters de Smoking Paper te ofrece 120 unidades de filtros ultrafinos y con unas medidas de hasta 22 mm de largo con 6 mm de ancho. !100% Biodegradables!","robots":{"index":"index","follow":"follow","max-snippet":"max-snippet:-1","max-image-preview":"max-image-preview:large","max-video-preview":"max-video-preview:-1"},"canonical":"https:\/\/www.smokingpaper.com\/es\/producto\/slim-long-paper-filters-120\/","og_locale":"es_ES","og_type":"article","og_title":"Filtros Biodegradables Slim Long Paper Filters 120 | Smoking Paper","og_description":"Slim Long Paper Filters de Smoking Paper te ofrece 120 unidades de filtros ultrafinos y con unas medidas de hasta 22 mm de largo con 6 mm de ancho. !100% Biodegradables!","og_url":"https:\/\/www.smokingpaper.com\/es\/producto\/slim-long-paper-filters-120\/","og_site_name":"Smoking","article_modified_time":"2026-01-08T11:28:38+00:00","og_image":[{"width":667,"height":374,"url":"https:\/\/www.smokingpaper.com\/wp-content\/uploads\/2023\/09\/Smoking_-Imagen-de-Producto.png","type":"image\/png"}],"twitter_card":"summary_large_image","schema":{"@context":"https:\/\/schema.org","@graph":[{"@type":"BreadcrumbList","@id":"https:\/\/www.smokingpaper.com\/es\/producto\/slim-long-paper-filters-120\/#breadcrumb","itemListElement":[{"@type":"ListItem","position":1,"name":"Home","item":"https:\/\/www.smokingpaper.com\/es\/"},{"@type":"ListItem","position":2,"name":"Productos","item":"https:\/\/www.smokingpaper.com\/es\/shop\/"},{"@type":"ListItem","position":3,"name":"Filtros","item":"https:\/\/www.smokingpaper.com\/es\/productos\/filtros\/"},{"@type":"ListItem","position":4,"name":"Filtros Biodegradables Slim Long Paper Filters 120"}]}]}},"_links":{"self":[{"href":"https:\/\/www.smokingpaper.com\/es\/wp-json\/wp\/v2\/product\/7909","targetHints":{"allow":["GET"]}}],"collection":[{"href":"https:\/\/www.smokingpaper.com\/es\/wp-json\/wp\/v2\/product"}],"about":[{"href":"https:\/\/www.smokingpaper.com\/es\/wp-json\/wp\/v2\/types\/product"}],"wp:featuredmedia":[{"embeddable":true,"href":"https:\/\/www.smokingpaper.com\/es\/wp-json\/wp\/v2\/media\/7997"}],"wp:attachment":[{"href":"https:\/\/www.smokingpaper.com\/es\/wp-json\/wp\/v2\/media?parent=7909"}],"wp:term":[{"taxonomy":"product_brand","embeddable":true,"href":"https:\/\/www.smokingpaper.com\/es\/wp-json\/wp\/v2\/product_brand?post=7909"},{"taxonomy":"product_cat","embeddable":true,"href":"https:\/\/www.smokingpaper.com\/es\/wp-json\/wp\/v2\/product_cat?post=7909"},{"taxonomy":"product_tag","embeddable":true,"href":"https:\/\/www.smokingpaper.com\/es\/wp-json\/wp\/v2\/product_tag?post=7909"}],"curies":[{"name":"wp","href":"https:\/\/api.w.org\/{rel}","templated":true}]}}