{"id":7215,"date":"2023-05-04T10:51:24","date_gmt":"2023-05-04T08:51:24","guid":{"rendered":"https:\/\/www.smokingpaper.com\/master-roll\/"},"modified":"2024-12-12T13:18:56","modified_gmt":"2024-12-12T12:18:56","slug":"master-roll","status":"publish","type":"product","link":"https:\/\/www.smokingpaper.com\/es\/producto\/master-roll\/","title":{"rendered":"Master Roll"},"content":{"rendered":"","protected":false},"excerpt":{"rendered":"<p><span style=\"font-weight: 400;\">Con los nuevos <\/span><b>Master Rolls<\/b><span style=\"font-weight: 400;\">, podr\u00e1s preparar tus cigarros de la forma que m\u00e1s te guste. Cada paquete contiene un rollo de 4 metros de hoja est\u00e1ndar con la marca de agua Smoking\u00ae. Cada papel tiene una transparencia m\u00e1xima y una alta resistencia a las roturas gracias a su elaboraci\u00f3n con 13 g\/m2. Adem\u00e1s, este papel tiene una baja inflamabilidad para mayor seguridad.<\/span><\/p>\n<p><span style=\"font-weight: 400;\">La caja tambi\u00e9n incluye goma ar\u00e1biga 100% vegetal pura, sin colorantes ni aditivos a\u00f1adidos, lo que la convierte en una excelente opci\u00f3n para aquellos que buscan un<\/span><b> producto natural y sin qu\u00edmicos<\/b><span style=\"font-weight: 400;\">. El papel cuenta con la certificaci\u00f3n FSC\u00ae y proviene de plantaciones que preservan la biodiversidad.<\/span><\/p>\n<p><span style=\"font-weight: 400;\">Con los <\/span><b>Smoking\u00ae Master Rolls<\/b><span style=\"font-weight: 400;\">, liar\u00e1s cigarrillos como un verdadero M\u00e1ster.<\/span><\/p>\n","protected":false},"featured_media":7180,"template":"","meta":{"_acf_changed":false,"inline_featured_image":false},"product_brand":[],"product_cat":[67,370],"product_tag":[],"class_list":{"0":"post-7215","1":"product","2":"type-product","3":"status-publish","4":"has-post-thumbnail","6":"product_cat-papeles","7":"product_cat-rolls","9":"first","10":"instock","11":"shipping-taxable","12":"product-type-simple"},"acf":[],"yoast_head":"<!-- This site is optimized with the Yoast SEO plugin v26.2 - https:\/\/yoast.com\/wordpress\/plugins\/seo\/ -->\n<title>Master Roll | Smoking<\/title>\n<meta name=\"description\" content=\"Descubre el Master Roll de Smoking, un rollo de papel de fumar que ofrece 5 metros de posibilidades, cada fumada es una obra maestra. \u00a1Pru\u00e9balo ahora!\" \/>\n<meta name=\"robots\" content=\"index, follow, max-snippet:-1, max-image-preview:large, max-video-preview:-1\" \/>\n<link rel=\"canonical\" href=\"https:\/\/www.smokingpaper.com\/es\/producto\/master-roll\/\" \/>\n<meta property=\"og:locale\" content=\"es_ES\" \/>\n<meta property=\"og:type\" content=\"article\" \/>\n<meta property=\"og:title\" content=\"Master Roll | Smoking\" \/>\n<meta property=\"og:description\" content=\"Descubre el Master Roll de Smoking, un rollo de papel de fumar que ofrece 5 metros de posibilidades, cada fumada es una obra maestra. \u00a1Pru\u00e9balo ahora!\" \/>\n<meta property=\"og:url\" content=\"https:\/\/www.smokingpaper.com\/es\/producto\/master-roll\/\" \/>\n<meta property=\"og:site_name\" content=\"Smoking\" \/>\n<meta property=\"article:modified_time\" content=\"2024-12-12T12:18:56+00:00\" \/>\n<meta property=\"og:image\" content=\"https:\/\/www.smokingpaper.com\/wp-content\/uploads\/2023\/05\/smoking-master-roll-2.png\" \/>\n\t<meta property=\"og:image:width\" content=\"600\" \/>\n\t<meta property=\"og:image:height\" content=\"543\" \/>\n\t<meta property=\"og:image:type\" content=\"image\/png\" \/>\n<meta name=\"twitter:card\" content=\"summary_large_image\" \/>\n<!-- \/ Yoast SEO plugin. -->","yoast_head_json":{"title":"Master Roll | Smoking","description":"Descubre el Master Roll de Smoking, un rollo de papel de fumar que ofrece 5 metros de posibilidades, cada fumada es una obra maestra. \u00a1Pru\u00e9balo ahora!","robots":{"index":"index","follow":"follow","max-snippet":"max-snippet:-1","max-image-preview":"max-image-preview:large","max-video-preview":"max-video-preview:-1"},"canonical":"https:\/\/www.smokingpaper.com\/es\/producto\/master-roll\/","og_locale":"es_ES","og_type":"article","og_title":"Master Roll | Smoking","og_description":"Descubre el Master Roll de Smoking, un rollo de papel de fumar que ofrece 5 metros de posibilidades, cada fumada es una obra maestra. \u00a1Pru\u00e9balo ahora!","og_url":"https:\/\/www.smokingpaper.com\/es\/producto\/master-roll\/","og_site_name":"Smoking","article_modified_time":"2024-12-12T12:18:56+00:00","og_image":[{"width":600,"height":543,"url":"https:\/\/www.smokingpaper.com\/wp-content\/uploads\/2023\/05\/smoking-master-roll-2.png","type":"image\/png"}],"twitter_card":"summary_large_image","schema":{"@context":"https:\/\/schema.org","@graph":[{"@type":"BreadcrumbList","@id":"https:\/\/www.smokingpaper.com\/es\/producto\/master-roll\/#breadcrumb","itemListElement":[{"@type":"ListItem","position":1,"name":"Home","item":"https:\/\/www.smokingpaper.com\/es\/"},{"@type":"ListItem","position":2,"name":"Productos","item":"https:\/\/www.smokingpaper.com\/es\/shop\/"},{"@type":"ListItem","position":3,"name":"Papel de liar","item":"https:\/\/www.smokingpaper.com\/es\/productos\/papeles\/"},{"@type":"ListItem","position":4,"name":"Papel Rolls","item":"https:\/\/www.smokingpaper.com\/es\/productos\/papeles\/rolls\/"},{"@type":"ListItem","position":5,"name":"Master Roll"}]}]}},"_links":{"self":[{"href":"https:\/\/www.smokingpaper.com\/es\/wp-json\/wp\/v2\/product\/7215","targetHints":{"allow":["GET"]}}],"collection":[{"href":"https:\/\/www.smokingpaper.com\/es\/wp-json\/wp\/v2\/product"}],"about":[{"href":"https:\/\/www.smokingpaper.com\/es\/wp-json\/wp\/v2\/types\/product"}],"wp:featuredmedia":[{"embeddable":true,"href":"https:\/\/www.smokingpaper.com\/es\/wp-json\/wp\/v2\/media\/7180"}],"wp:attachment":[{"href":"https:\/\/www.smokingpaper.com\/es\/wp-json\/wp\/v2\/media?parent=7215"}],"wp:term":[{"taxonomy":"product_brand","embeddable":true,"href":"https:\/\/www.smokingpaper.com\/es\/wp-json\/wp\/v2\/product_brand?post=7215"},{"taxonomy":"product_cat","embeddable":true,"href":"https:\/\/www.smokingpaper.com\/es\/wp-json\/wp\/v2\/product_cat?post=7215"},{"taxonomy":"product_tag","embeddable":true,"href":"https:\/\/www.smokingpaper.com\/es\/wp-json\/wp\/v2\/product_tag?post=7215"}],"curies":[{"name":"wp","href":"https:\/\/api.w.org\/{rel}","templated":true}]}}