{"id":686,"date":"2021-12-02T15:51:11","date_gmt":"2021-12-02T14:51:11","guid":{"rendered":"http:\/\/new.smokingpaper.com\/?post_type=product&#038;p=686"},"modified":"2023-10-05T21:35:18","modified_gmt":"2023-10-05T19:35:18","slug":"long-filling-machine","status":"publish","type":"product","link":"https:\/\/www.smokingpaper.com\/es\/producto\/long-filling-machine\/","title":{"rendered":"Long Filling Machine"},"content":{"rendered":"","protected":false},"excerpt":{"rendered":"<p>\u00bfQuieres liar el cigarrillo perfecto? \u00a1Descubre la precisi\u00f3n de nuestra Long Filling Machine! Un dispositivo con elegante acabado en rojo y el logo de Smoking\u00ae en blanco protagonizando su dise\u00f1o. Est\u00e1 fabricado espec\u00edficamente para liar tubos de 84 mm con di\u00e1metro de 8 mm, de una forma r\u00e1pida, sencilla y totalmente efectiva. Aprende a sacarle todo el potencial con los tutoriales que te ofrecemos desde nuestro canal de YouTube.<\/p>\n","protected":false},"featured_media":7862,"template":"","meta":{"_acf_changed":false,"inline_featured_image":false},"product_brand":[],"product_cat":[123],"product_tag":[],"class_list":{"0":"post-686","1":"product","2":"type-product","3":"status-publish","4":"has-post-thumbnail","6":"product_cat-accesorios","8":"first","9":"instock","10":"shipping-taxable","11":"product-type-simple"},"acf":[],"yoast_head":"<!-- This site is optimized with the Yoast SEO plugin v26.2 - https:\/\/yoast.com\/wordpress\/plugins\/seo\/ -->\n<title>Long Filling Machine | Smoking Papel<\/title>\n<meta name=\"description\" content=\"Long Filling Machine, productos para fumadores de la mejor calidad en Smoking Paper \u2705 \u00a1no te pierdas nuestro cat\u00e1logo de productos online!\" \/>\n<meta name=\"robots\" content=\"index, follow, max-snippet:-1, max-image-preview:large, max-video-preview:-1\" \/>\n<link rel=\"canonical\" href=\"https:\/\/www.smokingpaper.com\/es\/producto\/long-filling-machine\/\" \/>\n<meta property=\"og:locale\" content=\"es_ES\" \/>\n<meta property=\"og:type\" content=\"article\" \/>\n<meta property=\"og:title\" content=\"Long Filling Machine | Smoking Papel\" \/>\n<meta property=\"og:description\" content=\"Long Filling Machine, productos para fumadores de la mejor calidad en Smoking Paper \u2705 \u00a1no te pierdas nuestro cat\u00e1logo de productos online!\" \/>\n<meta property=\"og:url\" content=\"https:\/\/www.smokingpaper.com\/es\/producto\/long-filling-machine\/\" \/>\n<meta property=\"og:site_name\" content=\"Smoking\" \/>\n<meta property=\"article:modified_time\" content=\"2023-10-05T19:35:18+00:00\" \/>\n<meta property=\"og:image\" content=\"https:\/\/www.smokingpaper.com\/wp-content\/uploads\/2021\/12\/Maquinita-roja.png\" \/>\n\t<meta property=\"og:image:width\" content=\"667\" \/>\n\t<meta property=\"og:image:height\" content=\"311\" \/>\n\t<meta property=\"og:image:type\" content=\"image\/png\" \/>\n<meta name=\"twitter:card\" content=\"summary_large_image\" \/>\n<meta name=\"twitter:label1\" content=\"Tiempo de lectura\" \/>\n\t<meta name=\"twitter:data1\" content=\"1 minuto\" \/>\n<!-- \/ Yoast SEO plugin. -->","yoast_head_json":{"title":"Long Filling Machine | Smoking Papel","description":"Long Filling Machine, productos para fumadores de la mejor calidad en Smoking Paper \u2705 \u00a1no te pierdas nuestro cat\u00e1logo de productos online!","robots":{"index":"index","follow":"follow","max-snippet":"max-snippet:-1","max-image-preview":"max-image-preview:large","max-video-preview":"max-video-preview:-1"},"canonical":"https:\/\/www.smokingpaper.com\/es\/producto\/long-filling-machine\/","og_locale":"es_ES","og_type":"article","og_title":"Long Filling Machine | Smoking Papel","og_description":"Long Filling Machine, productos para fumadores de la mejor calidad en Smoking Paper \u2705 \u00a1no te pierdas nuestro cat\u00e1logo de productos online!","og_url":"https:\/\/www.smokingpaper.com\/es\/producto\/long-filling-machine\/","og_site_name":"Smoking","article_modified_time":"2023-10-05T19:35:18+00:00","og_image":[{"width":667,"height":311,"url":"https:\/\/www.smokingpaper.com\/wp-content\/uploads\/2021\/12\/Maquinita-roja.png","type":"image\/png"}],"twitter_card":"summary_large_image","twitter_misc":{"Tiempo de lectura":"1 minuto"},"schema":{"@context":"https:\/\/schema.org","@graph":[{"@type":"BreadcrumbList","@id":"https:\/\/www.smokingpaper.com\/es\/producto\/long-filling-machine\/#breadcrumb","itemListElement":[{"@type":"ListItem","position":1,"name":"Home","item":"https:\/\/www.smokingpaper.com\/es\/"},{"@type":"ListItem","position":2,"name":"Productos","item":"https:\/\/www.smokingpaper.com\/es\/shop\/"},{"@type":"ListItem","position":3,"name":"Accesorios","item":"https:\/\/www.smokingpaper.com\/es\/productos\/accesorios\/"},{"@type":"ListItem","position":4,"name":"Long Filling Machine"}]}]}},"_links":{"self":[{"href":"https:\/\/www.smokingpaper.com\/es\/wp-json\/wp\/v2\/product\/686","targetHints":{"allow":["GET"]}}],"collection":[{"href":"https:\/\/www.smokingpaper.com\/es\/wp-json\/wp\/v2\/product"}],"about":[{"href":"https:\/\/www.smokingpaper.com\/es\/wp-json\/wp\/v2\/types\/product"}],"wp:featuredmedia":[{"embeddable":true,"href":"https:\/\/www.smokingpaper.com\/es\/wp-json\/wp\/v2\/media\/7862"}],"wp:attachment":[{"href":"https:\/\/www.smokingpaper.com\/es\/wp-json\/wp\/v2\/media?parent=686"}],"wp:term":[{"taxonomy":"product_brand","embeddable":true,"href":"https:\/\/www.smokingpaper.com\/es\/wp-json\/wp\/v2\/product_brand?post=686"},{"taxonomy":"product_cat","embeddable":true,"href":"https:\/\/www.smokingpaper.com\/es\/wp-json\/wp\/v2\/product_cat?post=686"},{"taxonomy":"product_tag","embeddable":true,"href":"https:\/\/www.smokingpaper.com\/es\/wp-json\/wp\/v2\/product_tag?post=686"}],"curies":[{"name":"wp","href":"https:\/\/api.w.org\/{rel}","templated":true}]}}