{"id":6726,"date":"2023-04-13T11:37:21","date_gmt":"2023-04-13T09:37:21","guid":{"rendered":"https:\/\/www.smokingpaper.com\/rolling-tray-earth\/"},"modified":"2023-10-08T21:03:11","modified_gmt":"2023-10-08T19:03:11","slug":"rolling-tray-earth","status":"publish","type":"product","link":"https:\/\/www.smokingpaper.com\/es\/producto\/rolling-tray-earth\/","title":{"rendered":"Bandeja de Liar Earth"},"content":{"rendered":"","protected":false},"excerpt":{"rendered":"<p><span style=\"font-weight: 400;\">Si hay vida en otros planetas, \u00a1seguro que quieren probar un cigarrillo liado con papel Smoking\u00ae! Mientras tanto, t\u00fa puedes liarte los tuyos en esta exclusiva bandeja de liar <strong>Rolling Tray Earth<\/strong>, que fusiona ciencia ficci\u00f3n con surrealismo, todo ello al estilo que tanto te gusta. La bandeja est\u00e1 fabricado en esta\u00f1o y es de alta resistencia, para que te dure incluso en viajes interestelares. Adem\u00e1s, cuenta con bordes especialmente dise\u00f1ados para que no desperdicies ning\u00fan resto. Suma esta bandeja a tu colecci\u00f3n y descubre las que tienes disponibles en nuestra Galaxy Collection.<\/span><\/p>\n","protected":false},"featured_media":6639,"template":"","meta":{"_acf_changed":false,"inline_featured_image":false},"product_brand":[],"product_cat":[775],"product_tag":[],"class_list":{"0":"post-6726","1":"product","2":"type-product","3":"status-publish","4":"has-post-thumbnail","6":"product_cat-bandejas-de-liar","8":"first","9":"instock","10":"shipping-taxable","11":"product-type-simple"},"acf":[],"yoast_head":"<!-- This site is optimized with the Yoast SEO plugin v26.2 - https:\/\/yoast.com\/wordpress\/plugins\/seo\/ -->\n<title>Bandeja de Liar Earth | Smoking Paper<\/title>\n<meta name=\"robots\" content=\"index, follow, max-snippet:-1, max-image-preview:large, max-video-preview:-1\" \/>\n<link rel=\"canonical\" href=\"https:\/\/www.smokingpaper.com\/es\/producto\/rolling-tray-earth\/\" \/>\n<meta property=\"og:locale\" content=\"es_ES\" \/>\n<meta property=\"og:type\" content=\"article\" \/>\n<meta property=\"og:title\" content=\"Bandeja de Liar Earth | Smoking Paper\" \/>\n<meta property=\"og:description\" content=\"Si hay vida en otros planetas, \u00a1seguro que quieren probar un cigarrillo liado con papel Smoking\u00ae! Mientras tanto, t\u00fa puedes liarte los tuyos en esta exclusiva bandeja de liar Rolling Tray Earth, que fusiona ciencia ficci\u00f3n con surrealismo, todo ello al estilo que tanto te gusta. La bandeja est\u00e1 fabricado en esta\u00f1o y es de alta resistencia, para que te dure incluso en viajes interestelares. Adem\u00e1s, cuenta con bordes especialmente dise\u00f1ados para que no desperdicies ning\u00fan resto. Suma esta bandeja a tu colecci\u00f3n y descubre las que tienes disponibles en nuestra Galaxy Collection.\" \/>\n<meta property=\"og:url\" content=\"https:\/\/www.smokingpaper.com\/es\/producto\/rolling-tray-earth\/\" \/>\n<meta property=\"og:site_name\" content=\"Smoking\" \/>\n<meta property=\"article:modified_time\" content=\"2023-10-08T19:03:11+00:00\" \/>\n<meta property=\"og:image\" content=\"https:\/\/www.smokingpaper.com\/wp-content\/uploads\/2023\/04\/IMG_9999_115.jpg\" \/>\n\t<meta property=\"og:image:width\" content=\"1277\" \/>\n\t<meta property=\"og:image:height\" content=\"1915\" \/>\n\t<meta property=\"og:image:type\" content=\"image\/jpeg\" \/>\n<meta name=\"twitter:card\" content=\"summary_large_image\" \/>\n<!-- \/ Yoast SEO plugin. -->","yoast_head_json":{"title":"Bandeja de Liar Earth | Smoking Paper","robots":{"index":"index","follow":"follow","max-snippet":"max-snippet:-1","max-image-preview":"max-image-preview:large","max-video-preview":"max-video-preview:-1"},"canonical":"https:\/\/www.smokingpaper.com\/es\/producto\/rolling-tray-earth\/","og_locale":"es_ES","og_type":"article","og_title":"Bandeja de Liar Earth | Smoking Paper","og_description":"Si hay vida en otros planetas, \u00a1seguro que quieren probar un cigarrillo liado con papel Smoking\u00ae! Mientras tanto, t\u00fa puedes liarte los tuyos en esta exclusiva bandeja de liar Rolling Tray Earth, que fusiona ciencia ficci\u00f3n con surrealismo, todo ello al estilo que tanto te gusta. La bandeja est\u00e1 fabricado en esta\u00f1o y es de alta resistencia, para que te dure incluso en viajes interestelares. Adem\u00e1s, cuenta con bordes especialmente dise\u00f1ados para que no desperdicies ning\u00fan resto. Suma esta bandeja a tu colecci\u00f3n y descubre las que tienes disponibles en nuestra Galaxy Collection.","og_url":"https:\/\/www.smokingpaper.com\/es\/producto\/rolling-tray-earth\/","og_site_name":"Smoking","article_modified_time":"2023-10-08T19:03:11+00:00","og_image":[{"width":1277,"height":1915,"url":"https:\/\/www.smokingpaper.com\/wp-content\/uploads\/2023\/04\/IMG_9999_115.jpg","type":"image\/jpeg"}],"twitter_card":"summary_large_image","schema":{"@context":"https:\/\/schema.org","@graph":[{"@type":"BreadcrumbList","@id":"https:\/\/www.smokingpaper.com\/es\/producto\/rolling-tray-earth\/#breadcrumb","itemListElement":[{"@type":"ListItem","position":1,"name":"Home","item":"https:\/\/www.smokingpaper.com\/es\/"},{"@type":"ListItem","position":2,"name":"Productos","item":"https:\/\/www.smokingpaper.com\/es\/shop\/"},{"@type":"ListItem","position":3,"name":"Bandeja de liar","item":"https:\/\/www.smokingpaper.com\/es\/productos\/bandejas-de-liar\/"},{"@type":"ListItem","position":4,"name":"Bandeja de Liar Earth"}]}]}},"_links":{"self":[{"href":"https:\/\/www.smokingpaper.com\/es\/wp-json\/wp\/v2\/product\/6726","targetHints":{"allow":["GET"]}}],"collection":[{"href":"https:\/\/www.smokingpaper.com\/es\/wp-json\/wp\/v2\/product"}],"about":[{"href":"https:\/\/www.smokingpaper.com\/es\/wp-json\/wp\/v2\/types\/product"}],"wp:featuredmedia":[{"embeddable":true,"href":"https:\/\/www.smokingpaper.com\/es\/wp-json\/wp\/v2\/media\/6639"}],"wp:attachment":[{"href":"https:\/\/www.smokingpaper.com\/es\/wp-json\/wp\/v2\/media?parent=6726"}],"wp:term":[{"taxonomy":"product_brand","embeddable":true,"href":"https:\/\/www.smokingpaper.com\/es\/wp-json\/wp\/v2\/product_brand?post=6726"},{"taxonomy":"product_cat","embeddable":true,"href":"https:\/\/www.smokingpaper.com\/es\/wp-json\/wp\/v2\/product_cat?post=6726"},{"taxonomy":"product_tag","embeddable":true,"href":"https:\/\/www.smokingpaper.com\/es\/wp-json\/wp\/v2\/product_tag?post=6726"}],"curies":[{"name":"wp","href":"https:\/\/api.w.org\/{rel}","templated":true}]}}