{"id":6723,"date":"2023-04-13T11:37:19","date_gmt":"2023-04-13T09:37:19","guid":{"rendered":"https:\/\/www.smokingpaper.com\/rolling-tray-heaven\/"},"modified":"2024-09-26T16:18:37","modified_gmt":"2024-09-26T14:18:37","slug":"rolling-tray-heaven","status":"publish","type":"product","link":"https:\/\/www.smokingpaper.com\/es\/producto\/rolling-tray-heaven\/","title":{"rendered":"Bandeja de Liar Heaven"},"content":{"rendered":"","protected":false},"excerpt":{"rendered":"<p><span style=\"font-weight: 400;\">La puerta al cielo est\u00e1 abierta, pero antes \u00a1no te olvides de liarte un cigarrillo! La bandeja <strong>Rolling Tray Heaven<\/strong> evoca con cierto surrealismo una entrada celestial, acompa\u00f1ada de un c\u00e1lido d\u00eda soleado. Relax, calma y buen rollo representados en una bandeja fabricada en esta\u00f1o y de alta resistencia, con el dise\u00f1o propio de Smoking\u00ae. Con esta bandeja de liar no desperdiciar\u00e1s restos, porque cuenta con unos bordes dise\u00f1ados para que no se salga nada de ella mientras preparas tus cigarrillos. Descubre todas las bandejas para liar Smoking\u00ae de nuestra Galaxy Collection y escoge la que mejor encaje contigo.<\/span><\/p>\n","protected":false},"featured_media":6585,"template":"","meta":{"_acf_changed":false,"inline_featured_image":false},"product_brand":[],"product_cat":[775],"product_tag":[],"class_list":{"0":"post-6723","1":"product","2":"type-product","3":"status-publish","4":"has-post-thumbnail","6":"product_cat-bandejas-de-liar","8":"first","9":"instock","10":"shipping-taxable","11":"product-type-simple"},"acf":[],"yoast_head":"<!-- This site is optimized with the Yoast SEO plugin v26.2 - https:\/\/yoast.com\/wordpress\/plugins\/seo\/ -->\n<title>Bandeja de Liar Heaven | Smoking Paper<\/title>\n<meta name=\"robots\" content=\"index, follow, max-snippet:-1, max-image-preview:large, max-video-preview:-1\" \/>\n<link rel=\"canonical\" href=\"https:\/\/www.smokingpaper.com\/es\/producto\/rolling-tray-heaven\/\" \/>\n<meta property=\"og:locale\" content=\"es_ES\" \/>\n<meta property=\"og:type\" content=\"article\" \/>\n<meta property=\"og:title\" content=\"Bandeja de Liar Heaven | Smoking Paper\" \/>\n<meta property=\"og:description\" content=\"La puerta al cielo est\u00e1 abierta, pero antes \u00a1no te olvides de liarte un cigarrillo! La bandeja Rolling Tray Heaven evoca con cierto surrealismo una entrada celestial, acompa\u00f1ada de un c\u00e1lido d\u00eda soleado. Relax, calma y buen rollo representados en una bandeja fabricada en esta\u00f1o y de alta resistencia, con el dise\u00f1o propio de Smoking\u00ae. Con esta bandeja de liar no desperdiciar\u00e1s restos, porque cuenta con unos bordes dise\u00f1ados para que no se salga nada de ella mientras preparas tus cigarrillos. Descubre todas las bandejas para liar Smoking\u00ae de nuestra Galaxy Collection y escoge la que mejor encaje contigo.\" \/>\n<meta property=\"og:url\" content=\"https:\/\/www.smokingpaper.com\/es\/producto\/rolling-tray-heaven\/\" \/>\n<meta property=\"og:site_name\" content=\"Smoking\" \/>\n<meta property=\"article:modified_time\" content=\"2024-09-26T14:18:37+00:00\" \/>\n<meta property=\"og:image\" content=\"https:\/\/www.smokingpaper.com\/wp-content\/uploads\/2023\/04\/heaven_on-mars.jpg\" \/>\n\t<meta property=\"og:image:width\" content=\"1277\" \/>\n\t<meta property=\"og:image:height\" content=\"1915\" \/>\n\t<meta property=\"og:image:type\" content=\"image\/jpeg\" \/>\n<meta name=\"twitter:card\" content=\"summary_large_image\" \/>\n<!-- \/ Yoast SEO plugin. -->","yoast_head_json":{"title":"Bandeja de Liar Heaven | Smoking Paper","robots":{"index":"index","follow":"follow","max-snippet":"max-snippet:-1","max-image-preview":"max-image-preview:large","max-video-preview":"max-video-preview:-1"},"canonical":"https:\/\/www.smokingpaper.com\/es\/producto\/rolling-tray-heaven\/","og_locale":"es_ES","og_type":"article","og_title":"Bandeja de Liar Heaven | Smoking Paper","og_description":"La puerta al cielo est\u00e1 abierta, pero antes \u00a1no te olvides de liarte un cigarrillo! La bandeja Rolling Tray Heaven evoca con cierto surrealismo una entrada celestial, acompa\u00f1ada de un c\u00e1lido d\u00eda soleado. Relax, calma y buen rollo representados en una bandeja fabricada en esta\u00f1o y de alta resistencia, con el dise\u00f1o propio de Smoking\u00ae. Con esta bandeja de liar no desperdiciar\u00e1s restos, porque cuenta con unos bordes dise\u00f1ados para que no se salga nada de ella mientras preparas tus cigarrillos. Descubre todas las bandejas para liar Smoking\u00ae de nuestra Galaxy Collection y escoge la que mejor encaje contigo.","og_url":"https:\/\/www.smokingpaper.com\/es\/producto\/rolling-tray-heaven\/","og_site_name":"Smoking","article_modified_time":"2024-09-26T14:18:37+00:00","og_image":[{"width":1277,"height":1915,"url":"https:\/\/www.smokingpaper.com\/wp-content\/uploads\/2023\/04\/heaven_on-mars.jpg","type":"image\/jpeg"}],"twitter_card":"summary_large_image","schema":{"@context":"https:\/\/schema.org","@graph":[{"@type":"BreadcrumbList","@id":"https:\/\/www.smokingpaper.com\/es\/producto\/rolling-tray-heaven\/#breadcrumb","itemListElement":[{"@type":"ListItem","position":1,"name":"Home","item":"https:\/\/www.smokingpaper.com\/es\/"},{"@type":"ListItem","position":2,"name":"Productos","item":"https:\/\/www.smokingpaper.com\/es\/shop\/"},{"@type":"ListItem","position":3,"name":"Bandeja de liar","item":"https:\/\/www.smokingpaper.com\/es\/productos\/bandejas-de-liar\/"},{"@type":"ListItem","position":4,"name":"Bandeja de Liar Heaven"}]}]}},"_links":{"self":[{"href":"https:\/\/www.smokingpaper.com\/es\/wp-json\/wp\/v2\/product\/6723","targetHints":{"allow":["GET"]}}],"collection":[{"href":"https:\/\/www.smokingpaper.com\/es\/wp-json\/wp\/v2\/product"}],"about":[{"href":"https:\/\/www.smokingpaper.com\/es\/wp-json\/wp\/v2\/types\/product"}],"wp:featuredmedia":[{"embeddable":true,"href":"https:\/\/www.smokingpaper.com\/es\/wp-json\/wp\/v2\/media\/6585"}],"wp:attachment":[{"href":"https:\/\/www.smokingpaper.com\/es\/wp-json\/wp\/v2\/media?parent=6723"}],"wp:term":[{"taxonomy":"product_brand","embeddable":true,"href":"https:\/\/www.smokingpaper.com\/es\/wp-json\/wp\/v2\/product_brand?post=6723"},{"taxonomy":"product_cat","embeddable":true,"href":"https:\/\/www.smokingpaper.com\/es\/wp-json\/wp\/v2\/product_cat?post=6723"},{"taxonomy":"product_tag","embeddable":true,"href":"https:\/\/www.smokingpaper.com\/es\/wp-json\/wp\/v2\/product_tag?post=6723"}],"curies":[{"name":"wp","href":"https:\/\/api.w.org\/{rel}","templated":true}]}}