{"id":6721,"date":"2023-04-13T11:37:16","date_gmt":"2023-04-13T09:37:16","guid":{"rendered":"https:\/\/www.smokingpaper.com\/rolling-tray-inferno\/"},"modified":"2024-09-26T16:18:37","modified_gmt":"2024-09-26T14:18:37","slug":"rolling-tray-inferno","status":"publish","type":"product","link":"https:\/\/www.smokingpaper.com\/es\/producto\/rolling-tray-inferno\/","title":{"rendered":"Bandeja de Liar Inferno"},"content":{"rendered":"","protected":false},"excerpt":{"rendered":"<p><span style=\"font-weight: 400;\">Que el fin del mundo no te impida liar tus cigarrillos siempre fiel a tu estilo. Te presentamos nuestra psicod\u00e9lica bandeja de liar <strong>Rolling Tray Inferno<\/strong>, tan pr\u00e1ctica como llamativa para preparar tus cigarros con total comodidad. Esta bandeja est\u00e1 fabricada en esta\u00f1o, es de alta resistencia y su decoraci\u00f3n atraer\u00e1 la mirada de todo el que te acompa\u00f1e. En esta bandeja, adem\u00e1s, no desperdiciar\u00e1s nada de tabaco, ya que cuenta con unos bordes espec\u00edficamente dise\u00f1ados para evitar que se caigan los restos. Descubre la colecci\u00f3n de bandejas para liar Smoking\u00ae en nuestra Galaxy Collection y escoge tus preferidas.<\/span><\/p>\n","protected":false},"featured_media":11231,"template":"","meta":{"_acf_changed":false,"inline_featured_image":false},"product_brand":[],"product_cat":[775],"product_tag":[],"class_list":{"0":"post-6721","1":"product","2":"type-product","3":"status-publish","4":"has-post-thumbnail","6":"product_cat-bandejas-de-liar","8":"first","9":"instock","10":"shipping-taxable","11":"product-type-simple"},"acf":[],"yoast_head":"<!-- This site is optimized with the Yoast SEO plugin v26.2 - https:\/\/yoast.com\/wordpress\/plugins\/seo\/ -->\n<title>Bandeja de Liar Inferno | Smoking Paper<\/title>\n<meta name=\"robots\" content=\"index, follow, max-snippet:-1, max-image-preview:large, max-video-preview:-1\" \/>\n<link rel=\"canonical\" href=\"https:\/\/www.smokingpaper.com\/es\/producto\/rolling-tray-inferno\/\" \/>\n<meta property=\"og:locale\" content=\"es_ES\" \/>\n<meta property=\"og:type\" content=\"article\" \/>\n<meta property=\"og:title\" content=\"Bandeja de Liar Inferno | Smoking Paper\" \/>\n<meta property=\"og:description\" content=\"Que el fin del mundo no te impida liar tus cigarrillos siempre fiel a tu estilo. Te presentamos nuestra psicod\u00e9lica bandeja de liar Rolling Tray Inferno, tan pr\u00e1ctica como llamativa para preparar tus cigarros con total comodidad. Esta bandeja est\u00e1 fabricada en esta\u00f1o, es de alta resistencia y su decoraci\u00f3n atraer\u00e1 la mirada de todo el que te acompa\u00f1e. En esta bandeja, adem\u00e1s, no desperdiciar\u00e1s nada de tabaco, ya que cuenta con unos bordes espec\u00edficamente dise\u00f1ados para evitar que se caigan los restos. Descubre la colecci\u00f3n de bandejas para liar Smoking\u00ae en nuestra Galaxy Collection y escoge tus preferidas.\" \/>\n<meta property=\"og:url\" content=\"https:\/\/www.smokingpaper.com\/es\/producto\/rolling-tray-inferno\/\" \/>\n<meta property=\"og:site_name\" content=\"Smoking\" \/>\n<meta property=\"article:modified_time\" content=\"2024-09-26T14:18:37+00:00\" \/>\n<meta property=\"og:image\" content=\"https:\/\/www.smokingpaper.com\/wp-content\/uploads\/2023\/04\/Rolling-Tray-Inferno-1024x683.png\" \/>\n\t<meta property=\"og:image:width\" content=\"1024\" \/>\n\t<meta property=\"og:image:height\" content=\"683\" \/>\n\t<meta property=\"og:image:type\" content=\"image\/png\" \/>\n<meta name=\"twitter:card\" content=\"summary_large_image\" \/>\n<!-- \/ Yoast SEO plugin. -->","yoast_head_json":{"title":"Bandeja de Liar Inferno | Smoking Paper","robots":{"index":"index","follow":"follow","max-snippet":"max-snippet:-1","max-image-preview":"max-image-preview:large","max-video-preview":"max-video-preview:-1"},"canonical":"https:\/\/www.smokingpaper.com\/es\/producto\/rolling-tray-inferno\/","og_locale":"es_ES","og_type":"article","og_title":"Bandeja de Liar Inferno | Smoking Paper","og_description":"Que el fin del mundo no te impida liar tus cigarrillos siempre fiel a tu estilo. Te presentamos nuestra psicod\u00e9lica bandeja de liar Rolling Tray Inferno, tan pr\u00e1ctica como llamativa para preparar tus cigarros con total comodidad. Esta bandeja est\u00e1 fabricada en esta\u00f1o, es de alta resistencia y su decoraci\u00f3n atraer\u00e1 la mirada de todo el que te acompa\u00f1e. En esta bandeja, adem\u00e1s, no desperdiciar\u00e1s nada de tabaco, ya que cuenta con unos bordes espec\u00edficamente dise\u00f1ados para evitar que se caigan los restos. Descubre la colecci\u00f3n de bandejas para liar Smoking\u00ae en nuestra Galaxy Collection y escoge tus preferidas.","og_url":"https:\/\/www.smokingpaper.com\/es\/producto\/rolling-tray-inferno\/","og_site_name":"Smoking","article_modified_time":"2024-09-26T14:18:37+00:00","og_image":[{"width":1024,"height":683,"url":"https:\/\/www.smokingpaper.com\/wp-content\/uploads\/2023\/04\/Rolling-Tray-Inferno-1024x683.png","type":"image\/png"}],"twitter_card":"summary_large_image","schema":{"@context":"https:\/\/schema.org","@graph":[{"@type":"BreadcrumbList","@id":"https:\/\/www.smokingpaper.com\/es\/producto\/rolling-tray-inferno\/#breadcrumb","itemListElement":[{"@type":"ListItem","position":1,"name":"Home","item":"https:\/\/www.smokingpaper.com\/es\/"},{"@type":"ListItem","position":2,"name":"Productos","item":"https:\/\/www.smokingpaper.com\/es\/shop\/"},{"@type":"ListItem","position":3,"name":"Bandeja de liar","item":"https:\/\/www.smokingpaper.com\/es\/productos\/bandejas-de-liar\/"},{"@type":"ListItem","position":4,"name":"Bandeja de Liar Inferno"}]}]}},"_links":{"self":[{"href":"https:\/\/www.smokingpaper.com\/es\/wp-json\/wp\/v2\/product\/6721","targetHints":{"allow":["GET"]}}],"collection":[{"href":"https:\/\/www.smokingpaper.com\/es\/wp-json\/wp\/v2\/product"}],"about":[{"href":"https:\/\/www.smokingpaper.com\/es\/wp-json\/wp\/v2\/types\/product"}],"wp:featuredmedia":[{"embeddable":true,"href":"https:\/\/www.smokingpaper.com\/es\/wp-json\/wp\/v2\/media\/11231"}],"wp:attachment":[{"href":"https:\/\/www.smokingpaper.com\/es\/wp-json\/wp\/v2\/media?parent=6721"}],"wp:term":[{"taxonomy":"product_brand","embeddable":true,"href":"https:\/\/www.smokingpaper.com\/es\/wp-json\/wp\/v2\/product_brand?post=6721"},{"taxonomy":"product_cat","embeddable":true,"href":"https:\/\/www.smokingpaper.com\/es\/wp-json\/wp\/v2\/product_cat?post=6721"},{"taxonomy":"product_tag","embeddable":true,"href":"https:\/\/www.smokingpaper.com\/es\/wp-json\/wp\/v2\/product_tag?post=6721"}],"curies":[{"name":"wp","href":"https:\/\/api.w.org\/{rel}","templated":true}]}}