{"id":6436,"date":"2023-03-15T15:49:04","date_gmt":"2023-03-15T14:49:04","guid":{"rendered":"https:\/\/www.smokingpaper.com\/?post_type=product&#038;p=6436"},"modified":"2024-12-18T23:08:55","modified_gmt":"2024-12-18T22:08:55","slug":"brown-medium-tips","status":"publish","type":"product","link":"https:\/\/www.smokingpaper.com\/es\/producto\/brown-medium-tips\/","title":{"rendered":"Filtro de cart\u00f3n Brown Medium"},"content":{"rendered":"","protected":false},"excerpt":{"rendered":"<p>\u00bfBuscas una mejor experiencia al fumar? No busques m\u00e1s: <strong>Tips Brown Medium<\/strong>, el complemento perfecto para cualquier fumador. Dise\u00f1ados a partir de cart\u00f3n sin blanquear, estos finos <strong>filtros precortados<\/strong> proporcionan una c\u00f3moda experiencia al fumar<strong> sin productos qu\u00edmicos agresivos ni aditivos<\/strong>. Cada paquete de Tips Brown Medium incluye filtros listos para usar, garantizando siempre una experiencia sin complicaciones. Disfruta de una calada mucho m\u00e1s suave y equilibrada con Tips Brown Medium.<\/p>\n","protected":false},"featured_media":6732,"template":"","meta":{"_acf_changed":false,"inline_featured_image":false},"product_brand":[],"product_cat":[213],"product_tag":[],"class_list":{"0":"post-6436","1":"product","2":"type-product","3":"status-publish","4":"has-post-thumbnail","6":"product_cat-filtros","8":"first","9":"instock","10":"shipping-taxable","11":"product-type-simple"},"acf":[],"yoast_head":"<!-- This site is optimized with the Yoast SEO plugin v26.2 - https:\/\/yoast.com\/wordpress\/plugins\/seo\/ -->\n<title>Filtro de cart\u00f3n Brown Medium | Smoking Paper<\/title>\n<meta name=\"description\" content=\"Distribuye los filtros de cart\u00f3n m\u00e1s conocidos de Smoking Paper. Contiene 50 cartones y son libre de cloro y blanqueantes. \u00a1Vis\u00edtanos ahora!\" \/>\n<meta name=\"robots\" content=\"index, follow, max-snippet:-1, max-image-preview:large, max-video-preview:-1\" \/>\n<link rel=\"canonical\" href=\"https:\/\/www.smokingpaper.com\/es\/producto\/brown-medium-tips\/\" \/>\n<meta property=\"og:locale\" content=\"es_ES\" \/>\n<meta property=\"og:type\" content=\"article\" \/>\n<meta property=\"og:title\" content=\"Filtro de cart\u00f3n Brown Medium | Smoking Paper\" \/>\n<meta property=\"og:description\" content=\"Distribuye los filtros de cart\u00f3n m\u00e1s conocidos de Smoking Paper. Contiene 50 cartones y son libre de cloro y blanqueantes. \u00a1Vis\u00edtanos ahora!\" \/>\n<meta property=\"og:url\" content=\"https:\/\/www.smokingpaper.com\/es\/producto\/brown-medium-tips\/\" \/>\n<meta property=\"og:site_name\" content=\"Smoking\" \/>\n<meta property=\"article:modified_time\" content=\"2024-12-18T22:08:55+00:00\" \/>\n<meta property=\"og:image\" content=\"https:\/\/www.smokingpaper.com\/wp-content\/uploads\/2023\/03\/Taco-Brown-Tips-Med-pequeno-1.png\" \/>\n\t<meta property=\"og:image:width\" content=\"617\" \/>\n\t<meta property=\"og:image:height\" content=\"404\" \/>\n\t<meta property=\"og:image:type\" content=\"image\/png\" \/>\n<meta name=\"twitter:card\" content=\"summary_large_image\" \/>\n<!-- \/ Yoast SEO plugin. -->","yoast_head_json":{"title":"Filtro de cart\u00f3n Brown Medium | Smoking Paper","description":"Distribuye los filtros de cart\u00f3n m\u00e1s conocidos de Smoking Paper. Contiene 50 cartones y son libre de cloro y blanqueantes. \u00a1Vis\u00edtanos ahora!","robots":{"index":"index","follow":"follow","max-snippet":"max-snippet:-1","max-image-preview":"max-image-preview:large","max-video-preview":"max-video-preview:-1"},"canonical":"https:\/\/www.smokingpaper.com\/es\/producto\/brown-medium-tips\/","og_locale":"es_ES","og_type":"article","og_title":"Filtro de cart\u00f3n Brown Medium | Smoking Paper","og_description":"Distribuye los filtros de cart\u00f3n m\u00e1s conocidos de Smoking Paper. Contiene 50 cartones y son libre de cloro y blanqueantes. \u00a1Vis\u00edtanos ahora!","og_url":"https:\/\/www.smokingpaper.com\/es\/producto\/brown-medium-tips\/","og_site_name":"Smoking","article_modified_time":"2024-12-18T22:08:55+00:00","og_image":[{"width":617,"height":404,"url":"https:\/\/www.smokingpaper.com\/wp-content\/uploads\/2023\/03\/Taco-Brown-Tips-Med-pequeno-1.png","type":"image\/png"}],"twitter_card":"summary_large_image","schema":{"@context":"https:\/\/schema.org","@graph":[{"@type":"BreadcrumbList","@id":"https:\/\/www.smokingpaper.com\/es\/producto\/brown-medium-tips\/#breadcrumb","itemListElement":[{"@type":"ListItem","position":1,"name":"Home","item":"https:\/\/www.smokingpaper.com\/es\/"},{"@type":"ListItem","position":2,"name":"Productos","item":"https:\/\/www.smokingpaper.com\/es\/shop\/"},{"@type":"ListItem","position":3,"name":"Filtros","item":"https:\/\/www.smokingpaper.com\/es\/productos\/filtros\/"},{"@type":"ListItem","position":4,"name":"Filtro de cart\u00f3n Brown Medium"}]}]}},"_links":{"self":[{"href":"https:\/\/www.smokingpaper.com\/es\/wp-json\/wp\/v2\/product\/6436","targetHints":{"allow":["GET"]}}],"collection":[{"href":"https:\/\/www.smokingpaper.com\/es\/wp-json\/wp\/v2\/product"}],"about":[{"href":"https:\/\/www.smokingpaper.com\/es\/wp-json\/wp\/v2\/types\/product"}],"wp:featuredmedia":[{"embeddable":true,"href":"https:\/\/www.smokingpaper.com\/es\/wp-json\/wp\/v2\/media\/6732"}],"wp:attachment":[{"href":"https:\/\/www.smokingpaper.com\/es\/wp-json\/wp\/v2\/media?parent=6436"}],"wp:term":[{"taxonomy":"product_brand","embeddable":true,"href":"https:\/\/www.smokingpaper.com\/es\/wp-json\/wp\/v2\/product_brand?post=6436"},{"taxonomy":"product_cat","embeddable":true,"href":"https:\/\/www.smokingpaper.com\/es\/wp-json\/wp\/v2\/product_cat?post=6436"},{"taxonomy":"product_tag","embeddable":true,"href":"https:\/\/www.smokingpaper.com\/es\/wp-json\/wp\/v2\/product_tag?post=6436"}],"curies":[{"name":"wp","href":"https:\/\/api.w.org\/{rel}","templated":true}]}}