{"id":636,"date":"2021-12-02T14:21:40","date_gmt":"2021-12-02T13:21:40","guid":{"rendered":"http:\/\/new.smokingpaper.com\/?post_type=product&#038;p=636"},"modified":"2023-10-07T12:31:04","modified_gmt":"2023-10-07T10:31:04","slug":"metal-rolling-box-78","status":"publish","type":"product","link":"https:\/\/www.smokingpaper.com\/es\/producto\/metal-rolling-box-78\/","title":{"rendered":"Metal Rolling Box 78"},"content":{"rendered":"","protected":false},"excerpt":{"rendered":"<p>La Metal Rolling Box 78 te ayuda a liarte tus cigarros de la forma m\u00e1s c\u00f3moda posible. Est\u00e1 pensada para nuestro formato MEDIUM SIZE con 78 mm de largo. Cuenta con un acabado en metal muy elegante que, de paso, te asegura la m\u00e1xima durabilidad posible. \u00bfQuieres aprender a liar con ella r\u00e1pidamente? Visita nuestro canal de YouTube donde tienes tutoriales muy sencillos para dominar tu Rolling Box a la perfecci\u00f3n.<\/p>\n","protected":false},"featured_media":7885,"template":"","meta":{"_acf_changed":false,"inline_featured_image":false},"product_brand":[],"product_cat":[123],"product_tag":[],"class_list":{"0":"post-636","1":"product","2":"type-product","3":"status-publish","4":"has-post-thumbnail","6":"product_cat-accesorios","8":"first","9":"instock","10":"shipping-taxable","11":"product-type-simple"},"acf":[],"yoast_head":"<!-- This site is optimized with the Yoast SEO plugin v26.2 - https:\/\/yoast.com\/wordpress\/plugins\/seo\/ -->\n<title>Metal Rolling Box 78 | Smoking Papel<\/title>\n<meta name=\"description\" content=\"Metal Rolling Box 78, productos para fumadores de la mejor calidad en Smoking Paper \u2705 \u00a1no te pierdas nuestro cat\u00e1logo de productos online!\" \/>\n<meta name=\"robots\" content=\"index, follow, max-snippet:-1, max-image-preview:large, max-video-preview:-1\" \/>\n<link rel=\"canonical\" href=\"https:\/\/www.smokingpaper.com\/es\/producto\/metal-rolling-box-78\/\" \/>\n<meta property=\"og:locale\" content=\"es_ES\" \/>\n<meta property=\"og:type\" content=\"article\" \/>\n<meta property=\"og:title\" content=\"Metal Rolling Box 78 | Smoking Papel\" \/>\n<meta property=\"og:description\" content=\"Metal Rolling Box 78, productos para fumadores de la mejor calidad en Smoking Paper \u2705 \u00a1no te pierdas nuestro cat\u00e1logo de productos online!\" \/>\n<meta property=\"og:url\" content=\"https:\/\/www.smokingpaper.com\/es\/producto\/metal-rolling-box-78\/\" \/>\n<meta property=\"og:site_name\" content=\"Smoking\" \/>\n<meta property=\"article:modified_time\" content=\"2023-10-07T10:31:04+00:00\" \/>\n<meta property=\"og:image\" content=\"https:\/\/www.smokingpaper.com\/wp-content\/uploads\/2021\/12\/ROLLING-BOX-78-mm.png\" \/>\n\t<meta property=\"og:image:width\" content=\"667\" \/>\n\t<meta property=\"og:image:height\" content=\"525\" \/>\n\t<meta property=\"og:image:type\" content=\"image\/png\" \/>\n<meta name=\"twitter:card\" content=\"summary_large_image\" \/>\n<meta name=\"twitter:label1\" content=\"Tiempo de lectura\" \/>\n\t<meta name=\"twitter:data1\" content=\"1 minuto\" \/>\n<!-- \/ Yoast SEO plugin. -->","yoast_head_json":{"title":"Metal Rolling Box 78 | Smoking Papel","description":"Metal Rolling Box 78, productos para fumadores de la mejor calidad en Smoking Paper \u2705 \u00a1no te pierdas nuestro cat\u00e1logo de productos online!","robots":{"index":"index","follow":"follow","max-snippet":"max-snippet:-1","max-image-preview":"max-image-preview:large","max-video-preview":"max-video-preview:-1"},"canonical":"https:\/\/www.smokingpaper.com\/es\/producto\/metal-rolling-box-78\/","og_locale":"es_ES","og_type":"article","og_title":"Metal Rolling Box 78 | Smoking Papel","og_description":"Metal Rolling Box 78, productos para fumadores de la mejor calidad en Smoking Paper \u2705 \u00a1no te pierdas nuestro cat\u00e1logo de productos online!","og_url":"https:\/\/www.smokingpaper.com\/es\/producto\/metal-rolling-box-78\/","og_site_name":"Smoking","article_modified_time":"2023-10-07T10:31:04+00:00","og_image":[{"width":667,"height":525,"url":"https:\/\/www.smokingpaper.com\/wp-content\/uploads\/2021\/12\/ROLLING-BOX-78-mm.png","type":"image\/png"}],"twitter_card":"summary_large_image","twitter_misc":{"Tiempo de lectura":"1 minuto"},"schema":{"@context":"https:\/\/schema.org","@graph":[{"@type":"BreadcrumbList","@id":"https:\/\/www.smokingpaper.com\/es\/producto\/metal-rolling-box-78\/#breadcrumb","itemListElement":[{"@type":"ListItem","position":1,"name":"Home","item":"https:\/\/www.smokingpaper.com\/es\/"},{"@type":"ListItem","position":2,"name":"Productos","item":"https:\/\/www.smokingpaper.com\/es\/shop\/"},{"@type":"ListItem","position":3,"name":"Accesorios","item":"https:\/\/www.smokingpaper.com\/es\/productos\/accesorios\/"},{"@type":"ListItem","position":4,"name":"Metal Rolling Box 78"}]}]}},"_links":{"self":[{"href":"https:\/\/www.smokingpaper.com\/es\/wp-json\/wp\/v2\/product\/636","targetHints":{"allow":["GET"]}}],"collection":[{"href":"https:\/\/www.smokingpaper.com\/es\/wp-json\/wp\/v2\/product"}],"about":[{"href":"https:\/\/www.smokingpaper.com\/es\/wp-json\/wp\/v2\/types\/product"}],"wp:featuredmedia":[{"embeddable":true,"href":"https:\/\/www.smokingpaper.com\/es\/wp-json\/wp\/v2\/media\/7885"}],"wp:attachment":[{"href":"https:\/\/www.smokingpaper.com\/es\/wp-json\/wp\/v2\/media?parent=636"}],"wp:term":[{"taxonomy":"product_brand","embeddable":true,"href":"https:\/\/www.smokingpaper.com\/es\/wp-json\/wp\/v2\/product_brand?post=636"},{"taxonomy":"product_cat","embeddable":true,"href":"https:\/\/www.smokingpaper.com\/es\/wp-json\/wp\/v2\/product_cat?post=636"},{"taxonomy":"product_tag","embeddable":true,"href":"https:\/\/www.smokingpaper.com\/es\/wp-json\/wp\/v2\/product_tag?post=636"}],"curies":[{"name":"wp","href":"https:\/\/api.w.org\/{rel}","templated":true}]}}