{"id":629,"date":"2021-12-02T14:20:07","date_gmt":"2021-12-02T13:20:07","guid":{"rendered":"http:\/\/new.smokingpaper.com\/?post_type=product&#038;p=629"},"modified":"2023-10-07T12:34:10","modified_gmt":"2023-10-07T10:34:10","slug":"metal-rolling-machine-110","status":"publish","type":"product","link":"https:\/\/www.smokingpaper.com\/es\/producto\/metal-rolling-machine-110\/","title":{"rendered":"Metal Rolling Machine 110"},"content":{"rendered":"","protected":false},"excerpt":{"rendered":"<p>\u00a1La m\u00e1quina de liar perfecta para tus cigarrillos King Size! La Metal Rolling Machine est\u00e1 pensada para que puedas prepararlos de la forma m\u00e1s c\u00f3moda posible. Con su formato KING SIZE podr\u00e1s liar cigarrillos de 110 mm de largo. Est\u00e1 presentada en un acabado de metal y te garantiza m\u00e1xima resistencia para que puedas usarla todo lo que quieras. Es sencill\u00edsima de utilizar y tienes en nuestro canal de YouTube tutoriales por si quieres perfeccionar tu t\u00e9cnica.<\/p>\n","protected":false},"featured_media":7874,"template":"","meta":{"_acf_changed":false,"inline_featured_image":false},"product_brand":[],"product_cat":[123],"product_tag":[],"class_list":{"0":"post-629","1":"product","2":"type-product","3":"status-publish","4":"has-post-thumbnail","6":"product_cat-accesorios","8":"first","9":"instock","10":"shipping-taxable","11":"product-type-simple"},"acf":[],"yoast_head":"<!-- This site is optimized with the Yoast SEO plugin v26.2 - https:\/\/yoast.com\/wordpress\/plugins\/seo\/ -->\n<title>Metal Rolling Machine 110 | Smoking Papel<\/title>\n<meta name=\"description\" content=\"Metal Rolling Machine 110, productos para fumadores de la mejor calidad en Smoking Paper \u2705 \u00a1no te pierdas nuestro cat\u00e1logo de productos online!\" \/>\n<meta name=\"robots\" content=\"index, follow, max-snippet:-1, max-image-preview:large, max-video-preview:-1\" \/>\n<link rel=\"canonical\" href=\"https:\/\/www.smokingpaper.com\/es\/producto\/metal-rolling-machine-110\/\" \/>\n<meta property=\"og:locale\" content=\"es_ES\" \/>\n<meta property=\"og:type\" content=\"article\" \/>\n<meta property=\"og:title\" content=\"Metal Rolling Machine 110 | Smoking Papel\" \/>\n<meta property=\"og:description\" content=\"Metal Rolling Machine 110, productos para fumadores de la mejor calidad en Smoking Paper \u2705 \u00a1no te pierdas nuestro cat\u00e1logo de productos online!\" \/>\n<meta property=\"og:url\" content=\"https:\/\/www.smokingpaper.com\/es\/producto\/metal-rolling-machine-110\/\" \/>\n<meta property=\"og:site_name\" content=\"Smoking\" \/>\n<meta property=\"article:modified_time\" content=\"2023-10-07T10:34:10+00:00\" \/>\n<meta property=\"og:image\" content=\"https:\/\/www.smokingpaper.com\/wp-content\/uploads\/2021\/12\/RollingMachine110mmROJO.png\" \/>\n\t<meta property=\"og:image:width\" content=\"667\" \/>\n\t<meta property=\"og:image:height\" content=\"343\" \/>\n\t<meta property=\"og:image:type\" content=\"image\/png\" \/>\n<meta name=\"twitter:card\" content=\"summary_large_image\" \/>\n<meta name=\"twitter:label1\" content=\"Tiempo de lectura\" \/>\n\t<meta name=\"twitter:data1\" content=\"1 minuto\" \/>\n<!-- \/ Yoast SEO plugin. -->","yoast_head_json":{"title":"Metal Rolling Machine 110 | Smoking Papel","description":"Metal Rolling Machine 110, productos para fumadores de la mejor calidad en Smoking Paper \u2705 \u00a1no te pierdas nuestro cat\u00e1logo de productos online!","robots":{"index":"index","follow":"follow","max-snippet":"max-snippet:-1","max-image-preview":"max-image-preview:large","max-video-preview":"max-video-preview:-1"},"canonical":"https:\/\/www.smokingpaper.com\/es\/producto\/metal-rolling-machine-110\/","og_locale":"es_ES","og_type":"article","og_title":"Metal Rolling Machine 110 | Smoking Papel","og_description":"Metal Rolling Machine 110, productos para fumadores de la mejor calidad en Smoking Paper \u2705 \u00a1no te pierdas nuestro cat\u00e1logo de productos online!","og_url":"https:\/\/www.smokingpaper.com\/es\/producto\/metal-rolling-machine-110\/","og_site_name":"Smoking","article_modified_time":"2023-10-07T10:34:10+00:00","og_image":[{"width":667,"height":343,"url":"https:\/\/www.smokingpaper.com\/wp-content\/uploads\/2021\/12\/RollingMachine110mmROJO.png","type":"image\/png"}],"twitter_card":"summary_large_image","twitter_misc":{"Tiempo de lectura":"1 minuto"},"schema":{"@context":"https:\/\/schema.org","@graph":[{"@type":"BreadcrumbList","@id":"https:\/\/www.smokingpaper.com\/es\/producto\/metal-rolling-machine-110\/#breadcrumb","itemListElement":[{"@type":"ListItem","position":1,"name":"Home","item":"https:\/\/www.smokingpaper.com\/es\/"},{"@type":"ListItem","position":2,"name":"Productos","item":"https:\/\/www.smokingpaper.com\/es\/shop\/"},{"@type":"ListItem","position":3,"name":"Accesorios","item":"https:\/\/www.smokingpaper.com\/es\/productos\/accesorios\/"},{"@type":"ListItem","position":4,"name":"Metal Rolling Machine 110"}]}]}},"_links":{"self":[{"href":"https:\/\/www.smokingpaper.com\/es\/wp-json\/wp\/v2\/product\/629","targetHints":{"allow":["GET"]}}],"collection":[{"href":"https:\/\/www.smokingpaper.com\/es\/wp-json\/wp\/v2\/product"}],"about":[{"href":"https:\/\/www.smokingpaper.com\/es\/wp-json\/wp\/v2\/types\/product"}],"wp:featuredmedia":[{"embeddable":true,"href":"https:\/\/www.smokingpaper.com\/es\/wp-json\/wp\/v2\/media\/7874"}],"wp:attachment":[{"href":"https:\/\/www.smokingpaper.com\/es\/wp-json\/wp\/v2\/media?parent=629"}],"wp:term":[{"taxonomy":"product_brand","embeddable":true,"href":"https:\/\/www.smokingpaper.com\/es\/wp-json\/wp\/v2\/product_brand?post=629"},{"taxonomy":"product_cat","embeddable":true,"href":"https:\/\/www.smokingpaper.com\/es\/wp-json\/wp\/v2\/product_cat?post=629"},{"taxonomy":"product_tag","embeddable":true,"href":"https:\/\/www.smokingpaper.com\/es\/wp-json\/wp\/v2\/product_tag?post=629"}],"curies":[{"name":"wp","href":"https:\/\/api.w.org\/{rel}","templated":true}]}}