{"id":6010,"date":"2022-12-22T17:01:30","date_gmt":"2022-12-22T16:06:54","guid":{"rendered":"https:\/\/www.smokingpaper.com\/?post_type=product&#038;p=6010"},"modified":"2024-11-29T10:17:39","modified_gmt":"2024-11-29T09:17:39","slug":"cenicero-flamas","status":"publish","type":"product","link":"https:\/\/www.smokingpaper.com\/es\/producto\/cenicero-flamas\/","title":{"rendered":"Cenicero Flames"},"content":{"rendered":"","protected":false},"excerpt":{"rendered":"<p><span style=\"font-weight: 400;\">\u00bfLa llama es tu icono favorito en Whatsapp? Entonces resistirte a nuestro <strong>Cenicero Flamas<\/strong> \u00a1te ser\u00e1 verdaderamente complicado! Adem\u00e1s de ser un cenicero de aluminio (y, por lo tanto, muy f\u00e1cil de limpiar), tiene un dise\u00f1o \u00fanico que te conquistar\u00e1.<\/span><\/p>\n<p><span style=\"font-weight: 400;\">De color negro, circular y decorado en la base con un trama de llamas que se intercala con el logo de Smoking Paper. Chulo, \u00bfeh? Sin duda, los ceniceros llamas son la opci\u00f3n perfecta para aquellos que a\u00fan usan el fueguito para ligar por Instagram.<\/span><\/p>\n","protected":false},"featured_media":6073,"template":"","meta":{"_acf_changed":false,"inline_featured_image":false},"product_brand":[],"product_cat":[784],"product_tag":[],"class_list":{"0":"post-6010","1":"product","2":"type-product","3":"status-publish","4":"has-post-thumbnail","6":"product_cat-cenicero","8":"first","9":"instock","10":"shipping-taxable","11":"product-type-simple"},"acf":[],"yoast_head":"<!-- This site is optimized with the Yoast SEO plugin v26.2 - https:\/\/yoast.com\/wordpress\/plugins\/seo\/ -->\n<title>Cenicero Flames | Smoking Paper<\/title>\n<meta name=\"description\" content=\"Descubre nuestro exclusivo cenicero Flames, fabricado en metal para una mayor durabilidad. \u00a1Visita nuestro cat\u00e1logo y hazte con uno de ellos!\" \/>\n<meta name=\"robots\" content=\"index, follow, max-snippet:-1, max-image-preview:large, max-video-preview:-1\" \/>\n<link rel=\"canonical\" href=\"https:\/\/www.smokingpaper.com\/es\/producto\/cenicero-flamas\/\" \/>\n<meta property=\"og:locale\" content=\"es_ES\" \/>\n<meta property=\"og:type\" content=\"article\" \/>\n<meta property=\"og:title\" content=\"Cenicero Flames | Smoking Paper\" \/>\n<meta property=\"og:description\" content=\"Descubre nuestro exclusivo cenicero Flames, fabricado en metal para una mayor durabilidad. \u00a1Visita nuestro cat\u00e1logo y hazte con uno de ellos!\" \/>\n<meta property=\"og:url\" content=\"https:\/\/www.smokingpaper.com\/es\/producto\/cenicero-flamas\/\" \/>\n<meta property=\"og:site_name\" content=\"Smoking\" \/>\n<meta property=\"article:modified_time\" content=\"2024-11-29T09:17:39+00:00\" \/>\n<meta property=\"og:image\" content=\"https:\/\/www.smokingpaper.com\/wp-content\/uploads\/2022\/12\/flames-cenicero.jpg\" \/>\n\t<meta property=\"og:image:width\" content=\"683\" \/>\n\t<meta property=\"og:image:height\" content=\"1024\" \/>\n\t<meta property=\"og:image:type\" content=\"image\/jpeg\" \/>\n<meta name=\"twitter:card\" content=\"summary_large_image\" \/>\n<!-- \/ Yoast SEO plugin. -->","yoast_head_json":{"title":"Cenicero Flames | Smoking Paper","description":"Descubre nuestro exclusivo cenicero Flames, fabricado en metal para una mayor durabilidad. \u00a1Visita nuestro cat\u00e1logo y hazte con uno de ellos!","robots":{"index":"index","follow":"follow","max-snippet":"max-snippet:-1","max-image-preview":"max-image-preview:large","max-video-preview":"max-video-preview:-1"},"canonical":"https:\/\/www.smokingpaper.com\/es\/producto\/cenicero-flamas\/","og_locale":"es_ES","og_type":"article","og_title":"Cenicero Flames | Smoking Paper","og_description":"Descubre nuestro exclusivo cenicero Flames, fabricado en metal para una mayor durabilidad. \u00a1Visita nuestro cat\u00e1logo y hazte con uno de ellos!","og_url":"https:\/\/www.smokingpaper.com\/es\/producto\/cenicero-flamas\/","og_site_name":"Smoking","article_modified_time":"2024-11-29T09:17:39+00:00","og_image":[{"width":683,"height":1024,"url":"https:\/\/www.smokingpaper.com\/wp-content\/uploads\/2022\/12\/flames-cenicero.jpg","type":"image\/jpeg"}],"twitter_card":"summary_large_image","schema":{"@context":"https:\/\/schema.org","@graph":[{"@type":"BreadcrumbList","@id":"https:\/\/www.smokingpaper.com\/es\/producto\/cenicero-flamas\/#breadcrumb","itemListElement":[{"@type":"ListItem","position":1,"name":"Home","item":"https:\/\/www.smokingpaper.com\/es\/"},{"@type":"ListItem","position":2,"name":"Productos","item":"https:\/\/www.smokingpaper.com\/es\/shop\/"},{"@type":"ListItem","position":3,"name":"Ceniceros","item":"https:\/\/www.smokingpaper.com\/es\/productos\/cenicero\/"},{"@type":"ListItem","position":4,"name":"Cenicero Flames"}]}]}},"_links":{"self":[{"href":"https:\/\/www.smokingpaper.com\/es\/wp-json\/wp\/v2\/product\/6010","targetHints":{"allow":["GET"]}}],"collection":[{"href":"https:\/\/www.smokingpaper.com\/es\/wp-json\/wp\/v2\/product"}],"about":[{"href":"https:\/\/www.smokingpaper.com\/es\/wp-json\/wp\/v2\/types\/product"}],"wp:featuredmedia":[{"embeddable":true,"href":"https:\/\/www.smokingpaper.com\/es\/wp-json\/wp\/v2\/media\/6073"}],"wp:attachment":[{"href":"https:\/\/www.smokingpaper.com\/es\/wp-json\/wp\/v2\/media?parent=6010"}],"wp:term":[{"taxonomy":"product_brand","embeddable":true,"href":"https:\/\/www.smokingpaper.com\/es\/wp-json\/wp\/v2\/product_brand?post=6010"},{"taxonomy":"product_cat","embeddable":true,"href":"https:\/\/www.smokingpaper.com\/es\/wp-json\/wp\/v2\/product_cat?post=6010"},{"taxonomy":"product_tag","embeddable":true,"href":"https:\/\/www.smokingpaper.com\/es\/wp-json\/wp\/v2\/product_tag?post=6010"}],"curies":[{"name":"wp","href":"https:\/\/api.w.org\/{rel}","templated":true}]}}