{"id":598,"date":"2021-12-02T13:56:11","date_gmt":"2021-12-02T12:56:11","guid":{"rendered":"http:\/\/new.smokingpaper.com\/?post_type=product&#038;p=598"},"modified":"2023-10-08T21:56:05","modified_gmt":"2023-10-08T19:56:05","slug":"standard-filling-machine","status":"publish","type":"product","link":"https:\/\/www.smokingpaper.com\/es\/producto\/standard-filling-machine\/","title":{"rendered":"Standard Filling Machine"},"content":{"rendered":"","protected":false},"excerpt":{"rendered":"<p><span data-sheets-value=\"{&quot;1&quot;:2,&quot;2&quot;:&quot;Elegante, precisa y resistente. \u00a1Una de las grandes favoritas para liar tus cigarrillos! La Standard Filling Machine te permite liar tubos de 84 mm y di\u00e1metro de 8 mm. Cuenta con un acabado muy atractivo en negro y el logo de Smoking\u00ae destacando en rojo en la parte superior. Utilizar esta m\u00e1quina te ahorra tiempo y te ofrece m\u00e1xima precisi\u00f3n. Aprende a sacarle el m\u00e1ximo partido con los tutoriales que tienes en nuestro canal de YouTube.&quot;}\" data-sheets-userformat=\"{&quot;2&quot;:1319869,&quot;3&quot;:{&quot;1&quot;:0},&quot;5&quot;:{&quot;1&quot;:[{&quot;1&quot;:2,&quot;2&quot;:0,&quot;5&quot;:{&quot;1&quot;:2,&quot;2&quot;:0}},{&quot;1&quot;:0,&quot;2&quot;:0,&quot;3&quot;:3},{&quot;1&quot;:1,&quot;2&quot;:0,&quot;4&quot;:1}]},&quot;6&quot;:{&quot;1&quot;:[{&quot;1&quot;:2,&quot;2&quot;:0,&quot;5&quot;:{&quot;1&quot;:2,&quot;2&quot;:0}},{&quot;1&quot;:0,&quot;2&quot;:0,&quot;3&quot;:3},{&quot;1&quot;:1,&quot;2&quot;:0,&quot;4&quot;:1}]},&quot;7&quot;:{&quot;1&quot;:[{&quot;1&quot;:2,&quot;2&quot;:0,&quot;5&quot;:{&quot;1&quot;:2,&quot;2&quot;:0}},{&quot;1&quot;:0,&quot;2&quot;:0,&quot;3&quot;:3},{&quot;1&quot;:1,&quot;2&quot;:0,&quot;4&quot;:1}]},&quot;8&quot;:{&quot;1&quot;:[{&quot;1&quot;:2,&quot;2&quot;:0,&quot;5&quot;:{&quot;1&quot;:2,&quot;2&quot;:0}},{&quot;1&quot;:0,&quot;2&quot;:0,&quot;3&quot;:3},{&quot;1&quot;:1,&quot;2&quot;:0,&quot;4&quot;:1}]},&quot;10&quot;:1,&quot;11&quot;:4,&quot;12&quot;:0,&quot;16&quot;:10,&quot;21&quot;:0,&quot;23&quot;:2}\">Elegante, precisa y resistente. \u00a1Una de las grandes favoritas para liar tus cigarrillos! La Standard Filling Machine te permite liar tubos de 84 mm y di\u00e1metro de 8 mm. Cuenta con un acabado muy atractivo en negro y el logo de Smoking\u00ae destacando en rojo en la parte superior. Utilizar esta m\u00e1quina te ahorra tiempo y te ofrece m\u00e1xima precisi\u00f3n. Aprende a sacarle el m\u00e1ximo partido con los tutoriales que tienes en nuestro canal de YouTube.<\/span><\/p>\n","protected":false},"featured_media":733,"template":"","meta":{"_acf_changed":false,"inline_featured_image":false},"product_brand":[],"product_cat":[123],"product_tag":[],"class_list":{"0":"post-598","1":"product","2":"type-product","3":"status-publish","4":"has-post-thumbnail","6":"product_cat-accesorios","8":"first","9":"instock","10":"shipping-taxable","11":"product-type-simple"},"acf":[],"yoast_head":"<!-- This site is optimized with the Yoast SEO plugin v26.2 - https:\/\/yoast.com\/wordpress\/plugins\/seo\/ -->\n<title>Standard Rolling Machine 110 | Smoking Papel<\/title>\n<meta name=\"description\" content=\"Standard Rolling Machine 110, productos para fumadores de la mejor calidad en Smoking Paper \u2705 A los mejores precios.\" \/>\n<meta name=\"robots\" content=\"index, follow, max-snippet:-1, max-image-preview:large, max-video-preview:-1\" \/>\n<link rel=\"canonical\" href=\"https:\/\/www.smokingpaper.com\/es\/producto\/standard-filling-machine\/\" \/>\n<meta property=\"og:locale\" content=\"es_ES\" \/>\n<meta property=\"og:type\" content=\"article\" \/>\n<meta property=\"og:title\" content=\"Standard Rolling Machine 110 | Smoking Papel\" \/>\n<meta property=\"og:description\" content=\"Standard Rolling Machine 110, productos para fumadores de la mejor calidad en Smoking Paper \u2705 A los mejores precios.\" \/>\n<meta property=\"og:url\" content=\"https:\/\/www.smokingpaper.com\/es\/producto\/standard-filling-machine\/\" \/>\n<meta property=\"og:site_name\" content=\"Smoking\" \/>\n<meta property=\"article:modified_time\" content=\"2023-10-08T19:56:05+00:00\" \/>\n<meta property=\"og:image\" content=\"https:\/\/www.smokingpaper.com\/wp-content\/uploads\/2021\/12\/standard_filling_machine-removebg-preview_optimized.png\" \/>\n\t<meta property=\"og:image:width\" content=\"667\" \/>\n\t<meta property=\"og:image:height\" content=\"374\" \/>\n\t<meta property=\"og:image:type\" content=\"image\/png\" \/>\n<meta name=\"twitter:card\" content=\"summary_large_image\" \/>\n<meta name=\"twitter:label1\" content=\"Tiempo de lectura\" \/>\n\t<meta name=\"twitter:data1\" content=\"1 minuto\" \/>\n<!-- \/ Yoast SEO plugin. -->","yoast_head_json":{"title":"Standard Rolling Machine 110 | Smoking Papel","description":"Standard Rolling Machine 110, productos para fumadores de la mejor calidad en Smoking Paper \u2705 A los mejores precios.","robots":{"index":"index","follow":"follow","max-snippet":"max-snippet:-1","max-image-preview":"max-image-preview:large","max-video-preview":"max-video-preview:-1"},"canonical":"https:\/\/www.smokingpaper.com\/es\/producto\/standard-filling-machine\/","og_locale":"es_ES","og_type":"article","og_title":"Standard Rolling Machine 110 | Smoking Papel","og_description":"Standard Rolling Machine 110, productos para fumadores de la mejor calidad en Smoking Paper \u2705 A los mejores precios.","og_url":"https:\/\/www.smokingpaper.com\/es\/producto\/standard-filling-machine\/","og_site_name":"Smoking","article_modified_time":"2023-10-08T19:56:05+00:00","og_image":[{"width":667,"height":374,"url":"https:\/\/www.smokingpaper.com\/wp-content\/uploads\/2021\/12\/standard_filling_machine-removebg-preview_optimized.png","type":"image\/png"}],"twitter_card":"summary_large_image","twitter_misc":{"Tiempo de lectura":"1 minuto"},"schema":{"@context":"https:\/\/schema.org","@graph":[{"@type":"BreadcrumbList","@id":"https:\/\/www.smokingpaper.com\/es\/producto\/standard-filling-machine\/#breadcrumb","itemListElement":[{"@type":"ListItem","position":1,"name":"Home","item":"https:\/\/www.smokingpaper.com\/es\/"},{"@type":"ListItem","position":2,"name":"Productos","item":"https:\/\/www.smokingpaper.com\/es\/shop\/"},{"@type":"ListItem","position":3,"name":"Accesorios","item":"https:\/\/www.smokingpaper.com\/es\/productos\/accesorios\/"},{"@type":"ListItem","position":4,"name":"Standard Filling Machine"}]}]}},"_links":{"self":[{"href":"https:\/\/www.smokingpaper.com\/es\/wp-json\/wp\/v2\/product\/598","targetHints":{"allow":["GET"]}}],"collection":[{"href":"https:\/\/www.smokingpaper.com\/es\/wp-json\/wp\/v2\/product"}],"about":[{"href":"https:\/\/www.smokingpaper.com\/es\/wp-json\/wp\/v2\/types\/product"}],"wp:featuredmedia":[{"embeddable":true,"href":"https:\/\/www.smokingpaper.com\/es\/wp-json\/wp\/v2\/media\/733"}],"wp:attachment":[{"href":"https:\/\/www.smokingpaper.com\/es\/wp-json\/wp\/v2\/media?parent=598"}],"wp:term":[{"taxonomy":"product_brand","embeddable":true,"href":"https:\/\/www.smokingpaper.com\/es\/wp-json\/wp\/v2\/product_brand?post=598"},{"taxonomy":"product_cat","embeddable":true,"href":"https:\/\/www.smokingpaper.com\/es\/wp-json\/wp\/v2\/product_cat?post=598"},{"taxonomy":"product_tag","embeddable":true,"href":"https:\/\/www.smokingpaper.com\/es\/wp-json\/wp\/v2\/product_tag?post=598"}],"curies":[{"name":"wp","href":"https:\/\/api.w.org\/{rel}","templated":true}]}}