{"id":595,"date":"2021-12-02T13:54:31","date_gmt":"2021-12-02T12:54:31","guid":{"rendered":"http:\/\/new.smokingpaper.com\/?post_type=product&#038;p=595"},"modified":"2023-10-08T22:02:10","modified_gmt":"2023-10-08T20:02:10","slug":"standard-rolling-machine-110","status":"publish","type":"product","link":"https:\/\/www.smokingpaper.com\/es\/producto\/standard-rolling-machine-110\/","title":{"rendered":"Standard Rolling Machine 110"},"content":{"rendered":"","protected":false},"excerpt":{"rendered":"<p>\u00a1Descubre la Standard Rolling Machine 110 y prepara tus cigarros en apenas unos segundos! Es la m\u00e1quina de liar ideal para quienes fuman tama\u00f1o KING SIZE, gracias a que tiene 110 mm de largo y 8 mm de di\u00e1metro de tubo. Con un acabado original en metacrilato, que te ofrece comodidad y resistencia al mismo tiempo. Visita nuestro canal de YouTube y aprende en nuestro tutorial la t\u00e9cnica perfecta para liar tus cigarrillos KING SIZE con ella.<\/p>\n","protected":false},"featured_media":7848,"template":"","meta":{"_acf_changed":false,"inline_featured_image":false},"product_brand":[],"product_cat":[123],"product_tag":[],"class_list":{"0":"post-595","1":"product","2":"type-product","3":"status-publish","4":"has-post-thumbnail","6":"product_cat-accesorios","8":"first","9":"instock","10":"shipping-taxable","11":"product-type-simple"},"acf":[],"yoast_head":"<!-- This site is optimized with the Yoast SEO plugin v26.2 - https:\/\/yoast.com\/wordpress\/plugins\/seo\/ -->\n<title>Standard Rolling Machine 110 | Smoking<\/title>\n<meta name=\"description\" content=\"Descubre la M\u00e1quina de liar est\u00e1ndar 110, productos para fumadores de la mejor calidad en Smoking Paper. \u00a1No te pierdas nuestro cat\u00e1logo!\" \/>\n<meta name=\"robots\" content=\"index, follow, max-snippet:-1, max-image-preview:large, max-video-preview:-1\" \/>\n<link rel=\"canonical\" href=\"https:\/\/www.smokingpaper.com\/es\/producto\/standard-rolling-machine-110\/\" \/>\n<meta property=\"og:locale\" content=\"es_ES\" \/>\n<meta property=\"og:type\" content=\"article\" \/>\n<meta property=\"og:title\" content=\"Standard Rolling Machine 110 | Smoking\" \/>\n<meta property=\"og:description\" content=\"Descubre la M\u00e1quina de liar est\u00e1ndar 110, productos para fumadores de la mejor calidad en Smoking Paper. \u00a1No te pierdas nuestro cat\u00e1logo!\" \/>\n<meta property=\"og:url\" content=\"https:\/\/www.smokingpaper.com\/es\/producto\/standard-rolling-machine-110\/\" \/>\n<meta property=\"og:site_name\" content=\"Smoking\" \/>\n<meta property=\"article:modified_time\" content=\"2023-10-08T20:02:10+00:00\" \/>\n<meta property=\"og:image\" content=\"https:\/\/www.smokingpaper.com\/wp-content\/uploads\/2021\/12\/STANDARD-ROLLING-MACHINE-110-mm.png\" \/>\n\t<meta property=\"og:image:width\" content=\"667\" \/>\n\t<meta property=\"og:image:height\" content=\"346\" \/>\n\t<meta property=\"og:image:type\" content=\"image\/png\" \/>\n<meta name=\"twitter:card\" content=\"summary_large_image\" \/>\n<meta name=\"twitter:label1\" content=\"Tiempo de lectura\" \/>\n\t<meta name=\"twitter:data1\" content=\"1 minuto\" \/>\n<!-- \/ Yoast SEO plugin. -->","yoast_head_json":{"title":"Standard Rolling Machine 110 | Smoking","description":"Descubre la M\u00e1quina de liar est\u00e1ndar 110, productos para fumadores de la mejor calidad en Smoking Paper. \u00a1No te pierdas nuestro cat\u00e1logo!","robots":{"index":"index","follow":"follow","max-snippet":"max-snippet:-1","max-image-preview":"max-image-preview:large","max-video-preview":"max-video-preview:-1"},"canonical":"https:\/\/www.smokingpaper.com\/es\/producto\/standard-rolling-machine-110\/","og_locale":"es_ES","og_type":"article","og_title":"Standard Rolling Machine 110 | Smoking","og_description":"Descubre la M\u00e1quina de liar est\u00e1ndar 110, productos para fumadores de la mejor calidad en Smoking Paper. \u00a1No te pierdas nuestro cat\u00e1logo!","og_url":"https:\/\/www.smokingpaper.com\/es\/producto\/standard-rolling-machine-110\/","og_site_name":"Smoking","article_modified_time":"2023-10-08T20:02:10+00:00","og_image":[{"width":667,"height":346,"url":"https:\/\/www.smokingpaper.com\/wp-content\/uploads\/2021\/12\/STANDARD-ROLLING-MACHINE-110-mm.png","type":"image\/png"}],"twitter_card":"summary_large_image","twitter_misc":{"Tiempo de lectura":"1 minuto"},"schema":{"@context":"https:\/\/schema.org","@graph":[{"@type":"BreadcrumbList","@id":"https:\/\/www.smokingpaper.com\/es\/producto\/standard-rolling-machine-110\/#breadcrumb","itemListElement":[{"@type":"ListItem","position":1,"name":"Home","item":"https:\/\/www.smokingpaper.com\/es\/"},{"@type":"ListItem","position":2,"name":"Productos","item":"https:\/\/www.smokingpaper.com\/es\/shop\/"},{"@type":"ListItem","position":3,"name":"Accesorios","item":"https:\/\/www.smokingpaper.com\/es\/productos\/accesorios\/"},{"@type":"ListItem","position":4,"name":"Standard Rolling Machine 110"}]}]}},"_links":{"self":[{"href":"https:\/\/www.smokingpaper.com\/es\/wp-json\/wp\/v2\/product\/595","targetHints":{"allow":["GET"]}}],"collection":[{"href":"https:\/\/www.smokingpaper.com\/es\/wp-json\/wp\/v2\/product"}],"about":[{"href":"https:\/\/www.smokingpaper.com\/es\/wp-json\/wp\/v2\/types\/product"}],"wp:featuredmedia":[{"embeddable":true,"href":"https:\/\/www.smokingpaper.com\/es\/wp-json\/wp\/v2\/media\/7848"}],"wp:attachment":[{"href":"https:\/\/www.smokingpaper.com\/es\/wp-json\/wp\/v2\/media?parent=595"}],"wp:term":[{"taxonomy":"product_brand","embeddable":true,"href":"https:\/\/www.smokingpaper.com\/es\/wp-json\/wp\/v2\/product_brand?post=595"},{"taxonomy":"product_cat","embeddable":true,"href":"https:\/\/www.smokingpaper.com\/es\/wp-json\/wp\/v2\/product_cat?post=595"},{"taxonomy":"product_tag","embeddable":true,"href":"https:\/\/www.smokingpaper.com\/es\/wp-json\/wp\/v2\/product_tag?post=595"}],"curies":[{"name":"wp","href":"https:\/\/api.w.org\/{rel}","templated":true}]}}