{"id":588,"date":"2021-12-02T13:42:23","date_gmt":"2021-12-02T12:42:23","guid":{"rendered":"http:\/\/new.smokingpaper.com\/?post_type=product&#038;p=588"},"modified":"2023-10-07T12:14:36","modified_gmt":"2023-10-07T10:14:36","slug":"deluxe-tips-king-size","status":"publish","type":"product","link":"https:\/\/www.smokingpaper.com\/es\/producto\/deluxe-tips-king-size\/","title":{"rendered":"Deluxe King Size + Tips"},"content":{"rendered":"","protected":false},"excerpt":{"rendered":"<p><span data-sheets-value=\"{&quot;1&quot;:2,&quot;2&quot;:&quot;Deluxe King Size + Tips es la combinaci\u00f3n perfecta para tener todo lo que necesitas a la hora de liar tus cigarrillos King Size. Este pack cuenta con 33 hojas de 108 x 44 mm. Con un acabado ultrafino de 13 g\/m2, de combusti\u00f3n lenta y filigranado Smoking\u00ae, adem\u00e1s de certificado FSC\u00ae. Lleva tambi\u00e9n goma ar\u00e1biga 100% natural vegetal, sin incluir colorantes ni otros aditivos. El pack se completa con 33 tips de cart\u00f3n, con los que conseguir el filtro perfecto para esos cigarrillos King Size que est\u00e1s buscando.&quot;}\" data-sheets-userformat=\"{&quot;2&quot;:1319869,&quot;3&quot;:{&quot;1&quot;:0},&quot;5&quot;:{&quot;1&quot;:[{&quot;1&quot;:2,&quot;2&quot;:0,&quot;5&quot;:{&quot;1&quot;:2,&quot;2&quot;:0}},{&quot;1&quot;:0,&quot;2&quot;:0,&quot;3&quot;:3},{&quot;1&quot;:1,&quot;2&quot;:0,&quot;4&quot;:1}]},&quot;6&quot;:{&quot;1&quot;:[{&quot;1&quot;:2,&quot;2&quot;:0,&quot;5&quot;:{&quot;1&quot;:2,&quot;2&quot;:0}},{&quot;1&quot;:0,&quot;2&quot;:0,&quot;3&quot;:3},{&quot;1&quot;:1,&quot;2&quot;:0,&quot;4&quot;:1}]},&quot;7&quot;:{&quot;1&quot;:[{&quot;1&quot;:2,&quot;2&quot;:0,&quot;5&quot;:{&quot;1&quot;:2,&quot;2&quot;:0}},{&quot;1&quot;:0,&quot;2&quot;:0,&quot;3&quot;:3},{&quot;1&quot;:1,&quot;2&quot;:0,&quot;4&quot;:1}]},&quot;8&quot;:{&quot;1&quot;:[{&quot;1&quot;:2,&quot;2&quot;:0,&quot;5&quot;:{&quot;1&quot;:2,&quot;2&quot;:0}},{&quot;1&quot;:0,&quot;2&quot;:0,&quot;3&quot;:3},{&quot;1&quot;:1,&quot;2&quot;:0,&quot;4&quot;:1}]},&quot;10&quot;:1,&quot;11&quot;:4,&quot;12&quot;:0,&quot;16&quot;:10,&quot;21&quot;:0,&quot;23&quot;:2}\">Deluxe King Size + Tips es la combinaci\u00f3n perfecta para tener todo lo que necesitas a la hora de liar tus cigarrillos King Size. Este pack cuenta con 33 hojas de 108 x 44 mm. Con un acabado ultrafino de 13 g\/m2, de combusti\u00f3n lenta y filigranado Smoking\u00ae, adem\u00e1s de certificado FSC\u00ae. Lleva tambi\u00e9n goma ar\u00e1biga 100% natural vegetal, sin incluir colorantes ni otros aditivos. El pack se completa con 33 tips de cart\u00f3n, con los que conseguir el filtro perfecto para esos cigarrillos King Size que est\u00e1s buscando.<\/span><\/p>\n","protected":false},"featured_media":1013,"template":"","meta":{"_acf_changed":false,"inline_featured_image":false},"product_brand":[],"product_cat":[67,92],"product_tag":[],"class_list":{"0":"post-588","1":"product","2":"type-product","3":"status-publish","4":"has-post-thumbnail","6":"product_cat-papeles","7":"product_cat-kingsize","9":"first","10":"instock","11":"shipping-taxable","12":"product-type-simple"},"acf":[],"yoast_head":"<!-- This site is optimized with the Yoast SEO plugin v26.2 - https:\/\/yoast.com\/wordpress\/plugins\/seo\/ -->\n<title>King Size Deluxe + Tips | Smoking Papel<\/title>\n<meta name=\"description\" content=\"King Size Deluxe + Tips, productos para fumadores de la mejor calidad en Smoking Paper \u2705 A los mejores precios, \u00a1cat\u00e1logo de productos online!\" \/>\n<meta name=\"robots\" content=\"index, follow, max-snippet:-1, max-image-preview:large, max-video-preview:-1\" \/>\n<link rel=\"canonical\" href=\"https:\/\/www.smokingpaper.com\/es\/producto\/deluxe-tips-king-size\/\" \/>\n<meta property=\"og:locale\" content=\"es_ES\" \/>\n<meta property=\"og:type\" content=\"article\" \/>\n<meta property=\"og:title\" content=\"King Size Deluxe + Tips | Smoking Papel\" \/>\n<meta property=\"og:description\" content=\"King Size Deluxe + Tips, productos para fumadores de la mejor calidad en Smoking Paper \u2705 A los mejores precios, \u00a1cat\u00e1logo de productos online!\" \/>\n<meta property=\"og:url\" content=\"https:\/\/www.smokingpaper.com\/es\/producto\/deluxe-tips-king-size\/\" \/>\n<meta property=\"og:site_name\" content=\"Smoking\" \/>\n<meta property=\"article:modified_time\" content=\"2023-10-07T10:14:36+00:00\" \/>\n<meta property=\"og:image\" content=\"https:\/\/www.smokingpaper.com\/wp-content\/uploads\/2021\/12\/ks-deluxe-tip-removebg-preview.png\" \/>\n\t<meta property=\"og:image:width\" content=\"621\" \/>\n\t<meta property=\"og:image:height\" content=\"402\" \/>\n\t<meta property=\"og:image:type\" content=\"image\/png\" \/>\n<meta name=\"twitter:card\" content=\"summary_large_image\" \/>\n<meta name=\"twitter:label1\" content=\"Tiempo de lectura\" \/>\n\t<meta name=\"twitter:data1\" content=\"1 minuto\" \/>\n<!-- \/ Yoast SEO plugin. -->","yoast_head_json":{"title":"King Size Deluxe + Tips | Smoking Papel","description":"King Size Deluxe + Tips, productos para fumadores de la mejor calidad en Smoking Paper \u2705 A los mejores precios, \u00a1cat\u00e1logo de productos online!","robots":{"index":"index","follow":"follow","max-snippet":"max-snippet:-1","max-image-preview":"max-image-preview:large","max-video-preview":"max-video-preview:-1"},"canonical":"https:\/\/www.smokingpaper.com\/es\/producto\/deluxe-tips-king-size\/","og_locale":"es_ES","og_type":"article","og_title":"King Size Deluxe + Tips | Smoking Papel","og_description":"King Size Deluxe + Tips, productos para fumadores de la mejor calidad en Smoking Paper \u2705 A los mejores precios, \u00a1cat\u00e1logo de productos online!","og_url":"https:\/\/www.smokingpaper.com\/es\/producto\/deluxe-tips-king-size\/","og_site_name":"Smoking","article_modified_time":"2023-10-07T10:14:36+00:00","og_image":[{"width":621,"height":402,"url":"https:\/\/www.smokingpaper.com\/wp-content\/uploads\/2021\/12\/ks-deluxe-tip-removebg-preview.png","type":"image\/png"}],"twitter_card":"summary_large_image","twitter_misc":{"Tiempo de lectura":"1 minuto"},"schema":{"@context":"https:\/\/schema.org","@graph":[{"@type":"BreadcrumbList","@id":"https:\/\/www.smokingpaper.com\/es\/producto\/deluxe-tips-king-size\/#breadcrumb","itemListElement":[{"@type":"ListItem","position":1,"name":"Home","item":"https:\/\/www.smokingpaper.com\/es\/"},{"@type":"ListItem","position":2,"name":"Productos","item":"https:\/\/www.smokingpaper.com\/es\/shop\/"},{"@type":"ListItem","position":3,"name":"Papel de liar","item":"https:\/\/www.smokingpaper.com\/es\/productos\/papeles\/"},{"@type":"ListItem","position":4,"name":"Deluxe King Size + Tips"}]}]}},"_links":{"self":[{"href":"https:\/\/www.smokingpaper.com\/es\/wp-json\/wp\/v2\/product\/588","targetHints":{"allow":["GET"]}}],"collection":[{"href":"https:\/\/www.smokingpaper.com\/es\/wp-json\/wp\/v2\/product"}],"about":[{"href":"https:\/\/www.smokingpaper.com\/es\/wp-json\/wp\/v2\/types\/product"}],"wp:featuredmedia":[{"embeddable":true,"href":"https:\/\/www.smokingpaper.com\/es\/wp-json\/wp\/v2\/media\/1013"}],"wp:attachment":[{"href":"https:\/\/www.smokingpaper.com\/es\/wp-json\/wp\/v2\/media?parent=588"}],"wp:term":[{"taxonomy":"product_brand","embeddable":true,"href":"https:\/\/www.smokingpaper.com\/es\/wp-json\/wp\/v2\/product_brand?post=588"},{"taxonomy":"product_cat","embeddable":true,"href":"https:\/\/www.smokingpaper.com\/es\/wp-json\/wp\/v2\/product_cat?post=588"},{"taxonomy":"product_tag","embeddable":true,"href":"https:\/\/www.smokingpaper.com\/es\/wp-json\/wp\/v2\/product_tag?post=588"}],"curies":[{"name":"wp","href":"https:\/\/api.w.org\/{rel}","templated":true}]}}