{"id":584,"date":"2021-12-02T13:37:15","date_gmt":"2021-12-02T12:37:15","guid":{"rendered":"http:\/\/new.smokingpaper.com\/product\/standard-rolling-machine-78\/"},"modified":"2023-10-08T21:59:16","modified_gmt":"2023-10-08T19:59:16","slug":"standard-rolling-machine-78","status":"publish","type":"product","link":"https:\/\/www.smokingpaper.com\/es\/producto\/standard-rolling-machine-78\/","title":{"rendered":"Standard Rolling Machine 78"},"content":{"rendered":"","protected":false},"excerpt":{"rendered":"<p>La m\u00e1quina de liar Standard Rolling Machine 78 es la opci\u00f3n id\u00f3nea para liar tus cigarrillos de manera r\u00e1pida y sencilla. Est\u00e1 preparada para nuestro formato MEDIUM SIZE de 78 mm de largo y cuenta con un acabado en metacrilato, para mayor resistencia y comodidad. \u00bfQuieres aprender a liar con ella en solo unos segundos? Visita nuestro canal de YouTube y descubre en nuestro tutorial c\u00f3mo aprovecharla al m\u00e1ximo.<\/p>\n","protected":false},"featured_media":7859,"template":"","meta":{"_acf_changed":false,"inline_featured_image":false},"product_brand":[],"product_cat":[123],"product_tag":[],"class_list":{"0":"post-584","1":"product","2":"type-product","3":"status-publish","4":"has-post-thumbnail","6":"product_cat-accesorios","8":"first","9":"instock","10":"shipping-taxable","11":"product-type-simple"},"acf":[],"yoast_head":"<!-- This site is optimized with the Yoast SEO plugin v26.2 - https:\/\/yoast.com\/wordpress\/plugins\/seo\/ -->\n<title>Standard Rolling Machine 78 | Smoking Papel<\/title>\n<meta name=\"description\" content=\"Standard Rolling Machine 78, productos para fumadores de la mejor calidad en Smoking Paper \u2705 A los mejores precios.\" \/>\n<meta name=\"robots\" content=\"index, follow, max-snippet:-1, max-image-preview:large, max-video-preview:-1\" \/>\n<link rel=\"canonical\" href=\"https:\/\/www.smokingpaper.com\/es\/producto\/standard-rolling-machine-78\/\" \/>\n<meta property=\"og:locale\" content=\"es_ES\" \/>\n<meta property=\"og:type\" content=\"article\" \/>\n<meta property=\"og:title\" content=\"Standard Rolling Machine 78 | Smoking Papel\" \/>\n<meta property=\"og:description\" content=\"Standard Rolling Machine 78, productos para fumadores de la mejor calidad en Smoking Paper \u2705 A los mejores precios.\" \/>\n<meta property=\"og:url\" content=\"https:\/\/www.smokingpaper.com\/es\/producto\/standard-rolling-machine-78\/\" \/>\n<meta property=\"og:site_name\" content=\"Smoking\" \/>\n<meta property=\"article:modified_time\" content=\"2023-10-08T19:59:16+00:00\" \/>\n<meta property=\"og:image\" content=\"https:\/\/www.smokingpaper.com\/wp-content\/uploads\/2021\/12\/STANDARD-ROLLING-MACHINE-78-mm.png\" \/>\n\t<meta property=\"og:image:width\" content=\"667\" \/>\n\t<meta property=\"og:image:height\" content=\"389\" \/>\n\t<meta property=\"og:image:type\" content=\"image\/png\" \/>\n<meta name=\"twitter:card\" content=\"summary_large_image\" \/>\n<!-- \/ Yoast SEO plugin. -->","yoast_head_json":{"title":"Standard Rolling Machine 78 | Smoking Papel","description":"Standard Rolling Machine 78, productos para fumadores de la mejor calidad en Smoking Paper \u2705 A los mejores precios.","robots":{"index":"index","follow":"follow","max-snippet":"max-snippet:-1","max-image-preview":"max-image-preview:large","max-video-preview":"max-video-preview:-1"},"canonical":"https:\/\/www.smokingpaper.com\/es\/producto\/standard-rolling-machine-78\/","og_locale":"es_ES","og_type":"article","og_title":"Standard Rolling Machine 78 | Smoking Papel","og_description":"Standard Rolling Machine 78, productos para fumadores de la mejor calidad en Smoking Paper \u2705 A los mejores precios.","og_url":"https:\/\/www.smokingpaper.com\/es\/producto\/standard-rolling-machine-78\/","og_site_name":"Smoking","article_modified_time":"2023-10-08T19:59:16+00:00","og_image":[{"width":667,"height":389,"url":"https:\/\/www.smokingpaper.com\/wp-content\/uploads\/2021\/12\/STANDARD-ROLLING-MACHINE-78-mm.png","type":"image\/png"}],"twitter_card":"summary_large_image","schema":{"@context":"https:\/\/schema.org","@graph":[{"@type":"BreadcrumbList","@id":"https:\/\/www.smokingpaper.com\/es\/producto\/standard-rolling-machine-78\/#breadcrumb","itemListElement":[{"@type":"ListItem","position":1,"name":"Home","item":"https:\/\/www.smokingpaper.com\/es\/"},{"@type":"ListItem","position":2,"name":"Productos","item":"https:\/\/www.smokingpaper.com\/es\/shop\/"},{"@type":"ListItem","position":3,"name":"Accesorios","item":"https:\/\/www.smokingpaper.com\/es\/productos\/accesorios\/"},{"@type":"ListItem","position":4,"name":"Standard Rolling Machine 78"}]}]}},"_links":{"self":[{"href":"https:\/\/www.smokingpaper.com\/es\/wp-json\/wp\/v2\/product\/584","targetHints":{"allow":["GET"]}}],"collection":[{"href":"https:\/\/www.smokingpaper.com\/es\/wp-json\/wp\/v2\/product"}],"about":[{"href":"https:\/\/www.smokingpaper.com\/es\/wp-json\/wp\/v2\/types\/product"}],"wp:featuredmedia":[{"embeddable":true,"href":"https:\/\/www.smokingpaper.com\/es\/wp-json\/wp\/v2\/media\/7859"}],"wp:attachment":[{"href":"https:\/\/www.smokingpaper.com\/es\/wp-json\/wp\/v2\/media?parent=584"}],"wp:term":[{"taxonomy":"product_brand","embeddable":true,"href":"https:\/\/www.smokingpaper.com\/es\/wp-json\/wp\/v2\/product_brand?post=584"},{"taxonomy":"product_cat","embeddable":true,"href":"https:\/\/www.smokingpaper.com\/es\/wp-json\/wp\/v2\/product_cat?post=584"},{"taxonomy":"product_tag","embeddable":true,"href":"https:\/\/www.smokingpaper.com\/es\/wp-json\/wp\/v2\/product_tag?post=584"}],"curies":[{"name":"wp","href":"https:\/\/api.w.org\/{rel}","templated":true}]}}