{"id":553,"date":"2021-12-02T12:38:12","date_gmt":"2021-12-02T11:38:12","guid":{"rendered":"http:\/\/new.smokingpaper.com\/product\/extra-long-filter-tubes\/"},"modified":"2023-10-05T19:31:32","modified_gmt":"2023-10-05T17:31:32","slug":"extra-long-filter-tubes","status":"publish","type":"product","link":"https:\/\/www.smokingpaper.com\/es\/producto\/extra-long-filter-tubes\/","title":{"rendered":"Tubos Extra Long Filter"},"content":{"rendered":"","protected":false},"excerpt":{"rendered":"<p><span data-sheets-value=\"{&quot;1&quot;:2,&quot;2&quot;:&quot;\u00a1Tubos extra largos para hacer tus cigarrillos como m\u00e1s te gusta! En esta caja tienes un total de 200 tubos con filtro extra largo de 24 mm. En total, una longitud de tubo que alcanza los 84 mm y un di\u00e1metro de 8 mm. Las dimensiones perfectas para quienes prefieren fumar cigarrillos m\u00e1s largos. Adem\u00e1s, cuentan un dise\u00f1o est\u00e1ndar, similar a otros cigarrillos, pero con la impresi\u00f3n del logotipo Smoking\u00ae en color rojo.&quot;}\" data-sheets-userformat=\"{&quot;2&quot;:1319869,&quot;3&quot;:{&quot;1&quot;:0},&quot;5&quot;:{&quot;1&quot;:[{&quot;1&quot;:2,&quot;2&quot;:0,&quot;5&quot;:{&quot;1&quot;:2,&quot;2&quot;:0}},{&quot;1&quot;:0,&quot;2&quot;:0,&quot;3&quot;:3},{&quot;1&quot;:1,&quot;2&quot;:0,&quot;4&quot;:1}]},&quot;6&quot;:{&quot;1&quot;:[{&quot;1&quot;:2,&quot;2&quot;:0,&quot;5&quot;:{&quot;1&quot;:2,&quot;2&quot;:0}},{&quot;1&quot;:0,&quot;2&quot;:0,&quot;3&quot;:3},{&quot;1&quot;:1,&quot;2&quot;:0,&quot;4&quot;:1}]},&quot;7&quot;:{&quot;1&quot;:[{&quot;1&quot;:2,&quot;2&quot;:0,&quot;5&quot;:{&quot;1&quot;:2,&quot;2&quot;:0}},{&quot;1&quot;:0,&quot;2&quot;:0,&quot;3&quot;:3},{&quot;1&quot;:1,&quot;2&quot;:0,&quot;4&quot;:1}]},&quot;8&quot;:{&quot;1&quot;:[{&quot;1&quot;:2,&quot;2&quot;:0,&quot;5&quot;:{&quot;1&quot;:2,&quot;2&quot;:0}},{&quot;1&quot;:0,&quot;2&quot;:0,&quot;3&quot;:3},{&quot;1&quot;:1,&quot;2&quot;:0,&quot;4&quot;:1}]},&quot;10&quot;:1,&quot;11&quot;:4,&quot;12&quot;:0,&quot;16&quot;:10,&quot;21&quot;:0,&quot;23&quot;:2}\">\u00a1Tubos extra largos para hacer tus cigarrillos como m\u00e1s te gusta! En esta caja tienes un total de 200 tubos con filtro extra largo de 24 mm. En total, una longitud de tubo que alcanza los 84 mm y un di\u00e1metro de 8 mm. Las dimensiones perfectas para quienes prefieren fumar cigarrillos m\u00e1s largos. Adem\u00e1s, cuentan un dise\u00f1o est\u00e1ndar, similar a otros cigarrillos, pero con la impresi\u00f3n del logotipo Smoking\u00ae en color rojo.<\/span><\/p>\n","protected":false},"featured_media":3094,"template":"","meta":{"_acf_changed":false,"inline_featured_image":false},"product_brand":[],"product_cat":[87],"product_tag":[],"class_list":{"0":"post-553","1":"product","2":"type-product","3":"status-publish","4":"has-post-thumbnail","6":"product_cat-tubos","8":"first","9":"instock","10":"shipping-taxable","11":"product-type-simple"},"acf":[],"yoast_head":"<!-- This site is optimized with the Yoast SEO plugin v26.2 - https:\/\/yoast.com\/wordpress\/plugins\/seo\/ -->\n<title>Extra Long Filter Tubes | Smoking Papel<\/title>\n<meta name=\"description\" content=\"Extra Long Filter Tubes, productos para fumadores de la mejor calidad en Smoking Paper. A los mejores precios, \u00a1no te pierdas el cat\u00e1logo!\" \/>\n<meta name=\"robots\" content=\"index, follow, max-snippet:-1, max-image-preview:large, max-video-preview:-1\" \/>\n<link rel=\"canonical\" href=\"https:\/\/www.smokingpaper.com\/es\/producto\/extra-long-filter-tubes\/\" \/>\n<meta property=\"og:locale\" content=\"es_ES\" \/>\n<meta property=\"og:type\" content=\"article\" \/>\n<meta property=\"og:title\" content=\"Extra Long Filter Tubes | Smoking Papel\" \/>\n<meta property=\"og:description\" content=\"Extra Long Filter Tubes, productos para fumadores de la mejor calidad en Smoking Paper. A los mejores precios, \u00a1no te pierdas el cat\u00e1logo!\" \/>\n<meta property=\"og:url\" content=\"https:\/\/www.smokingpaper.com\/es\/producto\/extra-long-filter-tubes\/\" \/>\n<meta property=\"og:site_name\" content=\"Smoking\" \/>\n<meta property=\"article:modified_time\" content=\"2023-10-05T17:31:32+00:00\" \/>\n<meta property=\"og:image\" content=\"https:\/\/www.smokingpaper.com\/wp-content\/uploads\/2021\/12\/2_optimized.png\" \/>\n\t<meta property=\"og:image:width\" content=\"692\" \/>\n\t<meta property=\"og:image:height\" content=\"527\" \/>\n\t<meta property=\"og:image:type\" content=\"image\/png\" \/>\n<meta name=\"twitter:card\" content=\"summary_large_image\" \/>\n<!-- \/ Yoast SEO plugin. -->","yoast_head_json":{"title":"Extra Long Filter Tubes | Smoking Papel","description":"Extra Long Filter Tubes, productos para fumadores de la mejor calidad en Smoking Paper. A los mejores precios, \u00a1no te pierdas el cat\u00e1logo!","robots":{"index":"index","follow":"follow","max-snippet":"max-snippet:-1","max-image-preview":"max-image-preview:large","max-video-preview":"max-video-preview:-1"},"canonical":"https:\/\/www.smokingpaper.com\/es\/producto\/extra-long-filter-tubes\/","og_locale":"es_ES","og_type":"article","og_title":"Extra Long Filter Tubes | Smoking Papel","og_description":"Extra Long Filter Tubes, productos para fumadores de la mejor calidad en Smoking Paper. A los mejores precios, \u00a1no te pierdas el cat\u00e1logo!","og_url":"https:\/\/www.smokingpaper.com\/es\/producto\/extra-long-filter-tubes\/","og_site_name":"Smoking","article_modified_time":"2023-10-05T17:31:32+00:00","og_image":[{"width":692,"height":527,"url":"https:\/\/www.smokingpaper.com\/wp-content\/uploads\/2021\/12\/2_optimized.png","type":"image\/png"}],"twitter_card":"summary_large_image","schema":{"@context":"https:\/\/schema.org","@graph":[{"@type":"BreadcrumbList","@id":"https:\/\/www.smokingpaper.com\/es\/producto\/extra-long-filter-tubes\/#breadcrumb","itemListElement":[{"@type":"ListItem","position":1,"name":"Home","item":"https:\/\/www.smokingpaper.com\/es\/"},{"@type":"ListItem","position":2,"name":"Productos","item":"https:\/\/www.smokingpaper.com\/es\/shop\/"},{"@type":"ListItem","position":3,"name":"Tubos para entubar","item":"https:\/\/www.smokingpaper.com\/es\/productos\/tubos\/"},{"@type":"ListItem","position":4,"name":"Tubos Extra Long Filter"}]}]}},"_links":{"self":[{"href":"https:\/\/www.smokingpaper.com\/es\/wp-json\/wp\/v2\/product\/553","targetHints":{"allow":["GET"]}}],"collection":[{"href":"https:\/\/www.smokingpaper.com\/es\/wp-json\/wp\/v2\/product"}],"about":[{"href":"https:\/\/www.smokingpaper.com\/es\/wp-json\/wp\/v2\/types\/product"}],"wp:featuredmedia":[{"embeddable":true,"href":"https:\/\/www.smokingpaper.com\/es\/wp-json\/wp\/v2\/media\/3094"}],"wp:attachment":[{"href":"https:\/\/www.smokingpaper.com\/es\/wp-json\/wp\/v2\/media?parent=553"}],"wp:term":[{"taxonomy":"product_brand","embeddable":true,"href":"https:\/\/www.smokingpaper.com\/es\/wp-json\/wp\/v2\/product_brand?post=553"},{"taxonomy":"product_cat","embeddable":true,"href":"https:\/\/www.smokingpaper.com\/es\/wp-json\/wp\/v2\/product_cat?post=553"},{"taxonomy":"product_tag","embeddable":true,"href":"https:\/\/www.smokingpaper.com\/es\/wp-json\/wp\/v2\/product_tag?post=553"}],"curies":[{"name":"wp","href":"https:\/\/api.w.org\/{rel}","templated":true}]}}