{"id":5443,"date":"2022-07-01T12:46:20","date_gmt":"2022-07-01T10:46:20","guid":{"rendered":"https:\/\/www.smokingpaper.com\/tabla-skate\/"},"modified":"2024-12-17T14:42:15","modified_gmt":"2024-12-17T13:42:15","slug":"tabla-skate","status":"publish","type":"product","link":"https:\/\/www.smokingpaper.com\/es\/producto\/tabla-skate\/","title":{"rendered":"Tabla de Skate &#8211; Dise\u00f1o \u00fanico"},"content":{"rendered":"","protected":false},"excerpt":{"rendered":"<p>\u00a1Smoking Paper se une a la tendencia skater con un art\u00edculo \u00fanico! En Smoking Paper seguimos innovando y, por ello, \u00a1hemos creado un skate \u00fanico e inigualable! Un dise\u00f1o llamativo, rompedor y \u00fanico que te har\u00e1 ser el centro de todas las miradas cada vez que lo utilices.<\/p>\n<p>Adem\u00e1s de por su calidad, querr\u00e1s el skate de Smoking Paper por su rompedor dise\u00f1o que sigue la l\u00ednea visual que tanto nos caracteriza. Sin duda, nuestro skate puede ser la mejor idea para ese autorregalo que tanto te mereces.<\/p>\n<p>\u00bfHas visto ya todos los detalles de su dise\u00f1o? Entra en nuestra web, descubre todos sus detalles y \u00a1no te quedes sin \u00e9l porque van a volar!<\/p>\n","protected":false},"featured_media":5487,"template":"","meta":{"_acf_changed":false,"inline_featured_image":false},"product_brand":[],"product_cat":[453],"product_tag":[],"class_list":{"0":"post-5443","1":"product","2":"type-product","3":"status-publish","4":"has-post-thumbnail","6":"product_cat-apparel","8":"first","9":"instock","10":"shipping-taxable","11":"product-type-simple"},"acf":[],"yoast_head":"<!-- This site is optimized with the Yoast SEO plugin v26.2 - https:\/\/yoast.com\/wordpress\/plugins\/seo\/ -->\n<title>Tabla de skate con dise\u00f1o exclusivo | Smoking Paper<\/title>\n<meta name=\"description\" content=\"El skateboard de Smoking Paper tiene un dise\u00f1o destacado que sigue los pasos de nuestra caracter\u00edstica marca. Viene sin fijaciones \u00bfLo vas a pillar?\" \/>\n<meta name=\"robots\" content=\"index, follow, max-snippet:-1, max-image-preview:large, max-video-preview:-1\" \/>\n<link rel=\"canonical\" href=\"https:\/\/www.smokingpaper.com\/es\/producto\/tabla-skate\/\" \/>\n<meta property=\"og:locale\" content=\"es_ES\" \/>\n<meta property=\"og:type\" content=\"article\" \/>\n<meta property=\"og:title\" content=\"Tabla de skate con dise\u00f1o exclusivo | Smoking Paper\" \/>\n<meta property=\"og:description\" content=\"El skateboard de Smoking Paper tiene un dise\u00f1o destacado que sigue los pasos de nuestra caracter\u00edstica marca. Viene sin fijaciones \u00bfLo vas a pillar?\" \/>\n<meta property=\"og:url\" content=\"https:\/\/www.smokingpaper.com\/es\/producto\/tabla-skate\/\" \/>\n<meta property=\"og:site_name\" content=\"Smoking\" \/>\n<meta property=\"article:modified_time\" content=\"2024-12-17T13:42:15+00:00\" \/>\n<meta property=\"og:image\" content=\"https:\/\/www.smokingpaper.com\/wp-content\/uploads\/2022\/07\/cristian-removebg-preview.png\" \/>\n\t<meta property=\"og:image:width\" content=\"441\" \/>\n\t<meta property=\"og:image:height\" content=\"565\" \/>\n\t<meta property=\"og:image:type\" content=\"image\/png\" \/>\n<meta name=\"twitter:card\" content=\"summary_large_image\" \/>\n<!-- \/ Yoast SEO plugin. -->","yoast_head_json":{"title":"Tabla de skate con dise\u00f1o exclusivo | Smoking Paper","description":"El skateboard de Smoking Paper tiene un dise\u00f1o destacado que sigue los pasos de nuestra caracter\u00edstica marca. Viene sin fijaciones \u00bfLo vas a pillar?","robots":{"index":"index","follow":"follow","max-snippet":"max-snippet:-1","max-image-preview":"max-image-preview:large","max-video-preview":"max-video-preview:-1"},"canonical":"https:\/\/www.smokingpaper.com\/es\/producto\/tabla-skate\/","og_locale":"es_ES","og_type":"article","og_title":"Tabla de skate con dise\u00f1o exclusivo | Smoking Paper","og_description":"El skateboard de Smoking Paper tiene un dise\u00f1o destacado que sigue los pasos de nuestra caracter\u00edstica marca. Viene sin fijaciones \u00bfLo vas a pillar?","og_url":"https:\/\/www.smokingpaper.com\/es\/producto\/tabla-skate\/","og_site_name":"Smoking","article_modified_time":"2024-12-17T13:42:15+00:00","og_image":[{"width":441,"height":565,"url":"https:\/\/www.smokingpaper.com\/wp-content\/uploads\/2022\/07\/cristian-removebg-preview.png","type":"image\/png"}],"twitter_card":"summary_large_image","schema":{"@context":"https:\/\/schema.org","@graph":[{"@type":"BreadcrumbList","@id":"https:\/\/www.smokingpaper.com\/es\/producto\/tabla-skate\/#breadcrumb","itemListElement":[{"@type":"ListItem","position":1,"name":"Home","item":"https:\/\/www.smokingpaper.com\/es\/"},{"@type":"ListItem","position":2,"name":"Productos","item":"https:\/\/www.smokingpaper.com\/es\/shop\/"},{"@type":"ListItem","position":3,"name":"Apparel","item":"https:\/\/www.smokingpaper.com\/es\/productos\/apparel\/"},{"@type":"ListItem","position":4,"name":"Tabla de Skate &#8211; Dise\u00f1o \u00fanico"}]}]}},"_links":{"self":[{"href":"https:\/\/www.smokingpaper.com\/es\/wp-json\/wp\/v2\/product\/5443","targetHints":{"allow":["GET"]}}],"collection":[{"href":"https:\/\/www.smokingpaper.com\/es\/wp-json\/wp\/v2\/product"}],"about":[{"href":"https:\/\/www.smokingpaper.com\/es\/wp-json\/wp\/v2\/types\/product"}],"wp:featuredmedia":[{"embeddable":true,"href":"https:\/\/www.smokingpaper.com\/es\/wp-json\/wp\/v2\/media\/5487"}],"wp:attachment":[{"href":"https:\/\/www.smokingpaper.com\/es\/wp-json\/wp\/v2\/media?parent=5443"}],"wp:term":[{"taxonomy":"product_brand","embeddable":true,"href":"https:\/\/www.smokingpaper.com\/es\/wp-json\/wp\/v2\/product_brand?post=5443"},{"taxonomy":"product_cat","embeddable":true,"href":"https:\/\/www.smokingpaper.com\/es\/wp-json\/wp\/v2\/product_cat?post=5443"},{"taxonomy":"product_tag","embeddable":true,"href":"https:\/\/www.smokingpaper.com\/es\/wp-json\/wp\/v2\/product_tag?post=5443"}],"curies":[{"name":"wp","href":"https:\/\/api.w.org\/{rel}","templated":true}]}}