{"id":5421,"date":"2022-06-30T11:48:44","date_gmt":"2022-06-30T09:48:44","guid":{"rendered":"https:\/\/www.smokingpaper.com\/?post_type=product&#038;p=5421"},"modified":"2024-03-21T12:42:50","modified_gmt":"2024-03-21T11:42:50","slug":"organic-king-size-tips","status":"publish","type":"product","link":"https:\/\/www.smokingpaper.com\/es\/producto\/organic-king-size-tips\/","title":{"rendered":"Papel de fumar org\u00e1nico: King Size + Tips"},"content":{"rendered":"","protected":false},"excerpt":{"rendered":"<p><span data-sheets-value=\"{&quot;1&quot;:2,&quot;2&quot;:&quot;Todos los beneficios de la gama Organic, en un pack completo e imprescindible. Disfruta de nuestro papel m\u00e1s ecol\u00f3gico, elaborado con c\u00e1\u00f1amo natural 100% certificado BIO. Este pack incluye 33 hojas tama\u00f1o King Size de 108 x 44 mm y 33 boquillas listas para usar. Con las ventajas de nuestro papel ultrafino de combusti\u00f3n lenta y un acabado con goma vegetal totalmente natural, que no incluye colorantes ni otros aditivos. &quot;}\" data-sheets-userformat=\"{&quot;2&quot;:9149,&quot;3&quot;:{&quot;1&quot;:0},&quot;5&quot;:{&quot;1&quot;:[{&quot;1&quot;:2,&quot;2&quot;:0,&quot;5&quot;:{&quot;1&quot;:2,&quot;2&quot;:0}},{&quot;1&quot;:0,&quot;2&quot;:0,&quot;3&quot;:3},{&quot;1&quot;:1,&quot;2&quot;:0,&quot;4&quot;:1}]},&quot;6&quot;:{&quot;1&quot;:[{&quot;1&quot;:2,&quot;2&quot;:0,&quot;5&quot;:{&quot;1&quot;:2,&quot;2&quot;:0}},{&quot;1&quot;:0,&quot;2&quot;:0,&quot;3&quot;:3},{&quot;1&quot;:1,&quot;2&quot;:0,&quot;4&quot;:1}]},&quot;7&quot;:{&quot;1&quot;:[{&quot;1&quot;:2,&quot;2&quot;:0,&quot;5&quot;:{&quot;1&quot;:2,&quot;2&quot;:0}},{&quot;1&quot;:0,&quot;2&quot;:0,&quot;3&quot;:3},{&quot;1&quot;:1,&quot;2&quot;:0,&quot;4&quot;:1}]},&quot;8&quot;:{&quot;1&quot;:[{&quot;1&quot;:2,&quot;2&quot;:0,&quot;5&quot;:{&quot;1&quot;:2,&quot;2&quot;:0}},{&quot;1&quot;:0,&quot;2&quot;:0,&quot;3&quot;:3},{&quot;1&quot;:1,&quot;2&quot;:0,&quot;4&quot;:1}]},&quot;10&quot;:1,&quot;11&quot;:4,&quot;12&quot;:0,&quot;16&quot;:10}\">Todos los beneficios de la gama Organic, en un pack completo e imprescindible. Disfruta de nuestro papel m\u00e1s ecol\u00f3gico, elaborado con c\u00e1\u00f1amo natural 100% certificado BIO. Este pack incluye 33 hojas tama\u00f1o King Size de 108 x 44 mm y 33 boquillas listas para usar. Con las ventajas de nuestro papel ultrafino de combusti\u00f3n lenta y un acabado con goma vegetal totalmente natural, que no incluye colorantes ni otros aditivos. <\/span><\/p>\n","protected":false},"featured_media":5424,"template":"","meta":{"_acf_changed":false,"inline_featured_image":false},"product_brand":[],"product_cat":[67,92],"product_tag":[],"class_list":{"0":"post-5421","1":"product","2":"type-product","3":"status-publish","4":"has-post-thumbnail","6":"product_cat-papeles","7":"product_cat-kingsize","9":"first","10":"instock","11":"shipping-taxable","12":"product-type-simple"},"acf":[],"yoast_head":"<!-- This site is optimized with the Yoast SEO plugin v26.2 - https:\/\/yoast.com\/wordpress\/plugins\/seo\/ -->\n<title>Papel de fumar org\u00e1nico: King Size + Tips | Smoking Paper<\/title>\n<meta name=\"description\" content=\"Libro de papel Org\u00e1nico King Size Tips. Este paquete exclusivo incluye 33 hojas y 33 cartones org\u00e1nicos para una experiencia completa \u00a1Pru\u00e9balo ahora aqu\u00ed!\" \/>\n<meta name=\"robots\" content=\"index, follow, max-snippet:-1, max-image-preview:large, max-video-preview:-1\" \/>\n<link rel=\"canonical\" href=\"https:\/\/www.smokingpaper.com\/es\/producto\/organic-king-size-tips\/\" \/>\n<meta property=\"og:locale\" content=\"es_ES\" \/>\n<meta property=\"og:type\" content=\"article\" \/>\n<meta property=\"og:title\" content=\"Papel de fumar org\u00e1nico: King Size + Tips | Smoking Paper\" \/>\n<meta property=\"og:description\" content=\"Libro de papel Org\u00e1nico King Size Tips. Este paquete exclusivo incluye 33 hojas y 33 cartones org\u00e1nicos para una experiencia completa \u00a1Pru\u00e9balo ahora aqu\u00ed!\" \/>\n<meta property=\"og:url\" content=\"https:\/\/www.smokingpaper.com\/es\/producto\/organic-king-size-tips\/\" \/>\n<meta property=\"og:site_name\" content=\"Smoking\" \/>\n<meta property=\"article:modified_time\" content=\"2024-03-21T11:42:50+00:00\" \/>\n<meta property=\"og:image\" content=\"https:\/\/www.smokingpaper.com\/wp-content\/uploads\/2022\/06\/organic_king_size_tip-removebg-preview.png\" \/>\n\t<meta property=\"og:image:width\" content=\"593\" \/>\n\t<meta property=\"og:image:height\" content=\"421\" \/>\n\t<meta property=\"og:image:type\" content=\"image\/png\" \/>\n<meta name=\"twitter:card\" content=\"summary_large_image\" \/>\n<meta name=\"twitter:label1\" content=\"Tiempo de lectura\" \/>\n\t<meta name=\"twitter:data1\" content=\"1 minuto\" \/>\n<!-- \/ Yoast SEO plugin. -->","yoast_head_json":{"title":"Papel de fumar org\u00e1nico: King Size + Tips | Smoking Paper","description":"Libro de papel Org\u00e1nico King Size Tips. Este paquete exclusivo incluye 33 hojas y 33 cartones org\u00e1nicos para una experiencia completa \u00a1Pru\u00e9balo ahora aqu\u00ed!","robots":{"index":"index","follow":"follow","max-snippet":"max-snippet:-1","max-image-preview":"max-image-preview:large","max-video-preview":"max-video-preview:-1"},"canonical":"https:\/\/www.smokingpaper.com\/es\/producto\/organic-king-size-tips\/","og_locale":"es_ES","og_type":"article","og_title":"Papel de fumar org\u00e1nico: King Size + Tips | Smoking Paper","og_description":"Libro de papel Org\u00e1nico King Size Tips. Este paquete exclusivo incluye 33 hojas y 33 cartones org\u00e1nicos para una experiencia completa \u00a1Pru\u00e9balo ahora aqu\u00ed!","og_url":"https:\/\/www.smokingpaper.com\/es\/producto\/organic-king-size-tips\/","og_site_name":"Smoking","article_modified_time":"2024-03-21T11:42:50+00:00","og_image":[{"width":593,"height":421,"url":"https:\/\/www.smokingpaper.com\/wp-content\/uploads\/2022\/06\/organic_king_size_tip-removebg-preview.png","type":"image\/png"}],"twitter_card":"summary_large_image","twitter_misc":{"Tiempo de lectura":"1 minuto"},"schema":{"@context":"https:\/\/schema.org","@graph":[{"@type":"BreadcrumbList","@id":"https:\/\/www.smokingpaper.com\/es\/producto\/organic-king-size-tips\/#breadcrumb","itemListElement":[{"@type":"ListItem","position":1,"name":"Home","item":"https:\/\/www.smokingpaper.com\/es\/"},{"@type":"ListItem","position":2,"name":"Productos","item":"https:\/\/www.smokingpaper.com\/es\/shop\/"},{"@type":"ListItem","position":3,"name":"Papel de liar","item":"https:\/\/www.smokingpaper.com\/es\/productos\/papeles\/"},{"@type":"ListItem","position":4,"name":"Papel de fumar org\u00e1nico: King Size + Tips"}]}]}},"_links":{"self":[{"href":"https:\/\/www.smokingpaper.com\/es\/wp-json\/wp\/v2\/product\/5421","targetHints":{"allow":["GET"]}}],"collection":[{"href":"https:\/\/www.smokingpaper.com\/es\/wp-json\/wp\/v2\/product"}],"about":[{"href":"https:\/\/www.smokingpaper.com\/es\/wp-json\/wp\/v2\/types\/product"}],"wp:featuredmedia":[{"embeddable":true,"href":"https:\/\/www.smokingpaper.com\/es\/wp-json\/wp\/v2\/media\/5424"}],"wp:attachment":[{"href":"https:\/\/www.smokingpaper.com\/es\/wp-json\/wp\/v2\/media?parent=5421"}],"wp:term":[{"taxonomy":"product_brand","embeddable":true,"href":"https:\/\/www.smokingpaper.com\/es\/wp-json\/wp\/v2\/product_brand?post=5421"},{"taxonomy":"product_cat","embeddable":true,"href":"https:\/\/www.smokingpaper.com\/es\/wp-json\/wp\/v2\/product_cat?post=5421"},{"taxonomy":"product_tag","embeddable":true,"href":"https:\/\/www.smokingpaper.com\/es\/wp-json\/wp\/v2\/product_tag?post=5421"}],"curies":[{"name":"wp","href":"https:\/\/api.w.org\/{rel}","templated":true}]}}