{"id":510,"date":"2021-12-02T13:23:24","date_gmt":"2021-12-02T12:23:24","guid":{"rendered":"http:\/\/new.smokingpaper.com\/?post_type=product&#038;p=510"},"modified":"2024-01-03T20:28:26","modified_gmt":"2024-01-03T19:28:26","slug":"regular-deluxe","status":"publish","type":"product","link":"https:\/\/www.smokingpaper.com\/es\/producto\/regular-deluxe\/","title":{"rendered":"Deluxe Regular"},"content":{"rendered":"","protected":false},"excerpt":{"rendered":"<p><span data-sheets-value=\"{&quot;1&quot;:2,&quot;2&quot;:&quot;\u00a1Deluxe Regular es uno de los papeles favoritos de nuestros clientes! Se trata de un papel ultrafino pero con su caracter\u00edstica combusti\u00f3n lenta. Adem\u00e1s, fue uno de los primeros papeles del mercado en contar con una pesta\u00f1a adhesiva para pegar las hojas en tu bolsa de tabaco favorita.\\nEste pack de papel de 13 gr\/m2 y marca de agua Smoking\u00ae cuenta con 60 hojas de tama\u00f1o 69 x 37 mm.\\nTambi\u00e9n est\u00e1 fabricado en goma vegetal 100% natural, sin colorantes ni otros aditivos y cuenta con Certificado FSC\u00ae.&quot;}\" data-sheets-userformat=\"{&quot;2&quot;:7037,&quot;3&quot;:{&quot;1&quot;:0},&quot;5&quot;:{&quot;1&quot;:[{&quot;1&quot;:2,&quot;2&quot;:0,&quot;5&quot;:{&quot;1&quot;:2,&quot;2&quot;:0}},{&quot;1&quot;:0,&quot;2&quot;:0,&quot;3&quot;:3},{&quot;1&quot;:1,&quot;2&quot;:0,&quot;4&quot;:1}]},&quot;6&quot;:{&quot;1&quot;:[{&quot;1&quot;:2,&quot;2&quot;:0,&quot;5&quot;:{&quot;1&quot;:2,&quot;2&quot;:0}},{&quot;1&quot;:0,&quot;2&quot;:0,&quot;3&quot;:3},{&quot;1&quot;:1,&quot;2&quot;:0,&quot;4&quot;:1}]},&quot;7&quot;:{&quot;1&quot;:[{&quot;1&quot;:2,&quot;2&quot;:0,&quot;5&quot;:{&quot;1&quot;:2,&quot;2&quot;:0}},{&quot;1&quot;:0,&quot;2&quot;:0,&quot;3&quot;:3},{&quot;1&quot;:1,&quot;2&quot;:0,&quot;4&quot;:1}]},&quot;8&quot;:{&quot;1&quot;:[{&quot;1&quot;:2,&quot;2&quot;:0,&quot;5&quot;:{&quot;1&quot;:2,&quot;2&quot;:0}},{&quot;1&quot;:0,&quot;2&quot;:0,&quot;3&quot;:3},{&quot;1&quot;:1,&quot;2&quot;:0,&quot;4&quot;:1}]},&quot;9&quot;:0,&quot;11&quot;:4,&quot;12&quot;:0,&quot;14&quot;:{&quot;1&quot;:2,&quot;2&quot;:0},&quot;15&quot;:&quot;Arial&quot;}\">\u00a1Deluxe Regular es uno de los papeles favoritos de nuestros clientes! Se trata de un papel ultrafino pero con su caracter\u00edstica combusti\u00f3n lenta. Adem\u00e1s, fue uno de los primeros papeles del mercado en contar con una pesta\u00f1a adhesiva para pegar las hojas en tu bolsa de tabaco favorita.<br \/>\nEste pack de papel de 13 gr\/m2 y marca de agua Smoking\u00ae cuenta con 60 hojas de tama\u00f1o 69 x 37 mm.<br \/>\nTambi\u00e9n est\u00e1 fabricado en goma vegetal 100% natural, sin colorantes ni otros aditivos y cuenta con Certificado FSC\u00ae.<\/span><\/p>\n","protected":false},"featured_media":2136,"template":"","meta":{"_acf_changed":false,"inline_featured_image":false},"product_brand":[],"product_cat":[67,68],"product_tag":[],"class_list":{"0":"post-510","1":"product","2":"type-product","3":"status-publish","4":"has-post-thumbnail","6":"product_cat-papeles","7":"product_cat-regular","9":"first","10":"instock","11":"shipping-taxable","12":"product-type-simple"},"acf":[],"yoast_head":"<!-- This site is optimized with the Yoast SEO plugin v26.2 - https:\/\/yoast.com\/wordpress\/plugins\/seo\/ -->\n<title>Papel Regular Deluxe | Smoking Paper<\/title>\n<meta name=\"description\" content=\"Descubre el papel para fumar Regular Deluxe de Smoking. Contiene 50 hojas de papel fino, este producto ofrece una fumada elegante y con combusti\u00f3n lenta.\" \/>\n<meta name=\"robots\" content=\"index, follow, max-snippet:-1, max-image-preview:large, max-video-preview:-1\" \/>\n<link rel=\"canonical\" href=\"https:\/\/www.smokingpaper.com\/es\/producto\/regular-deluxe\/\" \/>\n<meta property=\"og:locale\" content=\"es_ES\" \/>\n<meta property=\"og:type\" content=\"article\" \/>\n<meta property=\"og:title\" content=\"Papel Regular Deluxe | Smoking Paper\" \/>\n<meta property=\"og:description\" content=\"Descubre el papel para fumar Regular Deluxe de Smoking. Contiene 50 hojas de papel fino, este producto ofrece una fumada elegante y con combusti\u00f3n lenta.\" \/>\n<meta property=\"og:url\" content=\"https:\/\/www.smokingpaper.com\/es\/producto\/regular-deluxe\/\" \/>\n<meta property=\"og:site_name\" content=\"Smoking\" \/>\n<meta property=\"article:modified_time\" content=\"2024-01-03T19:28:26+00:00\" \/>\n<meta property=\"og:image\" content=\"https:\/\/www.smokingpaper.com\/wp-content\/uploads\/2021\/12\/Nuevo_proyecto__23_-removebg-preview.png\" \/>\n\t<meta property=\"og:image:width\" content=\"667\" \/>\n\t<meta property=\"og:image:height\" content=\"374\" \/>\n\t<meta property=\"og:image:type\" content=\"image\/png\" \/>\n<meta name=\"twitter:card\" content=\"summary_large_image\" \/>\n<!-- \/ Yoast SEO plugin. -->","yoast_head_json":{"title":"Papel Regular Deluxe | Smoking Paper","description":"Descubre el papel para fumar Regular Deluxe de Smoking. Contiene 50 hojas de papel fino, este producto ofrece una fumada elegante y con combusti\u00f3n lenta.","robots":{"index":"index","follow":"follow","max-snippet":"max-snippet:-1","max-image-preview":"max-image-preview:large","max-video-preview":"max-video-preview:-1"},"canonical":"https:\/\/www.smokingpaper.com\/es\/producto\/regular-deluxe\/","og_locale":"es_ES","og_type":"article","og_title":"Papel Regular Deluxe | Smoking Paper","og_description":"Descubre el papel para fumar Regular Deluxe de Smoking. Contiene 50 hojas de papel fino, este producto ofrece una fumada elegante y con combusti\u00f3n lenta.","og_url":"https:\/\/www.smokingpaper.com\/es\/producto\/regular-deluxe\/","og_site_name":"Smoking","article_modified_time":"2024-01-03T19:28:26+00:00","og_image":[{"width":667,"height":374,"url":"https:\/\/www.smokingpaper.com\/wp-content\/uploads\/2021\/12\/Nuevo_proyecto__23_-removebg-preview.png","type":"image\/png"}],"twitter_card":"summary_large_image","schema":{"@context":"https:\/\/schema.org","@graph":[{"@type":"BreadcrumbList","@id":"https:\/\/www.smokingpaper.com\/es\/producto\/regular-deluxe\/#breadcrumb","itemListElement":[{"@type":"ListItem","position":1,"name":"Home","item":"https:\/\/www.smokingpaper.com\/es\/"},{"@type":"ListItem","position":2,"name":"Productos","item":"https:\/\/www.smokingpaper.com\/es\/shop\/"},{"@type":"ListItem","position":3,"name":"Papel de liar","item":"https:\/\/www.smokingpaper.com\/es\/productos\/papeles\/"},{"@type":"ListItem","position":4,"name":"Deluxe Regular"}]}]}},"_links":{"self":[{"href":"https:\/\/www.smokingpaper.com\/es\/wp-json\/wp\/v2\/product\/510","targetHints":{"allow":["GET"]}}],"collection":[{"href":"https:\/\/www.smokingpaper.com\/es\/wp-json\/wp\/v2\/product"}],"about":[{"href":"https:\/\/www.smokingpaper.com\/es\/wp-json\/wp\/v2\/types\/product"}],"wp:featuredmedia":[{"embeddable":true,"href":"https:\/\/www.smokingpaper.com\/es\/wp-json\/wp\/v2\/media\/2136"}],"wp:attachment":[{"href":"https:\/\/www.smokingpaper.com\/es\/wp-json\/wp\/v2\/media?parent=510"}],"wp:term":[{"taxonomy":"product_brand","embeddable":true,"href":"https:\/\/www.smokingpaper.com\/es\/wp-json\/wp\/v2\/product_brand?post=510"},{"taxonomy":"product_cat","embeddable":true,"href":"https:\/\/www.smokingpaper.com\/es\/wp-json\/wp\/v2\/product_cat?post=510"},{"taxonomy":"product_tag","embeddable":true,"href":"https:\/\/www.smokingpaper.com\/es\/wp-json\/wp\/v2\/product_tag?post=510"}],"curies":[{"name":"wp","href":"https:\/\/api.w.org\/{rel}","templated":true}]}}