{"id":508,"date":"2021-12-02T13:23:23","date_gmt":"2021-12-02T12:23:23","guid":{"rendered":"http:\/\/new.smokingpaper.com\/?post_type=product&#038;p=508"},"modified":"2024-12-12T12:46:22","modified_gmt":"2024-12-12T11:46:22","slug":"thinnest-brown-double-window","status":"publish","type":"product","link":"https:\/\/www.smokingpaper.com\/es\/producto\/thinnest-brown-double-window\/","title":{"rendered":"Thinnest brown double window"},"content":{"rendered":"","protected":false},"excerpt":{"rendered":"<p>Thinnest Brown Double Window es el papel m\u00e1s fino que tenemos en Smoking\u00ae, adem\u00e1s sin blanquear, es decir que es m\u00e1s sostenible. Con un tama\u00f1o de 69 x 37 mm, es tambi\u00e9n un 20% m\u00e1s ligero que un papel de fumar est\u00e1ndar. \u00a1Solo pesa 12 g\/m2! Y como est\u00e1 menos procesado, es m\u00e1s respetuoso con el medio ambiente. En este librito tienes 120 hojas para liar tus cigarros, con certificado FSC\u00ae porque vienen de bosques que preservan la Biodiversidad. Adem\u00e1s tiene un adhesivo con goma 100% natural sin colorantes ni otros aditivos.<\/p>\n","protected":false},"featured_media":7551,"template":"","meta":{"_acf_changed":false,"inline_featured_image":false},"product_brand":[],"product_cat":[67,68],"product_tag":[],"class_list":{"0":"post-508","1":"product","2":"type-product","3":"status-publish","4":"has-post-thumbnail","6":"product_cat-papeles","7":"product_cat-regular","9":"first","10":"instock","11":"shipping-taxable","12":"product-type-simple"},"acf":[],"yoast_head":"<!-- This site is optimized with the Yoast SEO plugin v26.2 - https:\/\/yoast.com\/wordpress\/plugins\/seo\/ -->\n<title>Papel Regular Brown Thinnest Doble Window | Smoking Paper<\/title>\n<meta name=\"description\" content=\"Descubre el estilo ultrafino con Thinnest Brown Double Window de Smoking. Con 120 hojas, este papel te ofrece una fumada suave como ninguna otra. \u2705\" \/>\n<meta name=\"robots\" content=\"index, follow, max-snippet:-1, max-image-preview:large, max-video-preview:-1\" \/>\n<link rel=\"canonical\" href=\"https:\/\/www.smokingpaper.com\/es\/producto\/thinnest-brown-double-window\/\" \/>\n<meta property=\"og:locale\" content=\"es_ES\" \/>\n<meta property=\"og:type\" content=\"article\" \/>\n<meta property=\"og:title\" content=\"Papel Regular Brown Thinnest Doble Window | Smoking Paper\" \/>\n<meta property=\"og:description\" content=\"Descubre el estilo ultrafino con Thinnest Brown Double Window de Smoking. Con 120 hojas, este papel te ofrece una fumada suave como ninguna otra. \u2705\" \/>\n<meta property=\"og:url\" content=\"https:\/\/www.smokingpaper.com\/es\/producto\/thinnest-brown-double-window\/\" \/>\n<meta property=\"og:site_name\" content=\"Smoking\" \/>\n<meta property=\"article:modified_time\" content=\"2024-12-12T11:46:22+00:00\" \/>\n<meta property=\"og:image\" content=\"https:\/\/www.smokingpaper.com\/wp-content\/uploads\/2022\/01\/3d-thinnest-brown-dw-booklet.png\" \/>\n\t<meta property=\"og:image:width\" content=\"1052\" \/>\n\t<meta property=\"og:image:height\" content=\"768\" \/>\n\t<meta property=\"og:image:type\" content=\"image\/png\" \/>\n<meta name=\"twitter:card\" content=\"summary_large_image\" \/>\n<!-- \/ Yoast SEO plugin. -->","yoast_head_json":{"title":"Papel Regular Brown Thinnest Doble Window | Smoking Paper","description":"Descubre el estilo ultrafino con Thinnest Brown Double Window de Smoking. Con 120 hojas, este papel te ofrece una fumada suave como ninguna otra. \u2705","robots":{"index":"index","follow":"follow","max-snippet":"max-snippet:-1","max-image-preview":"max-image-preview:large","max-video-preview":"max-video-preview:-1"},"canonical":"https:\/\/www.smokingpaper.com\/es\/producto\/thinnest-brown-double-window\/","og_locale":"es_ES","og_type":"article","og_title":"Papel Regular Brown Thinnest Doble Window | Smoking Paper","og_description":"Descubre el estilo ultrafino con Thinnest Brown Double Window de Smoking. Con 120 hojas, este papel te ofrece una fumada suave como ninguna otra. \u2705","og_url":"https:\/\/www.smokingpaper.com\/es\/producto\/thinnest-brown-double-window\/","og_site_name":"Smoking","article_modified_time":"2024-12-12T11:46:22+00:00","og_image":[{"width":1052,"height":768,"url":"https:\/\/www.smokingpaper.com\/wp-content\/uploads\/2022\/01\/3d-thinnest-brown-dw-booklet.png","type":"image\/png"}],"twitter_card":"summary_large_image","schema":{"@context":"https:\/\/schema.org","@graph":[{"@type":"BreadcrumbList","@id":"https:\/\/www.smokingpaper.com\/es\/producto\/thinnest-brown-double-window\/#breadcrumb","itemListElement":[{"@type":"ListItem","position":1,"name":"Home","item":"https:\/\/www.smokingpaper.com\/es\/"},{"@type":"ListItem","position":2,"name":"Productos","item":"https:\/\/www.smokingpaper.com\/es\/shop\/"},{"@type":"ListItem","position":3,"name":"Papel de liar","item":"https:\/\/www.smokingpaper.com\/es\/productos\/papeles\/"},{"@type":"ListItem","position":4,"name":"Thinnest brown double window"}]}]}},"_links":{"self":[{"href":"https:\/\/www.smokingpaper.com\/es\/wp-json\/wp\/v2\/product\/508","targetHints":{"allow":["GET"]}}],"collection":[{"href":"https:\/\/www.smokingpaper.com\/es\/wp-json\/wp\/v2\/product"}],"about":[{"href":"https:\/\/www.smokingpaper.com\/es\/wp-json\/wp\/v2\/types\/product"}],"wp:featuredmedia":[{"embeddable":true,"href":"https:\/\/www.smokingpaper.com\/es\/wp-json\/wp\/v2\/media\/7551"}],"wp:attachment":[{"href":"https:\/\/www.smokingpaper.com\/es\/wp-json\/wp\/v2\/media?parent=508"}],"wp:term":[{"taxonomy":"product_brand","embeddable":true,"href":"https:\/\/www.smokingpaper.com\/es\/wp-json\/wp\/v2\/product_brand?post=508"},{"taxonomy":"product_cat","embeddable":true,"href":"https:\/\/www.smokingpaper.com\/es\/wp-json\/wp\/v2\/product_cat?post=508"},{"taxonomy":"product_tag","embeddable":true,"href":"https:\/\/www.smokingpaper.com\/es\/wp-json\/wp\/v2\/product_tag?post=508"}],"curies":[{"name":"wp","href":"https:\/\/api.w.org\/{rel}","templated":true}]}}