{"id":506,"date":"2021-12-02T13:23:22","date_gmt":"2021-12-02T12:23:22","guid":{"rendered":"http:\/\/new.smokingpaper.com\/?post_type=product&#038;p=506"},"modified":"2024-01-03T20:11:13","modified_gmt":"2024-01-03T19:11:13","slug":"regular-brown-doble-window","status":"publish","type":"product","link":"https:\/\/www.smokingpaper.com\/es\/producto\/regular-brown-doble-window\/","title":{"rendered":"Brown double window Regular"},"content":{"rendered":"","protected":false},"excerpt":{"rendered":"<p><span data-sheets-value=\"{&quot;1&quot;:2,&quot;2&quot;:&quot;El librito Brown Double Window Regular es el preferido sin blanquear, adem\u00e1s de ser m\u00e1s sostenible con el medio ambiente. Incluye 120 hojas de formato REGULAR con 69 x 37 mm y es ultrafino, con solamente 13 g\/m2. La goma que utiliza es de origen vegetal 100% natural. No tiene colorantes ni aditivos, para garantizar un mejor pegado a la primera pasada. Adem\u00e1s, tiene certificado FSC\u00ae, por ser un papel que viene de plantaciones que preservan la Biodiversidad.&quot;}\" data-sheets-userformat=\"{&quot;2&quot;:1319869,&quot;3&quot;:{&quot;1&quot;:0},&quot;5&quot;:{&quot;1&quot;:[{&quot;1&quot;:2,&quot;2&quot;:0,&quot;5&quot;:{&quot;1&quot;:2,&quot;2&quot;:0}},{&quot;1&quot;:0,&quot;2&quot;:0,&quot;3&quot;:3},{&quot;1&quot;:1,&quot;2&quot;:0,&quot;4&quot;:1}]},&quot;6&quot;:{&quot;1&quot;:[{&quot;1&quot;:2,&quot;2&quot;:0,&quot;5&quot;:{&quot;1&quot;:2,&quot;2&quot;:0}},{&quot;1&quot;:0,&quot;2&quot;:0,&quot;3&quot;:3},{&quot;1&quot;:1,&quot;2&quot;:0,&quot;4&quot;:1}]},&quot;7&quot;:{&quot;1&quot;:[{&quot;1&quot;:2,&quot;2&quot;:0,&quot;5&quot;:{&quot;1&quot;:2,&quot;2&quot;:0}},{&quot;1&quot;:0,&quot;2&quot;:0,&quot;3&quot;:3},{&quot;1&quot;:1,&quot;2&quot;:0,&quot;4&quot;:1}]},&quot;8&quot;:{&quot;1&quot;:[{&quot;1&quot;:2,&quot;2&quot;:0,&quot;5&quot;:{&quot;1&quot;:2,&quot;2&quot;:0}},{&quot;1&quot;:0,&quot;2&quot;:0,&quot;3&quot;:3},{&quot;1&quot;:1,&quot;2&quot;:0,&quot;4&quot;:1}]},&quot;10&quot;:1,&quot;11&quot;:4,&quot;12&quot;:0,&quot;16&quot;:10,&quot;21&quot;:0,&quot;23&quot;:2}\">El librito Brown Double Window Regular es el preferido sin blanquear, adem\u00e1s de ser m\u00e1s sostenible con el medio ambiente. Incluye 120 hojas de formato REGULAR con 69 x 37 mm y es ultrafino, con solamente 13 g\/m2. La goma que utiliza es de origen vegetal 100% natural. No tiene colorantes ni aditivos, para garantizar un mejor pegado a la primera pasada. Adem\u00e1s, tiene certificado FSC\u00ae, por ser un papel que viene de plantaciones que preservan la Biodiversidad.<\/span><\/p>\n","protected":false},"featured_media":2197,"template":"","meta":{"_acf_changed":false,"inline_featured_image":false},"product_brand":[],"product_cat":[67,68],"product_tag":[],"class_list":{"0":"post-506","1":"product","2":"type-product","3":"status-publish","4":"has-post-thumbnail","6":"product_cat-papeles","7":"product_cat-regular","9":"first","10":"instock","11":"shipping-taxable","12":"product-type-simple"},"acf":[],"yoast_head":"<!-- This site is optimized with the Yoast SEO plugin v26.2 - https:\/\/yoast.com\/wordpress\/plugins\/seo\/ -->\n<title>Papel Regular Brown Doble Window | Smoking Papel<\/title>\n<meta name=\"description\" content=\"Papel de liar Regular Brown Doble Window de Smoking. Con 120 hojas, este papel marr\u00f3n te ofrece una visi\u00f3n clara y una combusti\u00f3n lenta. \u00a1Pru\u00e9balo ahora!\" \/>\n<meta name=\"robots\" content=\"index, follow, max-snippet:-1, max-image-preview:large, max-video-preview:-1\" \/>\n<link rel=\"canonical\" href=\"https:\/\/www.smokingpaper.com\/es\/producto\/regular-brown-doble-window\/\" \/>\n<meta property=\"og:locale\" content=\"es_ES\" \/>\n<meta property=\"og:type\" content=\"article\" \/>\n<meta property=\"og:title\" content=\"Papel Regular Brown Doble Window | Smoking Papel\" \/>\n<meta property=\"og:description\" content=\"Papel de liar Regular Brown Doble Window de Smoking. Con 120 hojas, este papel marr\u00f3n te ofrece una visi\u00f3n clara y una combusti\u00f3n lenta. \u00a1Pru\u00e9balo ahora!\" \/>\n<meta property=\"og:url\" content=\"https:\/\/www.smokingpaper.com\/es\/producto\/regular-brown-doble-window\/\" \/>\n<meta property=\"og:site_name\" content=\"Smoking\" \/>\n<meta property=\"article:modified_time\" content=\"2024-01-03T19:11:13+00:00\" \/>\n<meta property=\"og:image\" content=\"https:\/\/www.smokingpaper.com\/wp-content\/uploads\/2021\/12\/Nuevo_proyecto__33_-removebg-preview.png\" \/>\n\t<meta property=\"og:image:width\" content=\"667\" \/>\n\t<meta property=\"og:image:height\" content=\"374\" \/>\n\t<meta property=\"og:image:type\" content=\"image\/png\" \/>\n<meta name=\"twitter:card\" content=\"summary_large_image\" \/>\n<!-- \/ Yoast SEO plugin. -->","yoast_head_json":{"title":"Papel Regular Brown Doble Window | Smoking Papel","description":"Papel de liar Regular Brown Doble Window de Smoking. Con 120 hojas, este papel marr\u00f3n te ofrece una visi\u00f3n clara y una combusti\u00f3n lenta. \u00a1Pru\u00e9balo ahora!","robots":{"index":"index","follow":"follow","max-snippet":"max-snippet:-1","max-image-preview":"max-image-preview:large","max-video-preview":"max-video-preview:-1"},"canonical":"https:\/\/www.smokingpaper.com\/es\/producto\/regular-brown-doble-window\/","og_locale":"es_ES","og_type":"article","og_title":"Papel Regular Brown Doble Window | Smoking Papel","og_description":"Papel de liar Regular Brown Doble Window de Smoking. Con 120 hojas, este papel marr\u00f3n te ofrece una visi\u00f3n clara y una combusti\u00f3n lenta. \u00a1Pru\u00e9balo ahora!","og_url":"https:\/\/www.smokingpaper.com\/es\/producto\/regular-brown-doble-window\/","og_site_name":"Smoking","article_modified_time":"2024-01-03T19:11:13+00:00","og_image":[{"width":667,"height":374,"url":"https:\/\/www.smokingpaper.com\/wp-content\/uploads\/2021\/12\/Nuevo_proyecto__33_-removebg-preview.png","type":"image\/png"}],"twitter_card":"summary_large_image","schema":{"@context":"https:\/\/schema.org","@graph":[{"@type":"BreadcrumbList","@id":"https:\/\/www.smokingpaper.com\/es\/producto\/regular-brown-doble-window\/#breadcrumb","itemListElement":[{"@type":"ListItem","position":1,"name":"Home","item":"https:\/\/www.smokingpaper.com\/es\/"},{"@type":"ListItem","position":2,"name":"Productos","item":"https:\/\/www.smokingpaper.com\/es\/shop\/"},{"@type":"ListItem","position":3,"name":"Papel de liar","item":"https:\/\/www.smokingpaper.com\/es\/productos\/papeles\/"},{"@type":"ListItem","position":4,"name":"Brown double window Regular"}]}]}},"_links":{"self":[{"href":"https:\/\/www.smokingpaper.com\/es\/wp-json\/wp\/v2\/product\/506","targetHints":{"allow":["GET"]}}],"collection":[{"href":"https:\/\/www.smokingpaper.com\/es\/wp-json\/wp\/v2\/product"}],"about":[{"href":"https:\/\/www.smokingpaper.com\/es\/wp-json\/wp\/v2\/types\/product"}],"wp:featuredmedia":[{"embeddable":true,"href":"https:\/\/www.smokingpaper.com\/es\/wp-json\/wp\/v2\/media\/2197"}],"wp:attachment":[{"href":"https:\/\/www.smokingpaper.com\/es\/wp-json\/wp\/v2\/media?parent=506"}],"wp:term":[{"taxonomy":"product_brand","embeddable":true,"href":"https:\/\/www.smokingpaper.com\/es\/wp-json\/wp\/v2\/product_brand?post=506"},{"taxonomy":"product_cat","embeddable":true,"href":"https:\/\/www.smokingpaper.com\/es\/wp-json\/wp\/v2\/product_cat?post=506"},{"taxonomy":"product_tag","embeddable":true,"href":"https:\/\/www.smokingpaper.com\/es\/wp-json\/wp\/v2\/product_tag?post=506"}],"curies":[{"name":"wp","href":"https:\/\/api.w.org\/{rel}","templated":true}]}}