{"id":504,"date":"2021-12-02T13:23:21","date_gmt":"2021-12-02T12:23:21","guid":{"rendered":"http:\/\/new.smokingpaper.com\/?post_type=product&#038;p=504"},"modified":"2024-01-03T20:07:53","modified_gmt":"2024-01-03T19:07:53","slug":"regular-brown-classic","status":"publish","type":"product","link":"https:\/\/www.smokingpaper.com\/es\/producto\/regular-brown-classic\/","title":{"rendered":"Brown classic Regular"},"content":{"rendered":"","protected":false},"excerpt":{"rendered":"<p>Las hojas sin blanquear para el fumador m\u00e1s tradicional.<br \/>\nUn papel m\u00e1s sostenible, de combusti\u00f3n lenta, con 60 hojas, 19 g.\/m2 de hojas en cada librillo.<br \/>\nCertificado FSC\u00ae.<br \/>\nGoma vegetal 100% natural, sin colorantes ni otros aditivos. Garantiz\u00e1ndote un mejor pegado con una sola pasada.<br \/>\nUno de los primeros en el mercado con sticky tab, adhesivo de gran utilidad para pegar el papel a tu bolsa de tabaco preferida.<\/p>\n","protected":false},"featured_media":2244,"template":"","meta":{"_acf_changed":false,"inline_featured_image":false},"product_brand":[],"product_cat":[67,68],"product_tag":[],"class_list":{"0":"post-504","1":"product","2":"type-product","3":"status-publish","4":"has-post-thumbnail","6":"product_cat-papeles","7":"product_cat-regular","9":"first","10":"instock","11":"shipping-taxable","12":"product-type-simple"},"acf":[],"yoast_head":"<!-- This site is optimized with the Yoast SEO plugin v26.2 - https:\/\/yoast.com\/wordpress\/plugins\/seo\/ -->\n<title>Papel Regular Brown Classic | Smoking Paper<\/title>\n<meta name=\"description\" content=\"Descubre la autenticidad con Brown Classic de Smoking, contiene 50 hojas. Este papel marr\u00f3n cl\u00e1sico es de combusti\u00f3n. \u00a1Siente la calidad en cada calada!\" \/>\n<meta name=\"robots\" content=\"index, follow, max-snippet:-1, max-image-preview:large, max-video-preview:-1\" \/>\n<link rel=\"canonical\" href=\"https:\/\/www.smokingpaper.com\/es\/producto\/regular-brown-classic\/\" \/>\n<meta property=\"og:locale\" content=\"es_ES\" \/>\n<meta property=\"og:type\" content=\"article\" \/>\n<meta property=\"og:title\" content=\"Papel Regular Brown Classic | Smoking Paper\" \/>\n<meta property=\"og:description\" content=\"Descubre la autenticidad con Brown Classic de Smoking, contiene 50 hojas. Este papel marr\u00f3n cl\u00e1sico es de combusti\u00f3n. \u00a1Siente la calidad en cada calada!\" \/>\n<meta property=\"og:url\" content=\"https:\/\/www.smokingpaper.com\/es\/producto\/regular-brown-classic\/\" \/>\n<meta property=\"og:site_name\" content=\"Smoking\" \/>\n<meta property=\"article:modified_time\" content=\"2024-01-03T19:07:53+00:00\" \/>\n<meta property=\"og:image\" content=\"https:\/\/www.smokingpaper.com\/wp-content\/uploads\/2021\/12\/Nuevo_proyecto__49_-removebg-preview.png\" \/>\n\t<meta property=\"og:image:width\" content=\"667\" \/>\n\t<meta property=\"og:image:height\" content=\"374\" \/>\n\t<meta property=\"og:image:type\" content=\"image\/png\" \/>\n<meta name=\"twitter:card\" content=\"summary_large_image\" \/>\n<!-- \/ Yoast SEO plugin. -->","yoast_head_json":{"title":"Papel Regular Brown Classic | Smoking Paper","description":"Descubre la autenticidad con Brown Classic de Smoking, contiene 50 hojas. Este papel marr\u00f3n cl\u00e1sico es de combusti\u00f3n. \u00a1Siente la calidad en cada calada!","robots":{"index":"index","follow":"follow","max-snippet":"max-snippet:-1","max-image-preview":"max-image-preview:large","max-video-preview":"max-video-preview:-1"},"canonical":"https:\/\/www.smokingpaper.com\/es\/producto\/regular-brown-classic\/","og_locale":"es_ES","og_type":"article","og_title":"Papel Regular Brown Classic | Smoking Paper","og_description":"Descubre la autenticidad con Brown Classic de Smoking, contiene 50 hojas. Este papel marr\u00f3n cl\u00e1sico es de combusti\u00f3n. \u00a1Siente la calidad en cada calada!","og_url":"https:\/\/www.smokingpaper.com\/es\/producto\/regular-brown-classic\/","og_site_name":"Smoking","article_modified_time":"2024-01-03T19:07:53+00:00","og_image":[{"width":667,"height":374,"url":"https:\/\/www.smokingpaper.com\/wp-content\/uploads\/2021\/12\/Nuevo_proyecto__49_-removebg-preview.png","type":"image\/png"}],"twitter_card":"summary_large_image","schema":{"@context":"https:\/\/schema.org","@graph":[{"@type":"BreadcrumbList","@id":"https:\/\/www.smokingpaper.com\/es\/producto\/regular-brown-classic\/#breadcrumb","itemListElement":[{"@type":"ListItem","position":1,"name":"Home","item":"https:\/\/www.smokingpaper.com\/es\/"},{"@type":"ListItem","position":2,"name":"Productos","item":"https:\/\/www.smokingpaper.com\/es\/shop\/"},{"@type":"ListItem","position":3,"name":"Papel de liar","item":"https:\/\/www.smokingpaper.com\/es\/productos\/papeles\/"},{"@type":"ListItem","position":4,"name":"Brown classic Regular"}]}]}},"_links":{"self":[{"href":"https:\/\/www.smokingpaper.com\/es\/wp-json\/wp\/v2\/product\/504","targetHints":{"allow":["GET"]}}],"collection":[{"href":"https:\/\/www.smokingpaper.com\/es\/wp-json\/wp\/v2\/product"}],"about":[{"href":"https:\/\/www.smokingpaper.com\/es\/wp-json\/wp\/v2\/types\/product"}],"wp:featuredmedia":[{"embeddable":true,"href":"https:\/\/www.smokingpaper.com\/es\/wp-json\/wp\/v2\/media\/2244"}],"wp:attachment":[{"href":"https:\/\/www.smokingpaper.com\/es\/wp-json\/wp\/v2\/media?parent=504"}],"wp:term":[{"taxonomy":"product_brand","embeddable":true,"href":"https:\/\/www.smokingpaper.com\/es\/wp-json\/wp\/v2\/product_brand?post=504"},{"taxonomy":"product_cat","embeddable":true,"href":"https:\/\/www.smokingpaper.com\/es\/wp-json\/wp\/v2\/product_cat?post=504"},{"taxonomy":"product_tag","embeddable":true,"href":"https:\/\/www.smokingpaper.com\/es\/wp-json\/wp\/v2\/product_tag?post=504"}],"curies":[{"name":"wp","href":"https:\/\/api.w.org\/{rel}","templated":true}]}}