{"id":4990,"date":"2022-06-14T13:36:48","date_gmt":"2022-06-14T11:36:49","guid":{"rendered":"https:\/\/www.smokingpaper.com\/?post_type=product&#038;p=4990"},"modified":"2023-10-01T21:38:58","modified_gmt":"2023-10-01T19:38:58","slug":"conos-brown-ks-x12","status":"publish","type":"product","link":"https:\/\/www.smokingpaper.com\/es\/producto\/conos-brown-ks-x12\/","title":{"rendered":"Conos Brown KS x12"},"content":{"rendered":"","protected":false},"excerpt":{"rendered":"<p><span data-sheets-value=\"{&quot;1&quot;:2,&quot;2&quot;:&quot;La mejor reserva de Conos Brown en un pack de 12 papeles, para tener siempre a mano. Los Conos Brown KS X12 son XL con un tama\u00f1o de hoja de 110 mm y con nuestro genuino acabado ultrafino y sin blanquear, sin colorantes ni aditivos. Son tambi\u00e9n de combusti\u00f3n lenta, para que puedas disfrutar de ellos a lo largo de todo su recorrido. Y no necesitas filtros aparte porque vienen con los suyos propios incluidos y preliados \u00a1todo comodidad!&quot;}\" data-sheets-userformat=\"{&quot;2&quot;:9149,&quot;3&quot;:{&quot;1&quot;:0},&quot;5&quot;:{&quot;1&quot;:[{&quot;1&quot;:2,&quot;2&quot;:0,&quot;5&quot;:{&quot;1&quot;:2,&quot;2&quot;:0}},{&quot;1&quot;:0,&quot;2&quot;:0,&quot;3&quot;:3},{&quot;1&quot;:1,&quot;2&quot;:0,&quot;4&quot;:1}]},&quot;6&quot;:{&quot;1&quot;:[{&quot;1&quot;:2,&quot;2&quot;:0,&quot;5&quot;:{&quot;1&quot;:2,&quot;2&quot;:0}},{&quot;1&quot;:0,&quot;2&quot;:0,&quot;3&quot;:3},{&quot;1&quot;:1,&quot;2&quot;:0,&quot;4&quot;:1}]},&quot;7&quot;:{&quot;1&quot;:[{&quot;1&quot;:2,&quot;2&quot;:0,&quot;5&quot;:{&quot;1&quot;:2,&quot;2&quot;:0}},{&quot;1&quot;:0,&quot;2&quot;:0,&quot;3&quot;:3},{&quot;1&quot;:1,&quot;2&quot;:0,&quot;4&quot;:1}]},&quot;8&quot;:{&quot;1&quot;:[{&quot;1&quot;:2,&quot;2&quot;:0,&quot;5&quot;:{&quot;1&quot;:2,&quot;2&quot;:0}},{&quot;1&quot;:0,&quot;2&quot;:0,&quot;3&quot;:3},{&quot;1&quot;:1,&quot;2&quot;:0,&quot;4&quot;:1}]},&quot;10&quot;:1,&quot;11&quot;:4,&quot;12&quot;:0,&quot;16&quot;:10}\">La mejor reserva de Conos Brown en un pack de 12 papeles, para tener siempre a mano. Los Conos Brown KS X12 son XL con un tama\u00f1o de hoja de 110 mm y con nuestro genuino acabado ultrafino y sin blanquear, sin colorantes ni aditivos. Son tambi\u00e9n de combusti\u00f3n lenta, para que puedas disfrutar de ellos a lo largo de todo su recorrido. Y no necesitas filtros aparte porque vienen con los suyos propios incluidos y preliados \u00a1todo comodidad!<\/span><\/p>\n","protected":false},"featured_media":4993,"template":"","meta":{"_acf_changed":false,"inline_featured_image":false},"product_brand":[],"product_cat":[376],"product_tag":[],"class_list":{"0":"post-4990","1":"product","2":"type-product","3":"status-publish","4":"has-post-thumbnail","6":"product_cat-conos","8":"first","9":"instock","10":"shipping-taxable","11":"product-type-simple"},"acf":[],"yoast_head":"<!-- This site is optimized with the Yoast SEO plugin v26.2 - https:\/\/yoast.com\/wordpress\/plugins\/seo\/ -->\n<title>Cones Brown KS x12 | Smoking Papel<\/title>\n<meta name=\"description\" content=\"Conos Brown KS x12, productos para fumadores de la mejor calidad en Smoking Paper \u2705 A los mejores precios, \u00a1cat\u00e1logo de productos online!\" \/>\n<meta name=\"robots\" content=\"index, follow, max-snippet:-1, max-image-preview:large, max-video-preview:-1\" \/>\n<link rel=\"canonical\" href=\"https:\/\/www.smokingpaper.com\/es\/producto\/conos-brown-ks-x12\/\" \/>\n<meta property=\"og:locale\" content=\"es_ES\" \/>\n<meta property=\"og:type\" content=\"article\" \/>\n<meta property=\"og:title\" content=\"Cones Brown KS x12 | Smoking Papel\" \/>\n<meta property=\"og:description\" content=\"Conos Brown KS x12, productos para fumadores de la mejor calidad en Smoking Paper \u2705 A los mejores precios, \u00a1cat\u00e1logo de productos online!\" \/>\n<meta property=\"og:url\" content=\"https:\/\/www.smokingpaper.com\/es\/producto\/conos-brown-ks-x12\/\" \/>\n<meta property=\"og:site_name\" content=\"Smoking\" \/>\n<meta property=\"article:modified_time\" content=\"2023-10-01T19:38:58+00:00\" \/>\n<meta property=\"og:image\" content=\"https:\/\/www.smokingpaper.com\/wp-content\/uploads\/2022\/06\/3D-PACK-cones-BROWN-KS-x12.png\" \/>\n\t<meta property=\"og:image:width\" content=\"620\" \/>\n\t<meta property=\"og:image:height\" content=\"407\" \/>\n\t<meta property=\"og:image:type\" content=\"image\/png\" \/>\n<meta name=\"twitter:card\" content=\"summary_large_image\" \/>\n<!-- \/ Yoast SEO plugin. -->","yoast_head_json":{"title":"Cones Brown KS x12 | Smoking Papel","description":"Conos Brown KS x12, productos para fumadores de la mejor calidad en Smoking Paper \u2705 A los mejores precios, \u00a1cat\u00e1logo de productos online!","robots":{"index":"index","follow":"follow","max-snippet":"max-snippet:-1","max-image-preview":"max-image-preview:large","max-video-preview":"max-video-preview:-1"},"canonical":"https:\/\/www.smokingpaper.com\/es\/producto\/conos-brown-ks-x12\/","og_locale":"es_ES","og_type":"article","og_title":"Cones Brown KS x12 | Smoking Papel","og_description":"Conos Brown KS x12, productos para fumadores de la mejor calidad en Smoking Paper \u2705 A los mejores precios, \u00a1cat\u00e1logo de productos online!","og_url":"https:\/\/www.smokingpaper.com\/es\/producto\/conos-brown-ks-x12\/","og_site_name":"Smoking","article_modified_time":"2023-10-01T19:38:58+00:00","og_image":[{"width":620,"height":407,"url":"https:\/\/www.smokingpaper.com\/wp-content\/uploads\/2022\/06\/3D-PACK-cones-BROWN-KS-x12.png","type":"image\/png"}],"twitter_card":"summary_large_image","schema":{"@context":"https:\/\/schema.org","@graph":[{"@type":"BreadcrumbList","@id":"https:\/\/www.smokingpaper.com\/es\/producto\/conos-brown-ks-x12\/#breadcrumb","itemListElement":[{"@type":"ListItem","position":1,"name":"Home","item":"https:\/\/www.smokingpaper.com\/es\/"},{"@type":"ListItem","position":2,"name":"Productos","item":"https:\/\/www.smokingpaper.com\/es\/shop\/"},{"@type":"ListItem","position":3,"name":"Conos","item":"https:\/\/www.smokingpaper.com\/es\/productos\/conos\/"},{"@type":"ListItem","position":4,"name":"Conos Brown KS x12"}]}]}},"_links":{"self":[{"href":"https:\/\/www.smokingpaper.com\/es\/wp-json\/wp\/v2\/product\/4990","targetHints":{"allow":["GET"]}}],"collection":[{"href":"https:\/\/www.smokingpaper.com\/es\/wp-json\/wp\/v2\/product"}],"about":[{"href":"https:\/\/www.smokingpaper.com\/es\/wp-json\/wp\/v2\/types\/product"}],"wp:featuredmedia":[{"embeddable":true,"href":"https:\/\/www.smokingpaper.com\/es\/wp-json\/wp\/v2\/media\/4993"}],"wp:attachment":[{"href":"https:\/\/www.smokingpaper.com\/es\/wp-json\/wp\/v2\/media?parent=4990"}],"wp:term":[{"taxonomy":"product_brand","embeddable":true,"href":"https:\/\/www.smokingpaper.com\/es\/wp-json\/wp\/v2\/product_brand?post=4990"},{"taxonomy":"product_cat","embeddable":true,"href":"https:\/\/www.smokingpaper.com\/es\/wp-json\/wp\/v2\/product_cat?post=4990"},{"taxonomy":"product_tag","embeddable":true,"href":"https:\/\/www.smokingpaper.com\/es\/wp-json\/wp\/v2\/product_tag?post=4990"}],"curies":[{"name":"wp","href":"https:\/\/api.w.org\/{rel}","templated":true}]}}