{"id":498,"date":"2021-12-02T13:22:36","date_gmt":"2021-12-02T12:22:36","guid":{"rendered":"http:\/\/new.smokingpaper.com\/?post_type=product&#038;p=498"},"modified":"2024-10-23T17:30:54","modified_gmt":"2024-10-23T15:30:54","slug":"brown-paper-tips-king-size","status":"publish","type":"product","link":"https:\/\/www.smokingpaper.com\/es\/producto\/brown-paper-tips-king-size\/","title":{"rendered":"Brown King Size + Tips"},"content":{"rendered":"","protected":false},"excerpt":{"rendered":"<p><span data-sheets-value=\"{&quot;1&quot;:2,&quot;2&quot;:&quot;El librito preferido con papel de fumar sin blanquear (m\u00e1s sostenible), con la combinaci\u00f3n de 33 tips de cart\u00f3n, para que tengas todo listo a la hora de liar tus cigarrillos. Este papel es ultrafino, apenas pesa 13 g\/m2 y presenta un tama\u00f1o de hoja King Size de 108 x 44 mm. Un librito con 33 hojas de combusti\u00f3n lenta, certificado FSC\u00ae y goma 100% natural vegetal, que no lleva colorantes ni otros aditivos. Te ofrece un mejor pegado con una sola pasada. \u00a1Y el plus de 33 tips de cart\u00f3n, tambi\u00e9n sin blanquear!&quot;}\" data-sheets-userformat=\"{&quot;2&quot;:1319869,&quot;3&quot;:{&quot;1&quot;:0},&quot;5&quot;:{&quot;1&quot;:[{&quot;1&quot;:2,&quot;2&quot;:0,&quot;5&quot;:{&quot;1&quot;:2,&quot;2&quot;:0}},{&quot;1&quot;:0,&quot;2&quot;:0,&quot;3&quot;:3},{&quot;1&quot;:1,&quot;2&quot;:0,&quot;4&quot;:1}]},&quot;6&quot;:{&quot;1&quot;:[{&quot;1&quot;:2,&quot;2&quot;:0,&quot;5&quot;:{&quot;1&quot;:2,&quot;2&quot;:0}},{&quot;1&quot;:0,&quot;2&quot;:0,&quot;3&quot;:3},{&quot;1&quot;:1,&quot;2&quot;:0,&quot;4&quot;:1}]},&quot;7&quot;:{&quot;1&quot;:[{&quot;1&quot;:2,&quot;2&quot;:0,&quot;5&quot;:{&quot;1&quot;:2,&quot;2&quot;:0}},{&quot;1&quot;:0,&quot;2&quot;:0,&quot;3&quot;:3},{&quot;1&quot;:1,&quot;2&quot;:0,&quot;4&quot;:1}]},&quot;8&quot;:{&quot;1&quot;:[{&quot;1&quot;:2,&quot;2&quot;:0,&quot;5&quot;:{&quot;1&quot;:2,&quot;2&quot;:0}},{&quot;1&quot;:0,&quot;2&quot;:0,&quot;3&quot;:3},{&quot;1&quot;:1,&quot;2&quot;:0,&quot;4&quot;:1}]},&quot;10&quot;:1,&quot;11&quot;:4,&quot;12&quot;:0,&quot;16&quot;:10,&quot;21&quot;:0,&quot;23&quot;:2}\">El librito preferido con papel de fumar sin blanquear (m\u00e1s sostenible), con la combinaci\u00f3n de 33 tips de cart\u00f3n, para que tengas todo listo a la hora de liar tus cigarrillos. Este papel es ultrafino, apenas pesa 13 g\/m2 y presenta un tama\u00f1o de hoja King Size de 108 x 44 mm. Un librito con 33 hojas de combusti\u00f3n lenta, certificado FSC\u00ae y goma 100% natural vegetal, que no lleva colorantes ni otros aditivos. Te ofrece un mejor pegado con una sola pasada. \u00a1Y el plus de 33 tips de cart\u00f3n, tambi\u00e9n sin blanquear!<\/span><\/p>\n","protected":false},"featured_media":1978,"template":"","meta":{"_acf_changed":false,"inline_featured_image":false},"product_brand":[],"product_cat":[67,92],"product_tag":[],"class_list":{"0":"post-498","1":"product","2":"type-product","3":"status-publish","4":"has-post-thumbnail","6":"product_cat-papeles","7":"product_cat-kingsize","9":"first","10":"instock","11":"shipping-taxable","12":"product-type-simple"},"acf":[],"yoast_head":"<!-- This site is optimized with the Yoast SEO plugin v26.2 - https:\/\/yoast.com\/wordpress\/plugins\/seo\/ -->\n<title>King Size Brown + Tips | Smoking Papel<\/title>\n<meta name=\"description\" content=\"Papel de liar Deluxe King Size, con 33 hojas finas, este papel premium ofrece una combusti\u00f3n lenta y una experiencia de fumar inigualable. \u00a1Pru\u00e9balo ahora!\" \/>\n<meta name=\"robots\" content=\"index, follow, max-snippet:-1, max-image-preview:large, max-video-preview:-1\" \/>\n<link rel=\"canonical\" href=\"https:\/\/www.smokingpaper.com\/es\/producto\/brown-paper-tips-king-size\/\" \/>\n<meta property=\"og:locale\" content=\"es_ES\" \/>\n<meta property=\"og:type\" content=\"article\" \/>\n<meta property=\"og:title\" content=\"King Size Brown + Tips | Smoking Papel\" \/>\n<meta property=\"og:description\" content=\"Papel de liar Deluxe King Size, con 33 hojas finas, este papel premium ofrece una combusti\u00f3n lenta y una experiencia de fumar inigualable. \u00a1Pru\u00e9balo ahora!\" \/>\n<meta property=\"og:url\" content=\"https:\/\/www.smokingpaper.com\/es\/producto\/brown-paper-tips-king-size\/\" \/>\n<meta property=\"og:site_name\" content=\"Smoking\" \/>\n<meta property=\"article:modified_time\" content=\"2024-10-23T15:30:54+00:00\" \/>\n<meta property=\"og:image\" content=\"https:\/\/www.smokingpaper.com\/wp-content\/uploads\/2021\/12\/pack-brown-kstips-removebg-preview_optimized.png\" \/>\n\t<meta property=\"og:image:width\" content=\"615\" \/>\n\t<meta property=\"og:image:height\" content=\"406\" \/>\n\t<meta property=\"og:image:type\" content=\"image\/png\" \/>\n<meta name=\"twitter:card\" content=\"summary_large_image\" \/>\n<meta name=\"twitter:label1\" content=\"Tiempo de lectura\" \/>\n\t<meta name=\"twitter:data1\" content=\"1 minuto\" \/>\n<!-- \/ Yoast SEO plugin. -->","yoast_head_json":{"title":"King Size Brown + Tips | Smoking Papel","description":"Papel de liar Deluxe King Size, con 33 hojas finas, este papel premium ofrece una combusti\u00f3n lenta y una experiencia de fumar inigualable. \u00a1Pru\u00e9balo ahora!","robots":{"index":"index","follow":"follow","max-snippet":"max-snippet:-1","max-image-preview":"max-image-preview:large","max-video-preview":"max-video-preview:-1"},"canonical":"https:\/\/www.smokingpaper.com\/es\/producto\/brown-paper-tips-king-size\/","og_locale":"es_ES","og_type":"article","og_title":"King Size Brown + Tips | Smoking Papel","og_description":"Papel de liar Deluxe King Size, con 33 hojas finas, este papel premium ofrece una combusti\u00f3n lenta y una experiencia de fumar inigualable. \u00a1Pru\u00e9balo ahora!","og_url":"https:\/\/www.smokingpaper.com\/es\/producto\/brown-paper-tips-king-size\/","og_site_name":"Smoking","article_modified_time":"2024-10-23T15:30:54+00:00","og_image":[{"width":615,"height":406,"url":"https:\/\/www.smokingpaper.com\/wp-content\/uploads\/2021\/12\/pack-brown-kstips-removebg-preview_optimized.png","type":"image\/png"}],"twitter_card":"summary_large_image","twitter_misc":{"Tiempo de lectura":"1 minuto"},"schema":{"@context":"https:\/\/schema.org","@graph":[{"@type":"BreadcrumbList","@id":"https:\/\/www.smokingpaper.com\/es\/producto\/brown-paper-tips-king-size\/#breadcrumb","itemListElement":[{"@type":"ListItem","position":1,"name":"Home","item":"https:\/\/www.smokingpaper.com\/es\/"},{"@type":"ListItem","position":2,"name":"Productos","item":"https:\/\/www.smokingpaper.com\/es\/shop\/"},{"@type":"ListItem","position":3,"name":"Papel de liar","item":"https:\/\/www.smokingpaper.com\/es\/productos\/papeles\/"},{"@type":"ListItem","position":4,"name":"Brown King Size + Tips"}]}]}},"_links":{"self":[{"href":"https:\/\/www.smokingpaper.com\/es\/wp-json\/wp\/v2\/product\/498","targetHints":{"allow":["GET"]}}],"collection":[{"href":"https:\/\/www.smokingpaper.com\/es\/wp-json\/wp\/v2\/product"}],"about":[{"href":"https:\/\/www.smokingpaper.com\/es\/wp-json\/wp\/v2\/types\/product"}],"wp:featuredmedia":[{"embeddable":true,"href":"https:\/\/www.smokingpaper.com\/es\/wp-json\/wp\/v2\/media\/1978"}],"wp:attachment":[{"href":"https:\/\/www.smokingpaper.com\/es\/wp-json\/wp\/v2\/media?parent=498"}],"wp:term":[{"taxonomy":"product_brand","embeddable":true,"href":"https:\/\/www.smokingpaper.com\/es\/wp-json\/wp\/v2\/product_brand?post=498"},{"taxonomy":"product_cat","embeddable":true,"href":"https:\/\/www.smokingpaper.com\/es\/wp-json\/wp\/v2\/product_cat?post=498"},{"taxonomy":"product_tag","embeddable":true,"href":"https:\/\/www.smokingpaper.com\/es\/wp-json\/wp\/v2\/product_tag?post=498"}],"curies":[{"name":"wp","href":"https:\/\/api.w.org\/{rel}","templated":true}]}}