{"id":476,"date":"2021-11-12T13:18:28","date_gmt":"2021-11-12T12:18:28","guid":{"rendered":"http:\/\/new.smokingpaper.com\/product\/thinnest-brown-medium\/"},"modified":"2024-12-12T13:08:06","modified_gmt":"2024-12-12T12:08:06","slug":"thinnest-brown-medium","status":"publish","type":"product","link":"https:\/\/www.smokingpaper.com\/es\/producto\/thinnest-brown-medium\/","title":{"rendered":"Thinnest Brown Medium"},"content":{"rendered":"","protected":false},"excerpt":{"rendered":"<p>Nuestro papel m\u00e1s fino hasta ahora, \u00a1ahora tambi\u00e9n est\u00e1 disponible sin blanquear! Al ser un 20 % m\u00e1s fino que otros papeles del mercado, nuestro papel Thinnest Brown Medium est\u00e1 mucho menos procesado y es m\u00e1s ecol\u00f3gico. Adem\u00e1s, combina la m\u00e1xima transparencia con una resistencia \u00f3ptima al ser un papel de 12 g\/m2 y ser un producto con certificado FSC\u00ae. Cuenta con un total de 50 hojas de tama\u00f1o 77x44mm y viene con una tira de pegamento hecha de goma vegetal 100% natural, sin colorantes ni otros aditivos.<\/p>\n","protected":false},"featured_media":7663,"template":"","meta":{"_acf_changed":false,"inline_featured_image":false},"product_brand":[],"product_cat":[67,101],"product_tag":[],"class_list":{"0":"post-476","1":"product","2":"type-product","3":"status-publish","4":"has-post-thumbnail","6":"product_cat-papeles","7":"product_cat-medium","9":"first","10":"instock","11":"shipping-taxable","12":"product-type-simple"},"acf":[],"yoast_head":"<!-- This site is optimized with the Yoast SEO plugin v26.2 - https:\/\/yoast.com\/wordpress\/plugins\/seo\/ -->\n<title>Papel Medium Thinnest Brown | Smoking Papel<\/title>\n<meta name=\"description\" content=\"Fusi\u00f3n de delgadez y estilo con Thinnest Brown Regular de Smoking. Con 50 hojas ultradelgadas, este papel te ofrece una fumada suave y con distinci\u00f3n.\" \/>\n<meta name=\"robots\" content=\"index, follow, max-snippet:-1, max-image-preview:large, max-video-preview:-1\" \/>\n<link rel=\"canonical\" href=\"https:\/\/www.smokingpaper.com\/es\/producto\/thinnest-brown-medium\/\" \/>\n<meta property=\"og:locale\" content=\"es_ES\" \/>\n<meta property=\"og:type\" content=\"article\" \/>\n<meta property=\"og:title\" content=\"Papel Medium Thinnest Brown | Smoking Papel\" \/>\n<meta property=\"og:description\" content=\"Fusi\u00f3n de delgadez y estilo con Thinnest Brown Regular de Smoking. Con 50 hojas ultradelgadas, este papel te ofrece una fumada suave y con distinci\u00f3n.\" \/>\n<meta property=\"og:url\" content=\"https:\/\/www.smokingpaper.com\/es\/producto\/thinnest-brown-medium\/\" \/>\n<meta property=\"og:site_name\" content=\"Smoking\" \/>\n<meta property=\"article:modified_time\" content=\"2024-12-12T12:08:06+00:00\" \/>\n<meta property=\"og:image\" content=\"https:\/\/www.smokingpaper.com\/wp-content\/uploads\/2021\/11\/3D_LIBRITO_THINNEST_BROWN_MEDIUM_1___Mediana_-removebg-preview.png\" \/>\n\t<meta property=\"og:image:width\" content=\"667\" \/>\n\t<meta property=\"og:image:height\" content=\"374\" \/>\n\t<meta property=\"og:image:type\" content=\"image\/png\" \/>\n<meta name=\"twitter:card\" content=\"summary_large_image\" \/>\n<meta name=\"twitter:label1\" content=\"Tiempo de lectura\" \/>\n\t<meta name=\"twitter:data1\" content=\"1 minuto\" \/>\n<!-- \/ Yoast SEO plugin. -->","yoast_head_json":{"title":"Papel Medium Thinnest Brown | Smoking Papel","description":"Fusi\u00f3n de delgadez y estilo con Thinnest Brown Regular de Smoking. Con 50 hojas ultradelgadas, este papel te ofrece una fumada suave y con distinci\u00f3n.","robots":{"index":"index","follow":"follow","max-snippet":"max-snippet:-1","max-image-preview":"max-image-preview:large","max-video-preview":"max-video-preview:-1"},"canonical":"https:\/\/www.smokingpaper.com\/es\/producto\/thinnest-brown-medium\/","og_locale":"es_ES","og_type":"article","og_title":"Papel Medium Thinnest Brown | Smoking Papel","og_description":"Fusi\u00f3n de delgadez y estilo con Thinnest Brown Regular de Smoking. Con 50 hojas ultradelgadas, este papel te ofrece una fumada suave y con distinci\u00f3n.","og_url":"https:\/\/www.smokingpaper.com\/es\/producto\/thinnest-brown-medium\/","og_site_name":"Smoking","article_modified_time":"2024-12-12T12:08:06+00:00","og_image":[{"width":667,"height":374,"url":"https:\/\/www.smokingpaper.com\/wp-content\/uploads\/2021\/11\/3D_LIBRITO_THINNEST_BROWN_MEDIUM_1___Mediana_-removebg-preview.png","type":"image\/png"}],"twitter_card":"summary_large_image","twitter_misc":{"Tiempo de lectura":"1 minuto"},"schema":{"@context":"https:\/\/schema.org","@graph":[{"@type":"BreadcrumbList","@id":"https:\/\/www.smokingpaper.com\/es\/producto\/thinnest-brown-medium\/#breadcrumb","itemListElement":[{"@type":"ListItem","position":1,"name":"Home","item":"https:\/\/www.smokingpaper.com\/es\/"},{"@type":"ListItem","position":2,"name":"Productos","item":"https:\/\/www.smokingpaper.com\/es\/shop\/"},{"@type":"ListItem","position":3,"name":"Papel de liar","item":"https:\/\/www.smokingpaper.com\/es\/productos\/papeles\/"},{"@type":"ListItem","position":4,"name":"Thinnest Brown Medium"}]}]}},"_links":{"self":[{"href":"https:\/\/www.smokingpaper.com\/es\/wp-json\/wp\/v2\/product\/476","targetHints":{"allow":["GET"]}}],"collection":[{"href":"https:\/\/www.smokingpaper.com\/es\/wp-json\/wp\/v2\/product"}],"about":[{"href":"https:\/\/www.smokingpaper.com\/es\/wp-json\/wp\/v2\/types\/product"}],"wp:featuredmedia":[{"embeddable":true,"href":"https:\/\/www.smokingpaper.com\/es\/wp-json\/wp\/v2\/media\/7663"}],"wp:attachment":[{"href":"https:\/\/www.smokingpaper.com\/es\/wp-json\/wp\/v2\/media?parent=476"}],"wp:term":[{"taxonomy":"product_brand","embeddable":true,"href":"https:\/\/www.smokingpaper.com\/es\/wp-json\/wp\/v2\/product_brand?post=476"},{"taxonomy":"product_cat","embeddable":true,"href":"https:\/\/www.smokingpaper.com\/es\/wp-json\/wp\/v2\/product_cat?post=476"},{"taxonomy":"product_tag","embeddable":true,"href":"https:\/\/www.smokingpaper.com\/es\/wp-json\/wp\/v2\/product_tag?post=476"}],"curies":[{"name":"wp","href":"https:\/\/api.w.org\/{rel}","templated":true}]}}