{"id":4705,"date":"2022-05-31T16:49:17","date_gmt":"2022-05-31T14:49:17","guid":{"rendered":"https:\/\/www.smokingpaper.com\/?post_type=product&#038;p=4705"},"modified":"2024-09-26T15:56:18","modified_gmt":"2024-09-26T13:56:18","slug":"grinder-mental-vacation-rojo","status":"publish","type":"product","link":"https:\/\/www.smokingpaper.com\/es\/producto\/grinder-mental-vacation-rojo\/","title":{"rendered":"Grinder Mental Vacation Rojo"},"content":{"rendered":"","protected":false},"excerpt":{"rendered":"<p><span data-sheets-value=\"{&quot;1&quot;:2,&quot;2&quot;:&quot;\u00a1Pon tu mente en modo vacaciones con nuestro Grinder Mental Vacation Rojo! Un accesorio tan preciso en su funcionalidad como llamativo en su dise\u00f1o. Descubre lo c\u00f3modo que resulta para triturar el material y sin que queden restos, gracias a los polinizadores que lleva incluidos, adem\u00e1s de la zona de triturado y el dep\u00f3sito. Cuenta con un acabado 100% en metal que te ofrece m\u00e1xima resistencia y un espectacular dise\u00f1o en rojo metalizado, con una ilustraci\u00f3n que evoca las vacaciones. Tienes hasta 6 modelos de grinders entre los que elegir, para llevar contigo siempre el estilo que t\u00fa quieras.&quot;}\" data-sheets-userformat=\"{&quot;2&quot;:1319869,&quot;3&quot;:{&quot;1&quot;:0},&quot;5&quot;:{&quot;1&quot;:[{&quot;1&quot;:2,&quot;2&quot;:0,&quot;5&quot;:{&quot;1&quot;:2,&quot;2&quot;:0}},{&quot;1&quot;:0,&quot;2&quot;:0,&quot;3&quot;:3},{&quot;1&quot;:1,&quot;2&quot;:0,&quot;4&quot;:1}]},&quot;6&quot;:{&quot;1&quot;:[{&quot;1&quot;:2,&quot;2&quot;:0,&quot;5&quot;:{&quot;1&quot;:2,&quot;2&quot;:0}},{&quot;1&quot;:0,&quot;2&quot;:0,&quot;3&quot;:3},{&quot;1&quot;:1,&quot;2&quot;:0,&quot;4&quot;:1}]},&quot;7&quot;:{&quot;1&quot;:[{&quot;1&quot;:2,&quot;2&quot;:0,&quot;5&quot;:{&quot;1&quot;:2,&quot;2&quot;:0}},{&quot;1&quot;:0,&quot;2&quot;:0,&quot;3&quot;:3},{&quot;1&quot;:1,&quot;2&quot;:0,&quot;4&quot;:1}]},&quot;8&quot;:{&quot;1&quot;:[{&quot;1&quot;:2,&quot;2&quot;:0,&quot;5&quot;:{&quot;1&quot;:2,&quot;2&quot;:0}},{&quot;1&quot;:0,&quot;2&quot;:0,&quot;3&quot;:3},{&quot;1&quot;:1,&quot;2&quot;:0,&quot;4&quot;:1}]},&quot;10&quot;:1,&quot;11&quot;:4,&quot;12&quot;:0,&quot;16&quot;:10,&quot;21&quot;:0,&quot;23&quot;:2}\">\u00a1Pon tu mente en modo vacaciones con nuestro Grinder Mental Vacation Rojo! Un accesorio tan preciso en su funcionalidad como llamativo en su dise\u00f1o. Descubre lo c\u00f3modo que resulta para triturar el material y sin que queden restos, gracias a los polinizadores que lleva incluidos, adem\u00e1s de la zona de triturado y el dep\u00f3sito. Cuenta con un acabado 100% en metal que te ofrece m\u00e1xima resistencia y un espectacular dise\u00f1o en rojo metalizado, con una ilustraci\u00f3n que evoca las vacaciones. Tienes hasta 6 modelos de grinders entre los que elegir, para llevar contigo siempre el estilo que t\u00fa quieras.<\/span><\/p>\n","protected":false},"featured_media":6219,"template":"","meta":{"_acf_changed":false,"inline_featured_image":false},"product_brand":[],"product_cat":[772],"product_tag":[],"class_list":{"0":"post-4705","1":"product","2":"type-product","3":"status-publish","4":"has-post-thumbnail","6":"product_cat-grinder","8":"first","9":"instock","10":"shipping-taxable","11":"product-type-simple"},"acf":[],"yoast_head":"<!-- This site is optimized with the Yoast SEO plugin v26.2 - https:\/\/yoast.com\/wordpress\/plugins\/seo\/ -->\n<title>\u25b7 Grinder mental vacation rojo de 4 partes | Smoking Paper<\/title>\n<meta name=\"description\" content=\"Descubre el Grinder mental vacation rojo de Smoking Paper para maria, polen, hachis y todo lo que quieras picar. Descubre todos nuestros grinders.\" \/>\n<meta name=\"robots\" content=\"index, follow, max-snippet:-1, max-image-preview:large, max-video-preview:-1\" \/>\n<link rel=\"canonical\" href=\"https:\/\/www.smokingpaper.com\/es\/producto\/grinder-mental-vacation-rojo\/\" \/>\n<meta property=\"og:locale\" content=\"es_ES\" \/>\n<meta property=\"og:type\" content=\"article\" \/>\n<meta property=\"og:title\" content=\"\u25b7 Grinder mental vacation rojo de 4 partes | Smoking Paper\" \/>\n<meta property=\"og:description\" content=\"Descubre el Grinder mental vacation rojo de Smoking Paper para maria, polen, hachis y todo lo que quieras picar. Descubre todos nuestros grinders.\" \/>\n<meta property=\"og:url\" content=\"https:\/\/www.smokingpaper.com\/es\/producto\/grinder-mental-vacation-rojo\/\" \/>\n<meta property=\"og:site_name\" content=\"Smoking\" \/>\n<meta property=\"article:modified_time\" content=\"2024-09-26T13:56:18+00:00\" \/>\n<meta property=\"og:image\" content=\"https:\/\/www.smokingpaper.com\/wp-content\/uploads\/2022\/05\/grinder-red_mentalvacation_obert-tot-2.jpg\" \/>\n\t<meta property=\"og:image:width\" content=\"1824\" \/>\n\t<meta property=\"og:image:height\" content=\"2736\" \/>\n\t<meta property=\"og:image:type\" content=\"image\/jpeg\" \/>\n<meta name=\"twitter:card\" content=\"summary_large_image\" \/>\n<!-- \/ Yoast SEO plugin. -->","yoast_head_json":{"title":"\u25b7 Grinder mental vacation rojo de 4 partes | Smoking Paper","description":"Descubre el Grinder mental vacation rojo de Smoking Paper para maria, polen, hachis y todo lo que quieras picar. Descubre todos nuestros grinders.","robots":{"index":"index","follow":"follow","max-snippet":"max-snippet:-1","max-image-preview":"max-image-preview:large","max-video-preview":"max-video-preview:-1"},"canonical":"https:\/\/www.smokingpaper.com\/es\/producto\/grinder-mental-vacation-rojo\/","og_locale":"es_ES","og_type":"article","og_title":"\u25b7 Grinder mental vacation rojo de 4 partes | Smoking Paper","og_description":"Descubre el Grinder mental vacation rojo de Smoking Paper para maria, polen, hachis y todo lo que quieras picar. Descubre todos nuestros grinders.","og_url":"https:\/\/www.smokingpaper.com\/es\/producto\/grinder-mental-vacation-rojo\/","og_site_name":"Smoking","article_modified_time":"2024-09-26T13:56:18+00:00","og_image":[{"width":1824,"height":2736,"url":"https:\/\/www.smokingpaper.com\/wp-content\/uploads\/2022\/05\/grinder-red_mentalvacation_obert-tot-2.jpg","type":"image\/jpeg"}],"twitter_card":"summary_large_image","schema":{"@context":"https:\/\/schema.org","@graph":[{"@type":"BreadcrumbList","@id":"https:\/\/www.smokingpaper.com\/es\/producto\/grinder-mental-vacation-rojo\/#breadcrumb","itemListElement":[{"@type":"ListItem","position":1,"name":"Home","item":"https:\/\/www.smokingpaper.com\/es\/"},{"@type":"ListItem","position":2,"name":"Productos","item":"https:\/\/www.smokingpaper.com\/es\/shop\/"},{"@type":"ListItem","position":3,"name":"Grinders","item":"https:\/\/www.smokingpaper.com\/es\/productos\/grinder\/"},{"@type":"ListItem","position":4,"name":"Grinder Mental Vacation Rojo"}]}]}},"_links":{"self":[{"href":"https:\/\/www.smokingpaper.com\/es\/wp-json\/wp\/v2\/product\/4705","targetHints":{"allow":["GET"]}}],"collection":[{"href":"https:\/\/www.smokingpaper.com\/es\/wp-json\/wp\/v2\/product"}],"about":[{"href":"https:\/\/www.smokingpaper.com\/es\/wp-json\/wp\/v2\/types\/product"}],"wp:featuredmedia":[{"embeddable":true,"href":"https:\/\/www.smokingpaper.com\/es\/wp-json\/wp\/v2\/media\/6219"}],"wp:attachment":[{"href":"https:\/\/www.smokingpaper.com\/es\/wp-json\/wp\/v2\/media?parent=4705"}],"wp:term":[{"taxonomy":"product_brand","embeddable":true,"href":"https:\/\/www.smokingpaper.com\/es\/wp-json\/wp\/v2\/product_brand?post=4705"},{"taxonomy":"product_cat","embeddable":true,"href":"https:\/\/www.smokingpaper.com\/es\/wp-json\/wp\/v2\/product_cat?post=4705"},{"taxonomy":"product_tag","embeddable":true,"href":"https:\/\/www.smokingpaper.com\/es\/wp-json\/wp\/v2\/product_tag?post=4705"}],"curies":[{"name":"wp","href":"https:\/\/api.w.org\/{rel}","templated":true}]}}