{"id":465,"date":"2021-12-02T12:38:21","date_gmt":"2021-12-02T11:38:21","guid":{"rendered":"http:\/\/new.smokingpaper.com\/?post_type=product&#038;p=465"},"modified":"2023-10-08T23:47:40","modified_gmt":"2023-10-08T21:47:40","slug":"tubos-200","status":"publish","type":"product","link":"https:\/\/www.smokingpaper.com\/es\/producto\/tubos-200\/","title":{"rendered":"Tubos 200"},"content":{"rendered":"","protected":false},"excerpt":{"rendered":"<p>Disfruta de tus tubos Smoking\u00ae para elaborar tus cigarrillos con la mayor comodidad posible. Una caja de tama\u00f1o grande en la que encontrar\u00e1s 200 tubos, todos ellos con impresi\u00f3n del logotipo Smoking\u00ae en color rojo. Estos tubos cuentan con 84 mm de longitud x 8 mm de di\u00e1metro y est\u00e1n listos para incluir en su interior tu tabaco favorito, sin que tengas que dedicar tiempo a liar o pegar el papel. Para quienes desean elaborar su cigarrillo con su tabaco favorito. Con impresi\u00f3n del logotipo Smoking\u00ae en color rojo. Presentaci\u00f3n de 200 tubos.<\/p>\n","protected":false},"featured_media":3097,"template":"","meta":{"_acf_changed":false,"inline_featured_image":false},"product_brand":[],"product_cat":[87],"product_tag":[],"class_list":{"0":"post-465","1":"product","2":"type-product","3":"status-publish","4":"has-post-thumbnail","6":"product_cat-tubos","8":"first","9":"instock","10":"shipping-taxable","11":"product-type-simple"},"acf":[],"yoast_head":"<!-- This site is optimized with the Yoast SEO plugin v26.2 - https:\/\/yoast.com\/wordpress\/plugins\/seo\/ -->\n<title>Tubos 200 | Smoking Paper<\/title>\n<meta name=\"description\" content=\"Tubes 200, productos para fumadores de la mejor calidad en Smoking Paper \u2705 A los mejores precios, \u00a1cat\u00e1logo de productos online!\" \/>\n<meta name=\"robots\" content=\"index, follow, max-snippet:-1, max-image-preview:large, max-video-preview:-1\" \/>\n<link rel=\"canonical\" href=\"https:\/\/www.smokingpaper.com\/es\/producto\/tubos-200\/\" \/>\n<meta property=\"og:locale\" content=\"es_ES\" \/>\n<meta property=\"og:type\" content=\"article\" \/>\n<meta property=\"og:title\" content=\"Tubos 200 | Smoking Paper\" \/>\n<meta property=\"og:description\" content=\"Tubes 200, productos para fumadores de la mejor calidad en Smoking Paper \u2705 A los mejores precios, \u00a1cat\u00e1logo de productos online!\" \/>\n<meta property=\"og:url\" content=\"https:\/\/www.smokingpaper.com\/es\/producto\/tubos-200\/\" \/>\n<meta property=\"og:site_name\" content=\"Smoking\" \/>\n<meta property=\"article:modified_time\" content=\"2023-10-08T21:47:40+00:00\" \/>\n<meta property=\"og:image\" content=\"https:\/\/www.smokingpaper.com\/wp-content\/uploads\/2021\/12\/3_optimized.png\" \/>\n\t<meta property=\"og:image:width\" content=\"692\" \/>\n\t<meta property=\"og:image:height\" content=\"527\" \/>\n\t<meta property=\"og:image:type\" content=\"image\/png\" \/>\n<meta name=\"twitter:card\" content=\"summary_large_image\" \/>\n<meta name=\"twitter:label1\" content=\"Tiempo de lectura\" \/>\n\t<meta name=\"twitter:data1\" content=\"1 minuto\" \/>\n<!-- \/ Yoast SEO plugin. -->","yoast_head_json":{"title":"Tubos 200 | Smoking Paper","description":"Tubes 200, productos para fumadores de la mejor calidad en Smoking Paper \u2705 A los mejores precios, \u00a1cat\u00e1logo de productos online!","robots":{"index":"index","follow":"follow","max-snippet":"max-snippet:-1","max-image-preview":"max-image-preview:large","max-video-preview":"max-video-preview:-1"},"canonical":"https:\/\/www.smokingpaper.com\/es\/producto\/tubos-200\/","og_locale":"es_ES","og_type":"article","og_title":"Tubos 200 | Smoking Paper","og_description":"Tubes 200, productos para fumadores de la mejor calidad en Smoking Paper \u2705 A los mejores precios, \u00a1cat\u00e1logo de productos online!","og_url":"https:\/\/www.smokingpaper.com\/es\/producto\/tubos-200\/","og_site_name":"Smoking","article_modified_time":"2023-10-08T21:47:40+00:00","og_image":[{"width":692,"height":527,"url":"https:\/\/www.smokingpaper.com\/wp-content\/uploads\/2021\/12\/3_optimized.png","type":"image\/png"}],"twitter_card":"summary_large_image","twitter_misc":{"Tiempo de lectura":"1 minuto"},"schema":{"@context":"https:\/\/schema.org","@graph":[{"@type":"BreadcrumbList","@id":"https:\/\/www.smokingpaper.com\/es\/producto\/tubos-200\/#breadcrumb","itemListElement":[{"@type":"ListItem","position":1,"name":"Home","item":"https:\/\/www.smokingpaper.com\/es\/"},{"@type":"ListItem","position":2,"name":"Productos","item":"https:\/\/www.smokingpaper.com\/es\/shop\/"},{"@type":"ListItem","position":3,"name":"Tubos para entubar","item":"https:\/\/www.smokingpaper.com\/es\/productos\/tubos\/"},{"@type":"ListItem","position":4,"name":"Tubos 200"}]}]}},"_links":{"self":[{"href":"https:\/\/www.smokingpaper.com\/es\/wp-json\/wp\/v2\/product\/465","targetHints":{"allow":["GET"]}}],"collection":[{"href":"https:\/\/www.smokingpaper.com\/es\/wp-json\/wp\/v2\/product"}],"about":[{"href":"https:\/\/www.smokingpaper.com\/es\/wp-json\/wp\/v2\/types\/product"}],"wp:featuredmedia":[{"embeddable":true,"href":"https:\/\/www.smokingpaper.com\/es\/wp-json\/wp\/v2\/media\/3097"}],"wp:attachment":[{"href":"https:\/\/www.smokingpaper.com\/es\/wp-json\/wp\/v2\/media?parent=465"}],"wp:term":[{"taxonomy":"product_brand","embeddable":true,"href":"https:\/\/www.smokingpaper.com\/es\/wp-json\/wp\/v2\/product_brand?post=465"},{"taxonomy":"product_cat","embeddable":true,"href":"https:\/\/www.smokingpaper.com\/es\/wp-json\/wp\/v2\/product_cat?post=465"},{"taxonomy":"product_tag","embeddable":true,"href":"https:\/\/www.smokingpaper.com\/es\/wp-json\/wp\/v2\/product_tag?post=465"}],"curies":[{"name":"wp","href":"https:\/\/api.w.org\/{rel}","templated":true}]}}