{"id":4637,"date":"2022-05-31T10:38:47","date_gmt":"2022-05-31T08:39:09","guid":{"rendered":"https:\/\/www.smokingpaper.com\/?post_type=product&#038;p=4637"},"modified":"2024-09-26T15:56:19","modified_gmt":"2024-09-26T13:56:19","slug":"grinder-azul-goodtimefor","status":"publish","type":"product","link":"https:\/\/www.smokingpaper.com\/es\/producto\/grinder-azul-goodtimefor\/","title":{"rendered":"Grinder Azul Good time for"},"content":{"rendered":"","protected":false},"excerpt":{"rendered":"<p><span data-sheets-value=\"{&quot;1&quot;:2,&quot;2&quot;:&quot;El Grinder Azul Good Time For es el accesorio que estabas buscando, con dientes en forma de diamante, para triturar la marihuana a la perfecci\u00f3n. Un grinder que tiene zona de triturado, dep\u00f3sito y polinizadores, para que no queden restos. Su acabado en azul metalizado cautiva desde el primer instante y su divertida ilustraci\u00f3n superior es el complemento ideal para un dise\u00f1o \u00fanico. Descubre los 6 modelos de grinders Smoking\u00ae diferentes y escoge tus preferidos para disfrutar de su comodidad y rapidez a la hora de triturar.&quot;}\" data-sheets-userformat=\"{&quot;2&quot;:1319869,&quot;3&quot;:{&quot;1&quot;:0},&quot;5&quot;:{&quot;1&quot;:[{&quot;1&quot;:2,&quot;2&quot;:0,&quot;5&quot;:{&quot;1&quot;:2,&quot;2&quot;:0}},{&quot;1&quot;:0,&quot;2&quot;:0,&quot;3&quot;:3},{&quot;1&quot;:1,&quot;2&quot;:0,&quot;4&quot;:1}]},&quot;6&quot;:{&quot;1&quot;:[{&quot;1&quot;:2,&quot;2&quot;:0,&quot;5&quot;:{&quot;1&quot;:2,&quot;2&quot;:0}},{&quot;1&quot;:0,&quot;2&quot;:0,&quot;3&quot;:3},{&quot;1&quot;:1,&quot;2&quot;:0,&quot;4&quot;:1}]},&quot;7&quot;:{&quot;1&quot;:[{&quot;1&quot;:2,&quot;2&quot;:0,&quot;5&quot;:{&quot;1&quot;:2,&quot;2&quot;:0}},{&quot;1&quot;:0,&quot;2&quot;:0,&quot;3&quot;:3},{&quot;1&quot;:1,&quot;2&quot;:0,&quot;4&quot;:1}]},&quot;8&quot;:{&quot;1&quot;:[{&quot;1&quot;:2,&quot;2&quot;:0,&quot;5&quot;:{&quot;1&quot;:2,&quot;2&quot;:0}},{&quot;1&quot;:0,&quot;2&quot;:0,&quot;3&quot;:3},{&quot;1&quot;:1,&quot;2&quot;:0,&quot;4&quot;:1}]},&quot;10&quot;:1,&quot;11&quot;:4,&quot;12&quot;:0,&quot;16&quot;:10,&quot;21&quot;:0,&quot;23&quot;:2}\">El Grinder Azul Good Time For es el accesorio que estabas buscando, con dientes en forma de diamante, para triturar la marihuana a la perfecci\u00f3n. Un grinder que tiene zona de triturado, dep\u00f3sito y polinizadores, para que no queden restos. Su acabado en azul metalizado cautiva desde el primer instante y su divertida ilustraci\u00f3n superior es el complemento ideal para un dise\u00f1o \u00fanico. Descubre los 6 modelos de grinders Smoking\u00ae diferentes y escoge tus preferidos para disfrutar de su comodidad y rapidez a la hora de triturar.<\/span><\/p>\n","protected":false},"featured_media":6255,"template":"","meta":{"_acf_changed":false,"inline_featured_image":false},"product_brand":[],"product_cat":[772],"product_tag":[],"class_list":{"0":"post-4637","1":"product","2":"type-product","3":"status-publish","4":"has-post-thumbnail","6":"product_cat-grinder","8":"first","9":"instock","10":"shipping-taxable","11":"product-type-simple"},"acf":[],"yoast_head":"<!-- This site is optimized with the Yoast SEO plugin v26.2 - https:\/\/yoast.com\/wordpress\/plugins\/seo\/ -->\n<title>\u25b7 Grinder Good time for azul de 4 partes | Smoking Paper<\/title>\n<meta name=\"description\" content=\"Descubre el Grinder Good time for azul de Smoking Paper para maria, polen, tabaco y lo que quieras picar. Descubre todos nuestros grinders.\" \/>\n<meta name=\"robots\" content=\"index, follow, max-snippet:-1, max-image-preview:large, max-video-preview:-1\" \/>\n<link rel=\"canonical\" href=\"https:\/\/www.smokingpaper.com\/es\/producto\/grinder-azul-goodtimefor\/\" \/>\n<meta property=\"og:locale\" content=\"es_ES\" \/>\n<meta property=\"og:type\" content=\"article\" \/>\n<meta property=\"og:title\" content=\"\u25b7 Grinder Good time for azul de 4 partes | Smoking Paper\" \/>\n<meta property=\"og:description\" content=\"Descubre el Grinder Good time for azul de Smoking Paper para maria, polen, tabaco y lo que quieras picar. Descubre todos nuestros grinders.\" \/>\n<meta property=\"og:url\" content=\"https:\/\/www.smokingpaper.com\/es\/producto\/grinder-azul-goodtimefor\/\" \/>\n<meta property=\"og:site_name\" content=\"Smoking\" \/>\n<meta property=\"article:modified_time\" content=\"2024-09-26T13:56:19+00:00\" \/>\n<meta property=\"og:image\" content=\"https:\/\/www.smokingpaper.com\/wp-content\/uploads\/2022\/05\/grinders-blue_goodtimefor_obert_tot-2.jpg\" \/>\n\t<meta property=\"og:image:width\" content=\"1824\" \/>\n\t<meta property=\"og:image:height\" content=\"2736\" \/>\n\t<meta property=\"og:image:type\" content=\"image\/jpeg\" \/>\n<meta name=\"twitter:card\" content=\"summary_large_image\" \/>\n<!-- \/ Yoast SEO plugin. -->","yoast_head_json":{"title":"\u25b7 Grinder Good time for azul de 4 partes | Smoking Paper","description":"Descubre el Grinder Good time for azul de Smoking Paper para maria, polen, tabaco y lo que quieras picar. Descubre todos nuestros grinders.","robots":{"index":"index","follow":"follow","max-snippet":"max-snippet:-1","max-image-preview":"max-image-preview:large","max-video-preview":"max-video-preview:-1"},"canonical":"https:\/\/www.smokingpaper.com\/es\/producto\/grinder-azul-goodtimefor\/","og_locale":"es_ES","og_type":"article","og_title":"\u25b7 Grinder Good time for azul de 4 partes | Smoking Paper","og_description":"Descubre el Grinder Good time for azul de Smoking Paper para maria, polen, tabaco y lo que quieras picar. Descubre todos nuestros grinders.","og_url":"https:\/\/www.smokingpaper.com\/es\/producto\/grinder-azul-goodtimefor\/","og_site_name":"Smoking","article_modified_time":"2024-09-26T13:56:19+00:00","og_image":[{"width":1824,"height":2736,"url":"https:\/\/www.smokingpaper.com\/wp-content\/uploads\/2022\/05\/grinders-blue_goodtimefor_obert_tot-2.jpg","type":"image\/jpeg"}],"twitter_card":"summary_large_image","schema":{"@context":"https:\/\/schema.org","@graph":[{"@type":"BreadcrumbList","@id":"https:\/\/www.smokingpaper.com\/es\/producto\/grinder-azul-goodtimefor\/#breadcrumb","itemListElement":[{"@type":"ListItem","position":1,"name":"Home","item":"https:\/\/www.smokingpaper.com\/es\/"},{"@type":"ListItem","position":2,"name":"Productos","item":"https:\/\/www.smokingpaper.com\/es\/shop\/"},{"@type":"ListItem","position":3,"name":"Grinders","item":"https:\/\/www.smokingpaper.com\/es\/productos\/grinder\/"},{"@type":"ListItem","position":4,"name":"Grinder Azul Good time for"}]}]}},"_links":{"self":[{"href":"https:\/\/www.smokingpaper.com\/es\/wp-json\/wp\/v2\/product\/4637","targetHints":{"allow":["GET"]}}],"collection":[{"href":"https:\/\/www.smokingpaper.com\/es\/wp-json\/wp\/v2\/product"}],"about":[{"href":"https:\/\/www.smokingpaper.com\/es\/wp-json\/wp\/v2\/types\/product"}],"wp:featuredmedia":[{"embeddable":true,"href":"https:\/\/www.smokingpaper.com\/es\/wp-json\/wp\/v2\/media\/6255"}],"wp:attachment":[{"href":"https:\/\/www.smokingpaper.com\/es\/wp-json\/wp\/v2\/media?parent=4637"}],"wp:term":[{"taxonomy":"product_brand","embeddable":true,"href":"https:\/\/www.smokingpaper.com\/es\/wp-json\/wp\/v2\/product_brand?post=4637"},{"taxonomy":"product_cat","embeddable":true,"href":"https:\/\/www.smokingpaper.com\/es\/wp-json\/wp\/v2\/product_cat?post=4637"},{"taxonomy":"product_tag","embeddable":true,"href":"https:\/\/www.smokingpaper.com\/es\/wp-json\/wp\/v2\/product_tag?post=4637"}],"curies":[{"name":"wp","href":"https:\/\/api.w.org\/{rel}","templated":true}]}}